{"id":9525,"date":"2026-03-31T15:45:08","date_gmt":"2026-03-31T15:45:08","guid":{"rendered":"https:\/\/urbanmagia.com\/?post_type=product&#038;p=9525"},"modified":"2026-04-13T09:29:45","modified_gmt":"2026-04-13T09:29:45","slug":"pajak-kwietny-fioletowy","status":"publish","type":"product","link":"https:\/\/urbanmagia.com\/en\/product\/pajak-kwietny-fioletowy\/","title":{"rendered":"Paj\u0105k Kwietny fioletowy"},"content":{"rendered":"<p>Paj\u0105ki s\u0105 rodzajem pod\u0142a\u017anik\u00f3w czyli przestrzennej formy, kt\u00f3ra tradycyjnie wieszana by\u0142a na \u015brodku sufitu albo w wyj\u0105tkowym miejscu czyli tak zwanym \u015awi\u0119tym K\u0105cie \u2013 czyli domowym miejscu sakralnym. Dzi\u0119ki niemu widoczny by\u0142 podzia\u0142 przestrzeni mieszkalnej na codzienn\u0105 i od\u015bwi\u0119tn\u0105. Wykonywane by\u0142y z \u0142atwo dost\u0119pnych surowc\u00f3w takich jak s\u0142oma, patyki, groch, fasola, suche kwiaty, kawa\u0142ki tkanin, w\u0142\u00f3czka, pi\u00f3ra. Ich zadaniem by\u0142o chronienie domu przed z\u0142ymi duchami. S\u0105 symbolem dobrej wr\u00f3\u017cby, obfito\u015bci i szcz\u0119\u015bcia ale przede wszystkim mia\u0142y funkcj\u0119 ochronn\u0105. Dba\u0142y o domownik\u00f3w jak i o ca\u0142y dom i jego najbli\u017cszy obszar obejmuj\u0105c go ochronnym okr\u0119giem promieniuj\u0105cym ze \u015awi\u0119tego K\u0105ta.<\/p>\n<p>W Polsce istnia\u0142a niesamowita r\u00f3\u017cnorodno\u015b\u0107 form i kolor\u00f3w, kt\u00f3re r\u00f3\u017cni\u0142y si\u0119 w zale\u017cno\u015bci od regionu. Podobne konstrukcje, lecz o wiele mniej ozdobne\u00a0 wykonywane by\u0142y w niekt\u00f3rych krajach skandynawskich oraz Europy \u015brodkowo-wschodniej.<\/p>\n<p>Pochodzenie Paj\u0105k\u00f3w nie jest do ko\u0144ca jasne ale pewne jest to, \u017ce wywodz\u0105 si\u0119 z praktyk magicznych mieszka\u0144c\u00f3w wsi, kt\u00f3rzy \u017cyj\u0105c w rytmie natury w ten spos\u00f3b okazywali rado\u015b\u0107 z plon\u00f3w lub zaklinali rzeczywisto\u015b\u0107. Wsp\u00f3\u0142cze\u015bnie, wracaj\u0105c do zasady si\u0119gania po \u0142atwo dost\u0119pne surowce, Paj\u0105ki mog\u0105 by\u0107 wykonywane z przer\u00f3\u017cnych materia\u0142\u00f3w \u2013 mi\u0119dzy innymi z papierowych s\u0142omek. By mog\u0142y spe\u0142ni\u0107 swoj\u0105 rol\u0119 powinny by\u0107 wieszane w miejscu wa\u017cnym lub wyj\u0105tkowym dla mieszka\u0144c\u00f3w domu.<\/p>","protected":false},"excerpt":{"rendered":"<p>Paj\u0105k kwietny, obr\u0119czowy.<\/p>\n<p>Wykonany na przywo\u0142anie wiosny, kt\u00f3ra w tym roku jako\u015b si\u0119 oci\u0105ga.<\/p>\n<p>Ozdobiony jest r\u00f3\u017cami z krepiny- wz\u00f3r charakterystyczny dla r\u00f3\u017c kurpiowskich.<\/p>\n<p>Jest w kolorach delikatnego fioletu, r\u00f3\u017cu i bia\u0142ego.<\/p>\n<p>Zwie\u0144czony u g\u00f3ry i z do\u0142u r\u00f3\u017cami.<\/p>\n<p>Jak na niego patrz\u0119 to przychodz\u0105 mi na my\u015bl fili\u017canki porcelanowe i spokojne picie herbaty.<\/p>\n<p>A Tobie? Z czym si\u0119 kojarzy?<\/p>\n<p>&nbsp;<\/p>","protected":false},"featured_media":9528,"template":"","meta":[],"product_cat":[78],"product_tag":[73,75,109,111,110],"class_list":{"0":"post-9525","1":"product","2":"type-product","3":"status-publish","4":"has-post-thumbnail","6":"product_cat-pajaki","7":"product_tag-handmade","8":"product_tag-handmagic","9":"product_tag-pajak","10":"product_tag-podlazniczka","11":"product_tag-tradycyjny-pajak","13":"first","14":"onbackorder","15":"shipping-taxable","16":"purchasable","17":"product-type-simple"},"jetpack_sharing_enabled":true,"_links":{"self":[{"href":"https:\/\/urbanmagia.com\/en\/wp-json\/wp\/v2\/product\/9525","targetHints":{"allow":["GET"]}}],"collection":[{"href":"https:\/\/urbanmagia.com\/en\/wp-json\/wp\/v2\/product"}],"about":[{"href":"https:\/\/urbanmagia.com\/en\/wp-json\/wp\/v2\/types\/product"}],"wp:featuredmedia":[{"embeddable":true,"href":"https:\/\/urbanmagia.com\/en\/wp-json\/wp\/v2\/media\/9528"}],"wp:attachment":[{"href":"https:\/\/urbanmagia.com\/en\/wp-json\/wp\/v2\/media?parent=9525"}],"wp:term":[{"taxonomy":"product_cat","embeddable":true,"href":"https:\/\/urbanmagia.com\/en\/wp-json\/wp\/v2\/product_cat?post=9525"},{"taxonomy":"product_tag","embeddable":true,"href":"https:\/\/urbanmagia.com\/en\/wp-json\/wp\/v2\/product_tag?post=9525"}],"curies":[{"name":"wp","href":"https:\/\/api.w.org\/{rel}","templated":true}]}}