{"id":9505,"date":"2026-03-22T20:31:40","date_gmt":"2026-03-22T20:31:40","guid":{"rendered":"https:\/\/urbanmagia.com\/?post_type=product&#038;p=9505"},"modified":"2026-04-17T11:48:21","modified_gmt":"2026-04-17T11:48:21","slug":"nietoperzynka","status":"publish","type":"product","link":"https:\/\/urbanmagia.com\/en\/product\/nietoperzynka\/","title":{"rendered":"Nietoperzynka- Totemiczna Lalka Mocy Odrodzenia"},"content":{"rendered":"<p><strong>W jakich sytuacjach Nietoperzynka mo\u017ce by\u0107 pomocna?<\/strong><\/p>\n<p>Na pewno wsz\u0119dzie tam, gdzie do dalszego dobrostanu potrzebne jest po\u017cegnanie starej to\u017csamo\u015bci czy pe\u0142nionej funkcji. Mo\u017ce to by\u0107 po\u017cegnanie d\u0142ugo wykonywanego zawodu, dawnego sposobu \u017cycia czy pe\u0142nionej roli w rodzinie czy spo\u0142ecze\u0144stwie. Pomo\u017ce w przeprowadzce z miasta na wie\u015b lub na odwr\u00f3t lub w emigracji. B\u0119dzie pomocna wsz\u0119dzie tam, gdzie potrzebne s\u0105 nowe wzorce dzia\u0142ania.<\/p>\n<p>Jakakolwiek radykalna zmiana czeka na Ciebie tu\u017c za progiem, Nietoperzynka wesprze Ci\u0119 w procesie Rytualnej \u015amierci i Ponownego Odrodzenia. B\u0119dzie Ci\u0119 zach\u0119ca\u0107 do wyczulenia zmys\u0142\u00f3w na to, co umyka\u0142o dot\u0105d twojej uwadze. U\u0142atwi ci odnalezienie nowych \u015bcie\u017cek, pomys\u0142\u00f3w i sposob\u00f3w na dzia\u0142anie. Zaprosi do czucia \u015bwiata wszystkimi zmys\u0142ami i zajrzenia pod podszewk\u0119 codzienno\u015bci. Wszystko po to, by to nowe, co odkrywasz, by\u0142o tworzone z innego ni\u017c dot\u0105d wzoru.<br \/>\nJeste\u015b gotowa na zmian\u0119?<\/p>","protected":false},"excerpt":{"rendered":"<p>Nietoperzynka &#8211; Totemiczna Lalka Mocy Odrodzenia<\/p>\n<p>Nietoperzynka to Lalka Totemiczna, kt\u00f3ra charakteryzuje si\u0119 czarnym obliczem, par\u0105 delikatnych skrzyde\u0142 i futrzastych uszu. Ta niewielkich rozmiar\u00f3w motanka przywo\u0142uje symboliczne jako\u015bci zwierz\u0119cia mocy jakim jest Nietoperz. W kulturach tradycyjnych ten lataj\u0105cy ssak, jako towarzysz szaman\u00f3w i wied\u017am, by\u0142 ich pomocnikiem w procesach transformacyjnych. Zadaniem tej totemicznej motanki jest wsparcie nas na drodze gruntownych zmian, radykalnego po\u017cegnania nies\u0142u\u017c\u0105cych ju\u017c nam nawyk\u00f3w i odrodzenia si\u0119 do nowego wraz z now\u0105 wra\u017cliwo\u015bci\u0105 i mo\u017cliwo\u015bciami.<\/p>\n<p>Nietoperzynka, tak jak wisz\u0105cy do g\u00f3ry nogami nietoperz, zach\u0119ca nas do zmiany perspektywy z kt\u00f3rej patrzymy na nasze \u017cycie. Zaprasza nas r\u00f3wnie\u017c do wi\u0119kszego zaufania zmys\u0142om, a przede wszystkim czuciu. Jako, \u017ce inspiracj\u0105 do jej wykonania jest nocne zwierz\u0119 pos\u0142uguj\u0105ce si\u0119 echolokacj\u0105, Nietoperzynka przypomina nam r\u00f3wnie\u017c, \u017ce nie wszystko, co jest wa\u017cne i istotne, jest widoczne \u201ego\u0142ym okiem\u201d w dziennym \u015bwietle. Czasami wa\u017cne jest te\u017c zanurzenie si\u0119 w cisz\u0119 i ciemno\u015b\u0107.<\/p>","protected":false},"featured_media":9507,"template":"","meta":[],"product_cat":[87,81],"product_tag":[73,75,69,98,95,74,107,106,104,71,99,135,105,72,96],"class_list":{"0":"post-9505","1":"product","2":"type-product","3":"status-publish","4":"has-post-thumbnail","6":"product_cat-nietoperzynka","7":"product_cat-totemiczne-lalki-mocy","8":"product_tag-handmade","9":"product_tag-handmagic","10":"product_tag-lalka-intuicji","11":"product_tag-lalka-mocy","12":"product_tag-lalki-mocy","13":"product_tag-lalkimotanki","14":"product_tag-magic-doll","15":"product_tag-magic-dolls","16":"product_tag-magicdolls","17":"product_tag-motaka","18":"product_tag-motanka","19":"product_tag-nietoperzynka","20":"product_tag-slavic-doll","21":"product_tag-slavicdolls","22":"product_tag-totemiczna-lalka-mocy","24":"first","25":"instock","26":"shipping-taxable","27":"purchasable","28":"product-type-simple"},"jetpack_sharing_enabled":true,"_links":{"self":[{"href":"https:\/\/urbanmagia.com\/en\/wp-json\/wp\/v2\/product\/9505","targetHints":{"allow":["GET"]}}],"collection":[{"href":"https:\/\/urbanmagia.com\/en\/wp-json\/wp\/v2\/product"}],"about":[{"href":"https:\/\/urbanmagia.com\/en\/wp-json\/wp\/v2\/types\/product"}],"wp:featuredmedia":[{"embeddable":true,"href":"https:\/\/urbanmagia.com\/en\/wp-json\/wp\/v2\/media\/9507"}],"wp:attachment":[{"href":"https:\/\/urbanmagia.com\/en\/wp-json\/wp\/v2\/media?parent=9505"}],"wp:term":[{"taxonomy":"product_cat","embeddable":true,"href":"https:\/\/urbanmagia.com\/en\/wp-json\/wp\/v2\/product_cat?post=9505"},{"taxonomy":"product_tag","embeddable":true,"href":"https:\/\/urbanmagia.com\/en\/wp-json\/wp\/v2\/product_tag?post=9505"}],"curies":[{"name":"wp","href":"https:\/\/api.w.org\/{rel}","templated":true}]}}