{"id":9498,"date":"2026-03-22T19:49:16","date_gmt":"2026-03-22T19:49:16","guid":{"rendered":"https:\/\/urbanmagia.com\/?post_type=product&#038;p=9498"},"modified":"2026-04-17T11:37:18","modified_gmt":"2026-04-17T11:37:18","slug":"nowinka-swietlisty-nowy-poczatek","status":"publish","type":"product","link":"https:\/\/urbanmagia.com\/en\/product\/nowinka-swietlisty-nowy-poczatek\/","title":{"rendered":"Nowinka &#8211; \u015awietlisty Nowy Pocz\u0105tek"},"content":{"rendered":"<p><strong>Dla kogo jest Nowinka?<\/strong><br \/>\nTa \u015bwietlista Lalka Nowego Pocz\u0105tku wie i docenia, \u017ce przesz\u0142a\u015b d\u0142ug\u0105 drog\u0119 i masz za sob\u0105 wiele do\u015bwiadcze\u0144. Jednocze\u015bnie zach\u0119ca, by\u015b popatrzy\u0142a na \u015bwiat, tak jakby\u015b widzia\u0142a go po raz pierwszy- bez \u017calu, melancholii, uprzedze\u0144 czy obaw. Z czystym sercem, bo pocz\u0105tek jest tu i teraz, bez czekania na nowy rok, n\u00f3w, pe\u0142ni\u0119, urodziny czy poniedzia\u0142ek. Zebra\u0142a\u015b ju\u017c wystarczaj\u0105co du\u017co plon\u00f3w z wielu lat -mo\u017cemy i\u015b\u0107 dalej.<\/p>\n<p>\u201eTime is now\u201d \u2013 nuci cichutko Nowinka, kr\u0119c\u0105c si\u0119 tanecznie.<br \/>\nOna wie, \u017ce w ka\u017cdej chwili mo\u017cna wsta\u0107, otrzepa\u0107 kurz z sukienki i zrobi\u0107 pierwszy krok. A potem nast\u0119pny. I nast\u0119pny.<br \/>\nJak wygl\u0105da?<\/p>\n<p>Nowinka ca\u0142a zamotana jest z surowego lnu oraz bia\u0142ych nici i jasnych koronek. Jej nogi s\u0105 gotowe do ta\u0144czenia Ta\u0144ca \u017bycia, a wysoko wyci\u0105gni\u0119te mocne ramiona trzymaj\u0105 kierunki \u015bwiata, by ona sama mog\u0142a si\u0119 zatraci\u0107 w wirowaniu. Ma w sobie troch\u0119 \u0142ab\u0119dziego puchu i\u00a0 delikatno\u015b\u0107 skrzyde\u0142 \u0107my.\u00a0 Na pierwszy rzut oka wida\u0107 w niej ufno\u015b\u0107 ma\u0142ego dziecka i energi\u0119 podrywaj\u0105cego si\u0119 do lotu ptaka. Jest pe\u0142na ekscytacji jak pierwsze strony nowego notesu i rado\u015b\u0107 wiosennego ogrodu po deszczu. T\u0119tni wewn\u0119trznym blaskiem,\u00a0m\u00f3wi\u0105c: Jestem Nowym Pocz\u0105tkiem.<\/p>","protected":false},"excerpt":{"rendered":"<p><strong>Nowinka- Lalka Nowego Pocz\u0105tku<\/strong><br \/>\nNowinka to totemiczna Lalka Nowego Pocz\u0105tku, kt\u00f3ra pojawia si\u0119 wtedy, gdy decydujesz si\u0119 zacz\u0105\u0107 co\u015b na nowo, z energi\u0105 podobn\u0105 do narodzin. Tej \u015bwietlistej Lalki Mocy nie da si\u0119 ukry\u0107, gdy\u017c jej blask zrodzony o \u015bwicie, zwraca oczy wszystkich dooko\u0142a. Ma ona dla nas propozycj\u0119 nie do odrzucenia- nie ci\u0105gnijmy ju\u017c nic starego za sob\u0105, tylko tanecznym krokiem zacznijmy nowe.<br \/>\nJak Ci to brzmi?<\/p>","protected":false},"featured_media":9500,"template":"","meta":[],"product_cat":[91,81],"product_tag":[73,75,95,74,99,105,72,100,96],"class_list":{"0":"post-9498","1":"product","2":"type-product","3":"status-publish","4":"has-post-thumbnail","6":"product_cat-nowinka","7":"product_cat-totemiczne-lalki-mocy","8":"product_tag-handmade","9":"product_tag-handmagic","10":"product_tag-lalki-mocy","11":"product_tag-lalkimotanki","12":"product_tag-motanka","13":"product_tag-slavic-doll","14":"product_tag-slavicdolls","15":"product_tag-slowianska-lalka-mocy","16":"product_tag-totemiczna-lalka-mocy","18":"first","19":"instock","20":"shipping-taxable","21":"purchasable","22":"product-type-simple"},"jetpack_sharing_enabled":true,"_links":{"self":[{"href":"https:\/\/urbanmagia.com\/en\/wp-json\/wp\/v2\/product\/9498","targetHints":{"allow":["GET"]}}],"collection":[{"href":"https:\/\/urbanmagia.com\/en\/wp-json\/wp\/v2\/product"}],"about":[{"href":"https:\/\/urbanmagia.com\/en\/wp-json\/wp\/v2\/types\/product"}],"wp:featuredmedia":[{"embeddable":true,"href":"https:\/\/urbanmagia.com\/en\/wp-json\/wp\/v2\/media\/9500"}],"wp:attachment":[{"href":"https:\/\/urbanmagia.com\/en\/wp-json\/wp\/v2\/media?parent=9498"}],"wp:term":[{"taxonomy":"product_cat","embeddable":true,"href":"https:\/\/urbanmagia.com\/en\/wp-json\/wp\/v2\/product_cat?post=9498"},{"taxonomy":"product_tag","embeddable":true,"href":"https:\/\/urbanmagia.com\/en\/wp-json\/wp\/v2\/product_tag?post=9498"}],"curies":[{"name":"wp","href":"https:\/\/api.w.org\/{rel}","templated":true}]}}