{"id":9470,"date":"2026-03-13T11:31:11","date_gmt":"2026-03-13T11:31:11","guid":{"rendered":"https:\/\/urbanmagia.com\/?post_type=product&#038;p=9470"},"modified":"2026-04-17T11:37:30","modified_gmt":"2026-04-17T11:37:30","slug":"nierozlaczki-lalki-milosci-dla-par","status":"publish","type":"product","link":"https:\/\/urbanmagia.com\/en\/product\/nierozlaczki-lalki-milosci-dla-par\/","title":{"rendered":"Nieroz\u0142\u0105czki \u2013 Lalki mi\u0142o\u015bci dla par"},"content":{"rendered":"<p>Symbolicznie Nieroz\u0142\u0105czki mo\u017cna zapisa\u0107 w\u00a0r\u00f3wnaniu matematycznym jako:<\/p>\n<p>(1 + 1) &gt; 2.<\/p>\n<p>Nieroz\u0142\u0105czki powo\u0142uj\u0119 na\u00a0zam\u00f3wienie dla konkretnej pary.<\/p>\n<p>Chcesz zam\u00f3wi\u0107? Napisz do\u00a0mnie lub wype\u0142nij \u00a0<a href=\"https:\/\/a20djbly8kk.typeform.com\/to\/brAXFRGd\" target=\"_blank\" rel=\"noopener\">Pomocnik Intencji.<\/a><\/p>","protected":false},"excerpt":{"rendered":"<p>Nieroz\u0142\u0105czki przychodz\u0105 w dniu, gdy para po\u0142\u0105czona mi\u0142o\u015bci\u0105 staje si\u0119 dw\u00f3jni\u0105 nieroz\u0142\u0105cznie p\u0142yn\u0105c\u0105 przez \u017cycie. Nios\u0105 ze sob\u0105 intencj\u0119 wsp\u00f3lnego kierunku i wspierania si\u0119 we wsp\u00f3lnych d\u0105\u017ceniach, pod\u0142\u0105czenia pod jedno \u017ar\u00f3d\u0142o. Nieroz\u0142\u0105czki wskazuj\u0105 indywidualny charakter ka\u017cdej z os\u00f3b w parze oraz jednocze\u015bnie ich r\u00f3wne relacje. Nieroz\u0142\u0105czki s\u0105 niepowtarzalne. To dwie postacie o cechach charakterystycznych dla danej pary z\u0142\u0105czone jedn\u0105 ga\u0142\u0105zk\u0105, kt\u00f3ra jest symbolem mocy i delikatno\u015bci ich relacji.<\/p>\n<div class=\"elementor-column elementor-col-50 elementor-top-column elementor-element elementor-element-56ff1c6\" data-id=\"56ff1c6\" data-element_type=\"column\">\n<div class=\"elementor-widget-wrap elementor-element-populated\">\n<div class=\"elementor-element elementor-element-98293cf elementor-widget elementor-widget-text-editor\" data-id=\"98293cf\" data-element_type=\"widget\" data-widget_type=\"text-editor.default\">\n<div class=\"elementor-widget-container\">\n<p><strong>Kiedy najlepiej si\u0119gn\u0105\u0107 po Nieroz\u0142\u0105czk\u0119?<\/strong><\/p>\n<p>Nieroz\u0142\u0105czki mog\u0105 jako podarunek dope\u0142nia\u0107 \u015blub humanistyczny, s\u0142owia\u0144ski, tradycyjny, ko\u015bcielny czy cywilny. Odnajd\u0105 si\u0119 w ka\u017cdej odmianie obrz\u0119du, bo reprezentuj\u0105 dwoje ludzi oraz ich decyzj\u0119, nie narzucaj\u0105c formy ich w\u0142\u0105czenia w do\u015bwiadczenie.<\/p>\n<div class=\"elementor-element elementor-element-91df66f elementor-widget elementor-widget-text-editor\" data-id=\"91df66f\" data-element_type=\"widget\" data-widget_type=\"text-editor.default\">\n<div class=\"elementor-widget-container\">\n<p>Nieroz\u0142\u0105czki dawane s\u0105 r\u00f3wnie\u017c w prezencie z okazji odnowienia \u015blub\u00f3w lub rocznicy \u015blubu. S\u0105 powo\u0142ywane na \u017cyczenie go\u015bci wydarzenia, b\u0105d\u017a samej pary.<\/p>\n<\/div>\n<\/div>\n<\/div>\n<\/div>\n<\/div>\n<\/div>","protected":false},"featured_media":9474,"template":"","meta":[],"product_cat":[83,67],"product_tag":[73,75,133,95,74,107,106,104,134,99,132,105,72,100,101],"class_list":{"0":"post-9470","1":"product","2":"type-product","3":"status-publish","4":"has-post-thumbnail","6":"product_cat-nierozlaczki","7":"product_cat-slowianskie-lalki-mocy","8":"product_tag-handmade","9":"product_tag-handmagic","10":"product_tag-lalka-mocy-dla-par","11":"product_tag-lalki-mocy","12":"product_tag-lalkimotanki","13":"product_tag-magic-doll","14":"product_tag-magic-dolls","15":"product_tag-magicdolls","16":"product_tag-milosna-motanka","17":"product_tag-motanka","18":"product_tag-nierozlaczki","19":"product_tag-slavic-doll","20":"product_tag-slavicdolls","21":"product_tag-slowianska-lalka-mocy","22":"product_tag-slowianska-motanka","24":"first","25":"instock","26":"shipping-taxable","27":"purchasable","28":"product-type-simple"},"jetpack_sharing_enabled":true,"_links":{"self":[{"href":"https:\/\/urbanmagia.com\/en\/wp-json\/wp\/v2\/product\/9470","targetHints":{"allow":["GET"]}}],"collection":[{"href":"https:\/\/urbanmagia.com\/en\/wp-json\/wp\/v2\/product"}],"about":[{"href":"https:\/\/urbanmagia.com\/en\/wp-json\/wp\/v2\/types\/product"}],"wp:featuredmedia":[{"embeddable":true,"href":"https:\/\/urbanmagia.com\/en\/wp-json\/wp\/v2\/media\/9474"}],"wp:attachment":[{"href":"https:\/\/urbanmagia.com\/en\/wp-json\/wp\/v2\/media?parent=9470"}],"wp:term":[{"taxonomy":"product_cat","embeddable":true,"href":"https:\/\/urbanmagia.com\/en\/wp-json\/wp\/v2\/product_cat?post=9470"},{"taxonomy":"product_tag","embeddable":true,"href":"https:\/\/urbanmagia.com\/en\/wp-json\/wp\/v2\/product_tag?post=9470"}],"curies":[{"name":"wp","href":"https:\/\/api.w.org\/{rel}","templated":true}]}}