{"id":9251,"date":"2026-01-15T13:58:34","date_gmt":"2026-01-15T13:58:34","guid":{"rendered":"https:\/\/urbanmagia.com\/?post_type=product&#038;p=9251"},"modified":"2026-01-15T14:08:51","modified_gmt":"2026-01-15T14:08:51","slug":"zadanica-miedzianka-strazniczka-marzen-kopia","status":"publish","type":"product","link":"https:\/\/urbanmagia.com\/en\/product\/zadanica-miedzianka-strazniczka-marzen-kopia\/","title":{"rendered":"\u017badanica Miedzianka &#8211; Stra\u017cniczka Marze\u0144"},"content":{"rendered":"<p><span style=\"font-weight: 400;\">\u017bADANICA \u2013 STRA\u017bNICZKA MARZE\u0143<\/span><\/p>\n<p><span style=\"font-weight: 400;\">Nazwa \u017badanica pochodzi od bia\u0142oruskiego s\u0142owa\u202f\u017cadanie\u202f[\u0436\u0430\u0434\u0430\u043d\u043d\u0435] czyli \u017cyczenie. \u017badanica jako stra\u017cniczka marze\u0144, zaczyna dzia\u0142a\u0107 ju\u017c od momentu, w kt\u00f3rym decydujemy si\u0119 j\u0105 zaprosi\u0107 do naszego \u017cycia. W chwili, kiedy staramy si\u0119 precyzyjnie nazwa\u0107 to,<\/span><\/p>\n<p><span style=\"font-weight: 400;\">czego pragniemy, zaczynamy otwiera\u0107 si\u0119 na spe\u0142nienie i nowe mo\u017cliwo\u015bci.<\/span><\/p>\n<p><span style=\"font-weight: 400;\">Bo \u017badanica, \u017ceby mog\u0142a pom\u00f3c w realizacji marze\u0144, potrzebuje konkretnych wskaz\u00f3wek,<\/span><\/p>\n<p><span style=\"font-weight: 400;\">a nie og\u00f3lnych frazes\u00f3w. Wypowiedziane \u017cyczenie powinno by\u0107 konkretne i takie, kt\u00f3rego spe\u0142nienie da si\u0119 zmierzy\u0107, uchwyci\u0107 czy do\u015bwiadczy\u0107. <\/span><span style=\"font-weight: 400;\">\u017badanica, \u017ceby mog\u0142a zacz\u0105\u0107 dzia\u0142a\u0107, potrzebuje nie tylko jasno sprecyzowanego marzenia,<\/span><\/p>\n<p><span style=\"font-weight: 400;\">ale te\u017c prezentu danego w momencie wypowiadania marzenia. Mo\u017ce to by\u0107 koralik, wst\u0105\u017cka, guziczek lub co\u015b innego co dasz w ge\u015bcie zaufania, \u017ce zatroszczysz si\u0119 o Twoje marzenia<\/span><\/p>","protected":false},"excerpt":{"rendered":"<p><span style=\"font-weight: 400;\">~MIEDZIANKA~<\/span><\/p>\n<p><span style=\"font-weight: 400;\">Kochana, opowiesz mi co\u015b o sobie?- spyta\u0142am Miedziank\u0119. Siedzia\u0142a przy d\u0142ugim, drewnianym stole i pi\u0142a gor\u0105c\u0105 czekolad\u0119 z prostego, glinianego kubka. Wygl\u0105da\u0142a jednocze\u015bnie jak ze skansenu i z ok\u0142adki modnego magazynu modowego. Jej ubranie i ca\u0142a ona, mieni\u0142a si\u0119 kolorem dojrza\u0142ego kasztana, kt\u00f3ry dopiero co wy\u0142uskany zosta\u0142 z grubej, zielonej skorupy.\u00a0<\/span><\/p>\n<p><span style=\"font-weight: 400;\">Hmmm- zamrucza\u0142a z lekkim u\u015bmiechem. Nie wiem, od czego zacz\u0105\u0107.\u00a0<\/span><\/p>\n<p><span style=\"font-weight: 400;\">Mo\u017ce od tego, \u017ce wybieram prostot\u0119?\u00a0<\/span><\/p>\n<p><span style=\"font-weight: 400;\">To znaczy?- dopyta\u0142am nie mog\u0105c oderwa\u0107 wzroku od niej miedzianej kasztanowo\u015bci. Mia\u0142am wra\u017cenie, \u017ce ca\u0142\u0105 j\u0105 otacza miedziana mgie\u0142ka.\u00a0\u00a0<\/span><\/p>\n<p><span style=\"font-weight: 400;\">No to znaczy, mniej wi\u0119cej, \u017ce nie szukam fajerwerk\u00f3w i wielkich wzrusze\u0144. Zbieram okruszki codzienno\u015bci i nimi si\u0119 ciesz\u0119. Czuj\u0119 rado\u015b\u0107, jak wracam do domu, a m\u00f3j kot grucha po kociemu na m\u00f3j widok. Wzrusza mnie, kiedy patrz\u0119 na to samo drzewo i t\u0119 sam\u0105 rzek\u0119 pod domem, kt\u00f3re codziennie inaczej wygl\u0105daj\u0105. \u017be najbardziej smakuje mi domowa szarlotka i patrzenie codziennie w te same oczy ukochanej osoby.\u00a0<\/span><\/p>\n<p><span style=\"font-weight: 400;\">Bo wiesz, ja jestem z miedzi, nie ze z\u0142ota czy diamentu.\u00a0<\/span><\/p>\n<p><span style=\"font-weight: 400;\">M\u00f3j sekret to prostota.\u00a0<\/span><\/p>\n<p><span style=\"font-weight: 400;\">\u2026\u2026\u2026\u2026\u2026.<\/span><\/p>\n<p><span style=\"font-weight: 400;\">Tak wi\u0119c tymi prostymi s\u0142owami, Miedzianka ch\u0119tnie Ci\u0119 wesprze w odnalezieniu rado\u015bci w tym co jest i jak jest. I b\u0119dzie najszcz\u0119\u015bliwsza gdy b\u0119dzie mog\u0142a spe\u0142ni\u0107 Twoje proste marzenie.\u00a0<\/span><\/p>","protected":false},"featured_media":9253,"template":"","meta":[],"product_cat":[77],"product_tag":[],"class_list":{"0":"post-9251","1":"product","2":"type-product","3":"status-publish","4":"has-post-thumbnail","6":"product_cat-zadanica","8":"first","9":"instock","10":"shipping-taxable","11":"purchasable","12":"product-type-simple"},"jetpack_sharing_enabled":true,"_links":{"self":[{"href":"https:\/\/urbanmagia.com\/en\/wp-json\/wp\/v2\/product\/9251","targetHints":{"allow":["GET"]}}],"collection":[{"href":"https:\/\/urbanmagia.com\/en\/wp-json\/wp\/v2\/product"}],"about":[{"href":"https:\/\/urbanmagia.com\/en\/wp-json\/wp\/v2\/types\/product"}],"wp:featuredmedia":[{"embeddable":true,"href":"https:\/\/urbanmagia.com\/en\/wp-json\/wp\/v2\/media\/9253"}],"wp:attachment":[{"href":"https:\/\/urbanmagia.com\/en\/wp-json\/wp\/v2\/media?parent=9251"}],"wp:term":[{"taxonomy":"product_cat","embeddable":true,"href":"https:\/\/urbanmagia.com\/en\/wp-json\/wp\/v2\/product_cat?post=9251"},{"taxonomy":"product_tag","embeddable":true,"href":"https:\/\/urbanmagia.com\/en\/wp-json\/wp\/v2\/product_tag?post=9251"}],"curies":[{"name":"wp","href":"https:\/\/api.w.org\/{rel}","templated":true}]}}