{"id":8944,"date":"2025-12-07T21:23:44","date_gmt":"2025-12-07T21:23:44","guid":{"rendered":"https:\/\/urbanmagia.com\/?post_type=product&#038;p=8944"},"modified":"2026-04-07T00:07:46","modified_gmt":"2026-04-07T00:07:46","slug":"pajaki-dla-zielonych-i-nie-tylko-on-line","status":"publish","type":"product","link":"https:\/\/urbanmagia.com\/en\/product\/pajaki-dla-zielonych-i-nie-tylko-on-line\/","title":{"rendered":"PAJ\u0104KI KWIETNE dla ZIELONYCH i nie tylko. ON LINE"},"content":{"rendered":"<div>\n<div>\n<p>Paj\u0105ki s\u0105 przyk\u0142adem plastyki obrz\u0119dowej*. Spos\u00f3b ich wykonania, u\u017cyte materia\u0142y oraz czas przeznaczony na ich tworzenie, mia\u0142y znaczenie symboliczne. Ich tw\u00f3rczynie nie zostawi\u0142y po sobie opis\u00f3w, z kt\u00f3rych mogliby\u015bmy si\u0119 dowiedzie\u0107 wi\u0119cej ni\u017c samo to, co zachowane w sposobie ich wykonywania: \u017ce przybieraj\u0105 przer\u00f3\u017cne kszta\u0142ty, \u017ce wiesza si\u0119 je w miejscach nieprzypadkowych, \u017ce tworz\u0105c je, nadaje si\u0119 im rol\u0119 o wiele g\u0142\u0119bsz\u0105 ni\u017c tylko ozdobn\u0105. Pewne jest, \u017ce by\u0142y cz\u0119\u015bci\u0105 tradycji przekazywanej bezpo\u015brednio, wi\u0119c najwi\u0119cej o nich mo\u017cemy si\u0119 dowiedzie\u0107 przez obcowanie z samymi paj\u0105kami- wykonywanie i wieszanie ich we w\u0142asnych domach.<\/p>\n<p><span style=\"font-weight: 400;\">Paj\u0105k to lekka, misterna i bardzo delikatna konstrukcja wykonywana z \u0142atwo dost\u0119pnych materia\u0142\u00f3w, takich jak: s\u0142oma, wiklina, trzcina, groch, p\u0142\u00f3tno, pi\u00f3ra, czy w\u0142\u00f3czka. Z czasem pojawi\u0142y si\u0119 kolorowe bibu\u0142y i papier. Materia\u0142y, z kt\u00f3rych tradycyjnie by\u0142y wykonane, zale\u017ca\u0142y od ich regionalnej dost\u0119pno\u015bci. Same paj\u0105ki raczej nie s\u0142u\u017cy\u0142y podkre\u015bleniu materialnego statusu, gdy\u017c ka\u017cdy mia\u0142 dost\u0119p do potrzebnych materia\u0142\u00f3w. To, co mo\u017cna by\u0142o konkurowa\u0107 to o zachwyt innych-\u00a0 tw\u00f3rczynie prze\u015bciga\u0142y si\u0119 w misterno\u015bci i wielko\u015bci konstrukcji. To, co mo\u017cna uzna\u0107 za uniwersalne we wszystkich paj\u0105kach to fakt, \u017ce podwieszone pod sufitem kr\u0119c\u0105 si\u0119 delikatnie od ruchu powietrza. Drug\u0105 cech\u0105 jest to, \u017ce z ka\u017cdej strony wygl\u0105daj\u0105 podobnie, a poszczeg\u00f3lne elementy paj\u0105ka powtarzaj\u0105 si\u0119, przypominaj\u0105c swoj\u0105 struktur\u0105 fraktal. Trzeci\u0105, \u017ce powstaj\u0105 z og\u00f3lnie dost\u0119pnych materia\u0142\u00f3w.<\/span><\/p>\n<\/div>\n<div>\n<h6><span style=\"font-weight: 400;\">*Plastyka Obrz\u0119dowa to przedmioty, kt\u00f3rych znaczenie wykracza poza funkcj\u0119 dekoracyjn\u0105. Wykonywane s\u0105 w spos\u00f3b \u015bci\u015ble okre\u015blony tradycj\u0105 lub zwyczajem. Zazwyczaj zwi\u0105zane s\u0105 z rytua\u0142em lub obrz\u0119dem, nieroz\u0142\u0105cznie zwi\u0105zane s\u0105 z ludowymi \u015bwi\u0119tami. Najwi\u0119cej dzie\u0142 plastyki obrz\u0119dowej jest zwi\u0105zanych z cyklem agrarnym, zw\u0142aszcza z wiosn\u0105 i zim\u0105 oraz cyklem \u017cycia cz\u0142owieka- narodziny, \u015blub, pogrzeb.\u00a0<\/span><\/h6>\n<\/div>\n<div><\/div>\n<\/div>\n<div><\/div>","protected":false},"excerpt":{"rendered":"<div>\n<div>\n<div>\n<div><strong>Zaraz po maj\u00f3wce<\/strong> spotykamy si\u0119 na <strong>warsztatach paj\u0105k\u00f3w obr\u0119czowych online.\u00a0<\/strong><\/div>\n<div>To <strong>warsztaty<\/strong> s\u0105 z my\u015bl\u0105 o tych, co\u00a0<strong>dopiero zaczynaj\u0105 swoj\u0105 przygod\u0119 z paj\u0105kami<\/strong>.<\/div>\n<div>B\u0119dzie <strong>powoli, po kolei<\/strong>.<\/div>\n<div><strong>Powiem, jak przygotowa\u0107 s\u0142omki<\/strong>. O <strong>rodzajach bibu\u0142<\/strong> i r\u00f3\u017cnych <strong>formach ozd\u00f3b do paj\u0105k\u00f3w<\/strong>.<\/div>\n<div>Opowiem podczas spotka\u0144 o <strong>r\u00f3\u017cnych formach paj\u0105k\u00f3w w Polsce<\/strong> i w innych krajach. Wyt\u0142umacz\u0119,\u00a0<strong>gdzie je wieszano<\/strong> i jak wsp\u00f3\u0142cze\u015bnie <strong>znale\u017a\u0107 to miejsce w swoim domu<\/strong>.<\/div>\n<div><strong>Wszystko, co potrzebne do wykonania paj\u0105ka wysy\u0142am<\/strong>.<\/div>\n<div>W <strong>Polsce i za granic\u0119<\/strong>.<\/div>\n<div>Nie mo\u017cesz by\u0107 na \u017cywo? <strong>Spotkania s\u0105 nagrywane<\/strong>.<\/div>\n<div>To co?<\/div>\n<div>Wskakujesz?<\/div>\n<\/div>\n<div><\/div>\n<\/div>\n<div><\/div>\n<div>\n<div><strong>Podczas warsztat\u00f3w<\/strong> :<\/div>\n<div>\n<div>-&gt; Wykonasz <strong>paj\u0105ka obr\u0119czowego\u00a0<\/strong><\/div>\n<div>-&gt; Poka\u017c\u0119 Ci jak <strong>przygotowa\u0107 materia\u0142y<\/strong> do pracy do nast\u0119pnych<strong>\u00a0paj\u0105k\u00f3w<\/strong><\/div>\n<div>-&gt; Naucz\u0119 <strong>\u0142\u0105czy\u0107<\/strong> poszczeg\u00f3lne <strong>elementy<\/strong> konktrucji w ca\u0142o\u015b\u0107<\/div>\n<div>-&gt; Podziel\u0119 si\u0119 <strong>patentami na ozdabianie<\/strong>.<\/div>\n<div>-&gt; Dowiesz si\u0119 o <strong>innych formach paj\u0105k\u00f3w<\/strong><br \/>\n-&gt; Opowiem Ci o r\u00f3\u017cnych <strong>koncepcjach na temat symboliki paj\u0105k\u00f3w<\/strong> oraz pokrewnych obiekt\u00f3w z kr\u0119gu domowej magii ochronnej.<\/div>\n<\/div>\n<div><b>\u00a0***********<\/b><\/div>\n<div>~Warsztaty s\u0105 przeznaczone <strong>dla doros\u0142ych<\/strong><b><\/b><\/div>\n<div>~ &#8220;<strong>Zielonymi&#8221;<\/strong> nazywam tych, co jeszcze nie zrobili w swoim \u017cyciu \u017cadnego paj\u0105ka<\/div>\n<div>albo maj\u0105 ju\u017c za sob\u0105 piersz\u0105 pr\u00f3b\u0119 ale innego typu.<\/div>\n<div>\n<div>~ <strong>Materia\u0142y<\/strong> potrzebne do wykonania paj\u0105ka <strong>wysy\u0142am wcze\u015bniej Inpostem <\/strong>( za granic\u0119 -&gt; Poczt\u0105 Polsk\u0105\/ Globalem)<\/div>\n<div>~ Wysy\u0142am <strong>w Polsce<\/strong> i <strong>za granic\u0119<\/strong><\/div>\n<div>~ <strong>Spotkania s\u0105 nagrywane<\/strong> a do nagra\u0144 jest dost\u0119p przez rok.<\/div>\n<div>-&gt; Sko\u0144czysz kurs z <strong>gotowym paj\u0105kiem<\/strong> oraz apetypem na jeszcze \ud83d\ude42<\/div>\n<div><b>\u00a0&#8212;&#8212;&#8212;&#8212;&#8212;&#8212;&#8212;&#8212;&#8212;&#8212;&#8212;-<\/b><b><br \/>\n<\/b><strong>Daty i\u00a0 ceny<\/strong><br \/>\n-&gt; data: <b>14\/21\/28 marca, czwartki\u00a0<\/b><\/div>\n<\/div>\n<div>-&gt; godzina: <strong>18:00 ~ 20:00\u00a0<\/strong><\/div>\n<div>-&gt; miejsce: <b>online &#8211; platforma zoom\u00a0<\/b><\/div>\n<\/div>\n<\/div>\n<div>-&gt; cena: <strong>345 *z\u0142+ koszty wysy\u0142ki<\/strong><\/div>\n<div><strong>przy zapisie do 6 kwietnia -&gt; 315 z\u0142\u00a0<\/strong><\/div>\n<div>&#8230;&#8230;&#8230;&#8230;&#8230;&#8230;&#8230;&#8230;&#8230;&#8230;&#8230;&#8230;&#8230;&#8230;&#8230;&#8230;&#8230;&#8230;&#8230;&#8230;&#8230;&#8230;&#8230;&#8230;&#8230;<\/div>\n<div>Je\u015bli zale\u017cy Ci na konkretnych kolorach, napisz o tym w komentarzu zam\u00f3wienia.<\/div>\n<div><\/div>\n<div><\/div>\n<div><\/div>\n<div><\/div>","protected":false},"featured_media":9513,"template":"","meta":[],"product_cat":[93],"product_tag":[73,75,109,110,118],"class_list":{"0":"post-8944","1":"product","2":"type-product","3":"status-publish","4":"has-post-thumbnail","6":"product_cat-warsztaty-pajakow","7":"product_tag-handmade","8":"product_tag-handmagic","9":"product_tag-pajak","10":"product_tag-tradycyjny-pajak","11":"product_tag-warsztaty-pajakow","13":"first","14":"instock","15":"shipping-taxable","16":"purchasable","17":"product-type-simple"},"jetpack_sharing_enabled":true,"_links":{"self":[{"href":"https:\/\/urbanmagia.com\/en\/wp-json\/wp\/v2\/product\/8944","targetHints":{"allow":["GET"]}}],"collection":[{"href":"https:\/\/urbanmagia.com\/en\/wp-json\/wp\/v2\/product"}],"about":[{"href":"https:\/\/urbanmagia.com\/en\/wp-json\/wp\/v2\/types\/product"}],"wp:featuredmedia":[{"embeddable":true,"href":"https:\/\/urbanmagia.com\/en\/wp-json\/wp\/v2\/media\/9513"}],"wp:attachment":[{"href":"https:\/\/urbanmagia.com\/en\/wp-json\/wp\/v2\/media?parent=8944"}],"wp:term":[{"taxonomy":"product_cat","embeddable":true,"href":"https:\/\/urbanmagia.com\/en\/wp-json\/wp\/v2\/product_cat?post=8944"},{"taxonomy":"product_tag","embeddable":true,"href":"https:\/\/urbanmagia.com\/en\/wp-json\/wp\/v2\/product_tag?post=8944"}],"curies":[{"name":"wp","href":"https:\/\/api.w.org\/{rel}","templated":true}]}}