{"id":7455,"date":"2024-05-30T07:56:49","date_gmt":"2024-05-30T07:56:49","guid":{"rendered":"https:\/\/urbanmagia.pl\/?post_type=product&#038;p=7455"},"modified":"2026-01-16T11:44:45","modified_gmt":"2026-01-16T11:44:45","slug":"korzonka-zoja-laczniczka-z-osobistym-zrodlem-mocy","status":"publish","type":"product","link":"https:\/\/urbanmagia.com\/en\/product\/korzonka-zoja-laczniczka-z-osobistym-zrodlem-mocy\/","title":{"rendered":"Czarna Korzonka &#8211; \u0141\u0105czniczka z Osobistym \u0179r\u00f3d\u0142em Mocy"},"content":{"rendered":"<p>Korzonka, Totemiczna Lalka Mocy, \u0141\u0105czniczka z Osobistym \u0179r\u00f3d\u0142em Mocy, przysz\u0142a do nas ze z\u0142otymi nasionami Drzewa \u017bycia (osi \u015bwiata) na czarnej sukni i d\u0142ugimi korzeniami zamiast n\u00f3g. Jej g\u0142\u00f3wna moc polega na wsparciu w tworzenia osobistego wzoru po\u0142\u0105czenia ze \u017ar\u00f3d\u0142ami w\u0142asnej mocy. Zach\u0119ca do tego, by poczu\u0107 \u0142\u0105czno\u015b\u0107 z tym, co wsp\u00f3lne i ukryte w ciep\u0142ym mroku ziemi, z m\u0105dro\u015bci\u0105 przodk\u00f3w i natury, oraz by \u015bwiadomie splata\u0107 i wybiera\u0107 te po\u0142\u0105czenia, kt\u00f3re nas karmi\u0105 jak korzenie drzew, a rezygnowa\u0107 z tych, kt\u00f3re dawno usch\u0142y i ju\u017c nie od\u017cyj\u0105. Korzonka wyci\u0105ga nas r\u00f3wnie\u017c z iluzji oddzielenia, braku wi\u0119zi i zdania si\u0119 tylko na siebie.<\/p>\n<p>Wi\u0119cej o Korzonce przeczytasz<a href=\"https:\/\/urbanmagia.com\/en\/portfolio\/korzonka\/\"> tutaj<\/a>.<span class=\"Apple-converted-space\">\u00a0<\/span><\/p>","protected":false},"excerpt":{"rendered":"<p>Czarna Korzonka przysz\u0142a jako \u0142\u0105cznika z ciemno\u015bci\u0105, ciep\u0142\u0105 czarn\u0105 ziemi\u0105 i ulg\u0105, jak\u0105 przynosi noc. Jej propozycja to odetchni\u0119cie od zgie\u0142ku dnia i intensywno\u015bci \u015bwiate\u0142. Ona przynosi nam pewno\u015b\u0107, \u017ce nie wszystko, co wa\u017cne musi mie\u0107 na siebie skierowane reflektory. Wr\u0119cz przeciwnie. Czarna Korzonka jest ca\u0142a czarna, od g\u0142owy po ko\u0144c\u00f3wki czarnych korzeni a swoim kolorem, podobnym do futerka kreta, zwraca nam uwag\u0119 na to, \u017ce niekt\u00f3re po\u0142\u0105czenia s\u0105 do poczucia czy do us\u0142yszenia. To s\u0142uchanie, do kt\u00f3rego nas zaprasza, nie jest tylko zaw\u0119\u017cone do wychwytywania d\u017awi\u0119k\u00f3w z zewn\u0105trz. Czarna Korzonka proponuje nam redefinicj\u0119 s\u0142uchania i zaprasza do czucia rytmu ziemi, pulsu najstarszych struktur, kt\u00f3re trwaj\u0105 poza czasem. To zaproszenie do zobaczenia, \u017ce jeste\u015bmy po\u0142\u0105czeni sieci\u0105 niewidzialnych korzeni, z Przodkami, ze Star\u0105 Pami\u0119ci\u0105, z wewn\u0119trzn\u0105 m\u0105dro\u015bci\u0105 starszyzny.<br \/>\nTo co?<\/p>\n<p>Jeste\u015b gotowa na Czarn\u0105 Korzonk\u0119?<\/p>","protected":false},"featured_media":8903,"template":"","meta":[],"product_cat":[80],"product_tag":[75,108,95,74,70,72,96],"class_list":{"0":"post-7455","1":"product","2":"type-product","3":"status-publish","4":"has-post-thumbnail","6":"product_cat-korzonka","7":"product_tag-handmagic","8":"product_tag-korzonka","9":"product_tag-lalki-mocy","10":"product_tag-lalkimotanki","11":"product_tag-podrobka","12":"product_tag-slavicdolls","13":"product_tag-totemiczna-lalka-mocy","15":"first","16":"onbackorder","17":"shipping-taxable","18":"purchasable","19":"product-type-simple"},"jetpack_sharing_enabled":true,"_links":{"self":[{"href":"https:\/\/urbanmagia.com\/en\/wp-json\/wp\/v2\/product\/7455","targetHints":{"allow":["GET"]}}],"collection":[{"href":"https:\/\/urbanmagia.com\/en\/wp-json\/wp\/v2\/product"}],"about":[{"href":"https:\/\/urbanmagia.com\/en\/wp-json\/wp\/v2\/types\/product"}],"wp:featuredmedia":[{"embeddable":true,"href":"https:\/\/urbanmagia.com\/en\/wp-json\/wp\/v2\/media\/8903"}],"wp:attachment":[{"href":"https:\/\/urbanmagia.com\/en\/wp-json\/wp\/v2\/media?parent=7455"}],"wp:term":[{"taxonomy":"product_cat","embeddable":true,"href":"https:\/\/urbanmagia.com\/en\/wp-json\/wp\/v2\/product_cat?post=7455"},{"taxonomy":"product_tag","embeddable":true,"href":"https:\/\/urbanmagia.com\/en\/wp-json\/wp\/v2\/product_tag?post=7455"}],"curies":[{"name":"wp","href":"https:\/\/api.w.org\/{rel}","templated":true}]}}