{"id":8251,"date":"2025-09-26T07:33:58","date_gmt":"2025-09-26T07:33:58","guid":{"rendered":"https:\/\/urbanmagia.com\/?page_id=8251"},"modified":"2026-04-17T11:49:32","modified_gmt":"2026-04-17T11:49:32","slug":"slowianskie-lalki-totemiczne","status":"publish","type":"page","link":"https:\/\/urbanmagia.com\/en\/slowianskie-lalki-totemiczne\/","title":{"rendered":"S\u0142owia\u0144skie Lalki Totemiczne"},"content":{"rendered":"<div data-elementor-type=\"wp-page\" data-elementor-id=\"8251\" class=\"elementor elementor-8251\">\n\t\t\t\t<div class=\"elementor-element elementor-element-70a9bcc e-flex e-con-boxed e-con e-parent\" data-id=\"70a9bcc\" data-element_type=\"container\" data-core-v316-plus=\"true\">\n\t\t\t\t\t<div class=\"e-con-inner\">\n\t\t\t\t<div class=\"elementor-element elementor-element-356e2e4 elementor-widget elementor-widget-heading\" data-id=\"356e2e4\" data-element_type=\"widget\" data-widget_type=\"heading.default\">\n\t\t\t\t<div class=\"elementor-widget-container\">\n\t\t\t<style>\/*! elementor - v3.20.0 - 20-03-2024 *\/\n.elementor-heading-title{padding:0;margin:0;line-height:1}.elementor-widget-heading .elementor-heading-title[class*=elementor-size-]>a{color:inherit;font-size:inherit;line-height:inherit}.elementor-widget-heading .elementor-heading-title.elementor-size-small{font-size:15px}.elementor-widget-heading .elementor-heading-title.elementor-size-medium{font-size:19px}.elementor-widget-heading .elementor-heading-title.elementor-size-large{font-size:29px}.elementor-widget-heading .elementor-heading-title.elementor-size-xl{font-size:39px}.elementor-widget-heading .elementor-heading-title.elementor-size-xxl{font-size:59px}<\/style><h2 class=\"elementor-heading-title elementor-size-default\">Totemiczne Lalki Mocy <\/h2>\t\t<\/div>\n\t\t\t\t<\/div>\n\t\t\t\t\t<\/div>\n\t\t\t\t<\/div>\n\t\t<div class=\"elementor-element elementor-element-54a6e49 e-flex e-con-boxed e-con e-parent\" data-id=\"54a6e49\" data-element_type=\"container\" data-core-v316-plus=\"true\">\n\t\t\t\t\t<div class=\"e-con-inner\">\n\t\t\t\t<div class=\"elementor-element elementor-element-6f2955e l-neuron-grid-wrapper--columns__3 l-neuron-grid-wrapper-tablet--columns__2 l-neuron-grid-wrapper-mobile--columns__1 m-neuron-posts--layout-grid m-neuron-product__add-to-cart--position-inside m-neuron-product__add-to-cart--h-justified elementor-invisible elementor-widget elementor-widget-neuron-woo-products\" data-id=\"6f2955e\" data-element_type=\"widget\" data-settings=\"{&quot;row_gap&quot;:{&quot;unit&quot;:&quot;px&quot;,&quot;size&quot;:56,&quot;sizes&quot;:[]},&quot;quick_view&quot;:&quot;yes&quot;,&quot;columns&quot;:&quot;3&quot;,&quot;columns_tablet&quot;:&quot;2&quot;,&quot;columns_mobile&quot;:&quot;1&quot;,&quot;carousel&quot;:&quot;no&quot;,&quot;layout&quot;:&quot;grid&quot;,&quot;pagination&quot;:&quot;none&quot;,&quot;row_gap_tablet&quot;:{&quot;unit&quot;:&quot;px&quot;,&quot;size&quot;:&quot;&quot;,&quot;sizes&quot;:[]},&quot;row_gap_mobile&quot;:{&quot;unit&quot;:&quot;px&quot;,&quot;size&quot;:&quot;&quot;,&quot;sizes&quot;:[]},&quot;animation&quot;:&quot;yes&quot;,&quot;neuron_animations&quot;:&quot;h-neuron-animation--slideUp&quot;,&quot;neuron_animations_duration&quot;:&quot;animated&quot;,&quot;animation_delay&quot;:0}\" data-widget_type=\"neuron-woo-products.default\">\n\t\t\t\t<div class=\"elementor-widget-container\">\n\t\t\t\t\t<div class=\"m-neuron-filters\" aria-label=\"Filters\">\n\t\t\t<ul >\n\t\t\t\t\t\t\t\t\t<li class=\"m-neuron-filters__item active\" data-filter=\"*\">Zobacz wszystkie<\/li>\n\t\t\t\t\n\t\t\t\t\t\t\t\t\t<li class=\"m-neuron-filters__item\" data-filter=\"product_cat-nietoperzynka\">Nietoperzynka<\/li>\n\t\t\t\t\t\t\t\t\t<li class=\"m-neuron-filters__item\" data-filter=\"product_cat-totemiczne-lalki-mocy\">Totemiczne Lalki Mocy<\/li>\n\t\t\t\t\t\t\t\t\t<li class=\"m-neuron-filters__item\" data-filter=\"product_cat-nowinka\">Nowinka<\/li>\n\t\t\t\t\t\t\t\t\t<li class=\"m-neuron-filters__item\" data-filter=\"product_cat-korzonka\">Korzonka<\/li>\n\t\t\t\t\t\t\t\t\t<li class=\"m-neuron-filters__item\" data-filter=\"product_cat-wilczynka\">Wilczynka<\/li>\n\t\t\t\t\t\t\t<\/ul>\n\t\t<\/div>\n\t\t\t\t\t\t\t\t\t\t<div class=\"m-neuron-product__woo-bar\">\n\t\t\t\t\t\t\t\t\t\t<form class=\"woocommerce-ordering\" method=\"get\" action=\"\">\n\t<select name=\"orderby\" class=\"orderby\" aria-label=\"Shop order\" data-no-translation-aria-label=\"\">\n\t\t\t\t\t<option value=\"menu_order\"  selected='selected'>Default sorting<\/option>\n\t\t\t\t\t<option value=\"popularity\" >Sort by popularity<\/option>\n\t\t\t\t\t<option value=\"rating\" >Sort by average rating<\/option>\n\t\t\t\t\t<option value=\"date\" >Sort by newness<\/option>\n\t\t\t\t\t<option value=\"price\" >Sort by price: low to high<\/option>\n\t\t\t\t\t<option value=\"price-desc\" >Sort by price: high to low<\/option>\n\t\t\t<\/select>\n\t<input type=\"hidden\" name=\"paged\" value=\"1\" \/>\n\t<input type=\"hidden\" name=\"trp-form-language\" value=\"en\"\/><\/form>\n\t\t\t\t\t<\/div>\n\t\t\t\t\t\t<div class=\"l-neuron-grid products\" data-masonry-id=\"8da8490f672f9a5698185172e0286a21\">\n\t\t\t\t\t\t\t\t\t\t\t\t<article class=\"l-neuron-grid__item h-neuron-animation--wow m-neuron-product m-neuron-post post-9505 product type-product status-publish has-post-thumbnail product_cat-nietoperzynka product_cat-totemiczne-lalki-mocy product_tag-handmade product_tag-handmagic product_tag-lalka-intuicji product_tag-lalka-mocy product_tag-lalki-mocy product_tag-lalkimotanki product_tag-magic-doll product_tag-magic-dolls product_tag-magicdolls product_tag-motaka product_tag-motanka product_tag-nietoperzynka product_tag-slavic-doll product_tag-slavicdolls product_tag-totemiczna-lalka-mocy first instock shipping-taxable purchasable product-type-simple\" data-id=\"9505\">\n\t\t\t\t\t\t\t\t<div class=\"m-neuron-post__inner m-neuron-product__inner\">\n\t\t\t\t\t\t\t\t\t<div class=\"m-neuron-post__thumbnail--link m-neuron-product__thumbnail--link\" ><div class=\"m-neuron-product__overlay\"><span class=\"m-neuron-product__add-to-cart\"><a href=\"?add-to-cart=9505\" rel=\"nofollow\" data-product_id=\"9505\" data-product_sku=\"\" class=\"button ajax_add_to_cart add_to_cart_button product_type_simple\">\n\t\t\t\t\t\t\t<span>Dodaj do koszyka<\/span>\n\t\t\t\t\t\t\t\n\t\t\t\t\t\t<\/a><\/span> <span class=\"m-neuron-product__quick-view\"><a data-product_id=\"9505\" href=\"#\"><svg width=\"17\" height=\"16\" viewbox=\"0 0 17 16\" fill=\"none\" xmlns=\"http:\/\/www.w3.org\/2000\/svg\">\n\t\t\t\t\t\t<path d=\"M1.88982 8.83733C1.59207 8.31873 1.59207 7.68128 1.88981 7.16267C3.45648 4.43394 5.96236 2.66663 8.78637 2.66663C11.6104 2.66663 14.1162 4.43392 15.6829 7.16262C15.9806 7.68122 15.9806 8.31867 15.6829 8.83727C14.1162 11.566 11.6103 13.3333 8.78634 13.3333C5.96235 13.3333 3.45648 11.566 1.88982 8.83733Z\" stroke=\"#121212\" stroke-width=\"1.5\"\/>\n\t\t\t\t\t\t<ellipse cx=\"8.78662\" cy=\"8\" rx=\"2\" ry=\"2\" stroke=\"#121212\" stroke-width=\"1.5\"\/>\n\t\t\t\t\t<\/svg><\/a><\/span><\/div><a class=\"m-neuron-product__permalink\" href=\"https:\/\/urbanmagia.com\/en\/product\/nietoperzynka\/\"><div class=\"m-neuron-post__thumbnail m-neuron-product__thumbnail\"><img fetchpriority=\"high\" decoding=\"async\" width=\"872\" height=\"1165\" src=\"https:\/\/urbanmagia.com\/wp-content\/uploads\/2026\/03\/Nietoperzynka.webp\" class=\"attachment-full size-full wp-post-image\" alt=\"\" srcset=\"https:\/\/urbanmagia.com\/wp-content\/uploads\/2026\/03\/Nietoperzynka.webp 872w, https:\/\/urbanmagia.com\/wp-content\/uploads\/2026\/03\/Nietoperzynka-225x300.webp 225w, https:\/\/urbanmagia.com\/wp-content\/uploads\/2026\/03\/Nietoperzynka-766x1024.webp 766w, https:\/\/urbanmagia.com\/wp-content\/uploads\/2026\/03\/Nietoperzynka-768x1026.webp 768w, https:\/\/urbanmagia.com\/wp-content\/uploads\/2026\/03\/Nietoperzynka-9x12.webp 9w, https:\/\/urbanmagia.com\/wp-content\/uploads\/2026\/03\/Nietoperzynka-600x802.webp 600w\" sizes=\"(max-width: 872px) 100vw, 872px\" \/><\/div><\/a><\/div>\n\t\t\t\t\t\t\t\t\t<div class=\"m-neuron-post__text m-neuron-product__content\">\n\t\t\t\t\t\t\t\t\t\t<h4 class=\"m-neuron-product__title\"><a href=\"https:\/\/urbanmagia.com\/en\/product\/nietoperzynka\/\">Nietoperzynka- Totemiczna Lalka Mocy Odrodzenia<\/a><\/h4>\t\t\t\t\t\t\t\t\t\t\t\t\t\t\t\t\t\t\t\t<span class=\"m-neuron-product__price\"><span class=\"woocommerce-Price-amount amount\">359,00&nbsp;<span class=\"woocommerce-Price-currencySymbol\">&#122;&#322;<\/span><\/span><\/span>\t\t\t\t\t\t\t\t\t\t\t\t\t\t\t\t\t\t\t<\/div>\n\n\t\t\t\t\t\t\t\t\t\t\t\t\t\t\t\t\t<\/div>\n\t\t\t\t\t\t\t<\/article>\n\t\t\t\t\t\t\t\t\t\t\t\t\t\t<article class=\"l-neuron-grid__item h-neuron-animation--wow m-neuron-product m-neuron-post post-9498 product type-product status-publish has-post-thumbnail product_cat-nowinka product_cat-totemiczne-lalki-mocy product_tag-handmade product_tag-handmagic product_tag-lalki-mocy product_tag-lalkimotanki product_tag-motanka product_tag-slavic-doll product_tag-slavicdolls product_tag-slowianska-lalka-mocy product_tag-totemiczna-lalka-mocy  instock shipping-taxable purchasable product-type-simple\" data-id=\"9498\">\n\t\t\t\t\t\t\t\t<div class=\"m-neuron-post__inner m-neuron-product__inner\">\n\t\t\t\t\t\t\t\t\t<div class=\"m-neuron-post__thumbnail--link m-neuron-product__thumbnail--link\" ><div class=\"m-neuron-product__overlay\"><span class=\"m-neuron-product__add-to-cart\"><a href=\"?add-to-cart=9498\" rel=\"nofollow\" data-product_id=\"9498\" data-product_sku=\"\" class=\"button ajax_add_to_cart add_to_cart_button product_type_simple\">\n\t\t\t\t\t\t\t<span>Dodaj do koszyka<\/span>\n\t\t\t\t\t\t\t\n\t\t\t\t\t\t<\/a><\/span> <span class=\"m-neuron-product__quick-view\"><a data-product_id=\"9498\" href=\"#\"><svg width=\"17\" height=\"16\" viewbox=\"0 0 17 16\" fill=\"none\" xmlns=\"http:\/\/www.w3.org\/2000\/svg\">\n\t\t\t\t\t\t<path d=\"M1.88982 8.83733C1.59207 8.31873 1.59207 7.68128 1.88981 7.16267C3.45648 4.43394 5.96236 2.66663 8.78637 2.66663C11.6104 2.66663 14.1162 4.43392 15.6829 7.16262C15.9806 7.68122 15.9806 8.31867 15.6829 8.83727C14.1162 11.566 11.6103 13.3333 8.78634 13.3333C5.96235 13.3333 3.45648 11.566 1.88982 8.83733Z\" stroke=\"#121212\" stroke-width=\"1.5\"\/>\n\t\t\t\t\t\t<ellipse cx=\"8.78662\" cy=\"8\" rx=\"2\" ry=\"2\" stroke=\"#121212\" stroke-width=\"1.5\"\/>\n\t\t\t\t\t<\/svg><\/a><\/span><\/div><a class=\"m-neuron-product__permalink\" href=\"https:\/\/urbanmagia.com\/en\/product\/nowinka-swietlisty-nowy-poczatek\/\"><div class=\"m-neuron-post__thumbnail m-neuron-product__thumbnail\"><img decoding=\"async\" width=\"800\" height=\"912\" src=\"https:\/\/urbanmagia.com\/wp-content\/uploads\/2026\/03\/Nowinka-2-z-rekami-skierowanymi-do-dolu.webp\" class=\"attachment-full size-full wp-post-image\" alt=\"\" srcset=\"https:\/\/urbanmagia.com\/wp-content\/uploads\/2026\/03\/Nowinka-2-z-rekami-skierowanymi-do-dolu.webp 800w, https:\/\/urbanmagia.com\/wp-content\/uploads\/2026\/03\/Nowinka-2-z-rekami-skierowanymi-do-dolu-263x300.webp 263w, https:\/\/urbanmagia.com\/wp-content\/uploads\/2026\/03\/Nowinka-2-z-rekami-skierowanymi-do-dolu-768x876.webp 768w, https:\/\/urbanmagia.com\/wp-content\/uploads\/2026\/03\/Nowinka-2-z-rekami-skierowanymi-do-dolu-11x12.webp 11w, https:\/\/urbanmagia.com\/wp-content\/uploads\/2026\/03\/Nowinka-2-z-rekami-skierowanymi-do-dolu-600x684.webp 600w\" sizes=\"(max-width: 800px) 100vw, 800px\" \/><\/div><\/a><\/div>\n\t\t\t\t\t\t\t\t\t<div class=\"m-neuron-post__text m-neuron-product__content\">\n\t\t\t\t\t\t\t\t\t\t<h4 class=\"m-neuron-product__title\"><a href=\"https:\/\/urbanmagia.com\/en\/product\/nowinka-swietlisty-nowy-poczatek\/\">Nowinka &#8211; \u015awietlisty Nowy Pocz\u0105tek<\/a><\/h4>\t\t\t\t\t\t\t\t\t\t\t\t\t\t\t\t\t\t\t\t<span class=\"m-neuron-product__price\"><span class=\"woocommerce-Price-amount amount\">359,00&nbsp;<span class=\"woocommerce-Price-currencySymbol\">&#122;&#322;<\/span><\/span><\/span>\t\t\t\t\t\t\t\t\t\t\t\t\t\t\t\t\t\t\t<\/div>\n\n\t\t\t\t\t\t\t\t\t\t\t\t\t\t\t\t\t<\/div>\n\t\t\t\t\t\t\t<\/article>\n\t\t\t\t\t\t\t\t\t\t\t\t\t\t<article class=\"l-neuron-grid__item h-neuron-animation--wow m-neuron-product m-neuron-post post-8921 product type-product status-publish has-post-thumbnail product_cat-korzonka product_tag-handmade product_tag-handmagic product_tag-korzonka product_tag-lalka-intuicji product_tag-lalkimotanki product_tag-magic-doll product_tag-magic-dolls product_tag-magicdolls product_tag-motaka product_tag-podrobka product_tag-slavic-doll product_tag-slavicdolls product_tag-totemiczna-lalka-mocy  onbackorder shipping-taxable purchasable product-type-simple\" data-id=\"8921\">\n\t\t\t\t\t\t\t\t<div class=\"m-neuron-post__inner m-neuron-product__inner\">\n\t\t\t\t\t\t\t\t\t<div class=\"m-neuron-post__thumbnail--link m-neuron-product__thumbnail--link\" ><div class=\"m-neuron-product__overlay\"><span class=\"m-neuron-product__add-to-cart\"><a href=\"?add-to-cart=8921\" rel=\"nofollow\" data-product_id=\"8921\" data-product_sku=\"\" class=\"button ajax_add_to_cart add_to_cart_button product_type_simple\">\n\t\t\t\t\t\t\t<span>Dodaj do koszyka<\/span>\n\t\t\t\t\t\t\t\n\t\t\t\t\t\t<\/a><\/span> <span class=\"m-neuron-product__quick-view\"><a data-product_id=\"8921\" href=\"#\"><svg width=\"17\" height=\"16\" viewbox=\"0 0 17 16\" fill=\"none\" xmlns=\"http:\/\/www.w3.org\/2000\/svg\">\n\t\t\t\t\t\t<path d=\"M1.88982 8.83733C1.59207 8.31873 1.59207 7.68128 1.88981 7.16267C3.45648 4.43394 5.96236 2.66663 8.78637 2.66663C11.6104 2.66663 14.1162 4.43392 15.6829 7.16262C15.9806 7.68122 15.9806 8.31867 15.6829 8.83727C14.1162 11.566 11.6103 13.3333 8.78634 13.3333C5.96235 13.3333 3.45648 11.566 1.88982 8.83733Z\" stroke=\"#121212\" stroke-width=\"1.5\"\/>\n\t\t\t\t\t\t<ellipse cx=\"8.78662\" cy=\"8\" rx=\"2\" ry=\"2\" stroke=\"#121212\" stroke-width=\"1.5\"\/>\n\t\t\t\t\t<\/svg><\/a><\/span><\/div><a class=\"m-neuron-product__permalink\" href=\"https:\/\/urbanmagia.com\/en\/product\/korzonka-sonieczka-laczniczka-z-osobistym-zrodlem-mocy\/\"><div class=\"m-neuron-post__thumbnail m-neuron-product__thumbnail\"><img decoding=\"async\" width=\"745\" height=\"870\" src=\"https:\/\/urbanmagia.com\/wp-content\/uploads\/2025\/12\/Korzonka-Sonia.webp\" class=\"attachment-full size-full wp-post-image\" alt=\"\" srcset=\"https:\/\/urbanmagia.com\/wp-content\/uploads\/2025\/12\/Korzonka-Sonia.webp 745w, https:\/\/urbanmagia.com\/wp-content\/uploads\/2025\/12\/Korzonka-Sonia-257x300.webp 257w, https:\/\/urbanmagia.com\/wp-content\/uploads\/2025\/12\/Korzonka-Sonia-10x12.webp 10w, https:\/\/urbanmagia.com\/wp-content\/uploads\/2025\/12\/Korzonka-Sonia-600x701.webp 600w\" sizes=\"(max-width: 745px) 100vw, 745px\" \/><\/div><\/a><\/div>\n\t\t\t\t\t\t\t\t\t<div class=\"m-neuron-post__text m-neuron-product__content\">\n\t\t\t\t\t\t\t\t\t\t<h4 class=\"m-neuron-product__title\"><a href=\"https:\/\/urbanmagia.com\/en\/product\/korzonka-sonieczka-laczniczka-z-osobistym-zrodlem-mocy\/\">Korzonka Sonieczka &#8211;  \u0141\u0105czniczka z Osobistym \u0179r\u00f3d\u0142em Mocy<\/a><\/h4>\t\t\t\t\t\t\t\t\t\t\t\t\t\t\t\t\t\t\t\t<span class=\"m-neuron-product__price\"><span class=\"woocommerce-Price-amount amount\">359,00&nbsp;<span class=\"woocommerce-Price-currencySymbol\">&#122;&#322;<\/span><\/span><\/span>\t\t\t\t\t\t\t\t\t\t\t\t\t\t\t\t\t\t\t<\/div>\n\n\t\t\t\t\t\t\t\t\t\t\t\t\t\t\t\t\t<\/div>\n\t\t\t\t\t\t\t<\/article>\n\t\t\t\t\t\t\t\t\t\t\t\t\t\t<article class=\"l-neuron-grid__item h-neuron-animation--wow m-neuron-product m-neuron-post post-7466 product type-product status-publish has-post-thumbnail product_cat-wilczynka product_tag-handmade product_tag-handmagic product_tag-magicdolls product_tag-motanka product_tag-totemiczna-lalka-mocy last onbackorder shipping-taxable purchasable product-type-simple\" data-id=\"7466\">\n\t\t\t\t\t\t\t\t<div class=\"m-neuron-post__inner m-neuron-product__inner\">\n\t\t\t\t\t\t\t\t\t<div class=\"m-neuron-post__thumbnail--link m-neuron-product__thumbnail--link\" ><div class=\"m-neuron-product__overlay\"><span class=\"m-neuron-product__add-to-cart\"><a href=\"?add-to-cart=7466\" rel=\"nofollow\" data-product_id=\"7466\" data-product_sku=\"\" class=\"button ajax_add_to_cart add_to_cart_button product_type_simple\">\n\t\t\t\t\t\t\t<span>Dodaj do koszyka<\/span>\n\t\t\t\t\t\t\t\n\t\t\t\t\t\t<\/a><\/span> <span class=\"m-neuron-product__quick-view\"><a data-product_id=\"7466\" href=\"#\"><svg width=\"17\" height=\"16\" viewbox=\"0 0 17 16\" fill=\"none\" xmlns=\"http:\/\/www.w3.org\/2000\/svg\">\n\t\t\t\t\t\t<path d=\"M1.88982 8.83733C1.59207 8.31873 1.59207 7.68128 1.88981 7.16267C3.45648 4.43394 5.96236 2.66663 8.78637 2.66663C11.6104 2.66663 14.1162 4.43392 15.6829 7.16262C15.9806 7.68122 15.9806 8.31867 15.6829 8.83727C14.1162 11.566 11.6103 13.3333 8.78634 13.3333C5.96235 13.3333 3.45648 11.566 1.88982 8.83733Z\" stroke=\"#121212\" stroke-width=\"1.5\"\/>\n\t\t\t\t\t\t<ellipse cx=\"8.78662\" cy=\"8\" rx=\"2\" ry=\"2\" stroke=\"#121212\" stroke-width=\"1.5\"\/>\n\t\t\t\t\t<\/svg><\/a><\/span><\/div><a class=\"m-neuron-product__permalink\" href=\"https:\/\/urbanmagia.com\/en\/product\/wilczynka-inga-przewodniczka-pierwotnej-kobiecosci\/\"><div class=\"m-neuron-post__thumbnail m-neuron-product__thumbnail\"><img loading=\"lazy\" decoding=\"async\" width=\"1200\" height=\"1604\" src=\"https:\/\/urbanmagia.com\/wp-content\/uploads\/2024\/05\/Wilczynka-Inga_.jpg\" class=\"attachment-full size-full wp-post-image\" alt=\"\" srcset=\"https:\/\/urbanmagia.com\/wp-content\/uploads\/2024\/05\/Wilczynka-Inga_.jpg 1200w, https:\/\/urbanmagia.com\/wp-content\/uploads\/2024\/05\/Wilczynka-Inga_-224x300.jpg 224w, https:\/\/urbanmagia.com\/wp-content\/uploads\/2024\/05\/Wilczynka-Inga_-766x1024.jpg 766w, https:\/\/urbanmagia.com\/wp-content\/uploads\/2024\/05\/Wilczynka-Inga_-768x1027.jpg 768w, https:\/\/urbanmagia.com\/wp-content\/uploads\/2024\/05\/Wilczynka-Inga_-1149x1536.jpg 1149w, https:\/\/urbanmagia.com\/wp-content\/uploads\/2024\/05\/Wilczynka-Inga_-9x12.jpg 9w, https:\/\/urbanmagia.com\/wp-content\/uploads\/2024\/05\/Wilczynka-Inga_-600x802.jpg 600w\" sizes=\"(max-width: 1200px) 100vw, 1200px\" \/><\/div><\/a><\/div>\n\t\t\t\t\t\t\t\t\t<div class=\"m-neuron-post__text m-neuron-product__content\">\n\t\t\t\t\t\t\t\t\t\t<h4 class=\"m-neuron-product__title\"><a href=\"https:\/\/urbanmagia.com\/en\/product\/wilczynka-inga-przewodniczka-pierwotnej-kobiecosci\/\">Wilczynka Inga &#8211; Przewodniczka Pierwotnej Kobieco\u015bci<\/a><\/h4>\t\t\t\t\t\t\t\t\t\t\t\t\t\t\t\t\t\t\t\t<span class=\"m-neuron-product__price\"><span class=\"woocommerce-Price-amount amount\">359,00&nbsp;<span class=\"woocommerce-Price-currencySymbol\">&#122;&#322;<\/span><\/span><\/span>\t\t\t\t\t\t\t\t\t\t\t\t\t\t\t\t\t\t\t<\/div>\n\n\t\t\t\t\t\t\t\t\t\t\t\t\t\t\t\t\t<\/div>\n\t\t\t\t\t\t\t<\/article>\n\t\t\t\t\t\t\t\t\t\t\t\t\t\t<article class=\"l-neuron-grid__item h-neuron-animation--wow m-neuron-product m-neuron-post post-7455 product type-product status-publish has-post-thumbnail product_cat-korzonka product_tag-handmagic product_tag-korzonka product_tag-lalki-mocy product_tag-lalkimotanki product_tag-podrobka product_tag-slavicdolls product_tag-totemiczna-lalka-mocy first onbackorder shipping-taxable purchasable product-type-simple\" data-id=\"7455\">\n\t\t\t\t\t\t\t\t<div class=\"m-neuron-post__inner m-neuron-product__inner\">\n\t\t\t\t\t\t\t\t\t<div class=\"m-neuron-post__thumbnail--link m-neuron-product__thumbnail--link\" ><div class=\"m-neuron-product__overlay\"><span class=\"m-neuron-product__add-to-cart\"><a href=\"?add-to-cart=7455\" rel=\"nofollow\" data-product_id=\"7455\" data-product_sku=\"\" class=\"button ajax_add_to_cart add_to_cart_button product_type_simple\">\n\t\t\t\t\t\t\t<span>Dodaj do koszyka<\/span>\n\t\t\t\t\t\t\t\n\t\t\t\t\t\t<\/a><\/span> <span class=\"m-neuron-product__quick-view\"><a data-product_id=\"7455\" href=\"#\"><svg width=\"17\" height=\"16\" viewbox=\"0 0 17 16\" fill=\"none\" xmlns=\"http:\/\/www.w3.org\/2000\/svg\">\n\t\t\t\t\t\t<path d=\"M1.88982 8.83733C1.59207 8.31873 1.59207 7.68128 1.88981 7.16267C3.45648 4.43394 5.96236 2.66663 8.78637 2.66663C11.6104 2.66663 14.1162 4.43392 15.6829 7.16262C15.9806 7.68122 15.9806 8.31867 15.6829 8.83727C14.1162 11.566 11.6103 13.3333 8.78634 13.3333C5.96235 13.3333 3.45648 11.566 1.88982 8.83733Z\" stroke=\"#121212\" stroke-width=\"1.5\"\/>\n\t\t\t\t\t\t<ellipse cx=\"8.78662\" cy=\"8\" rx=\"2\" ry=\"2\" stroke=\"#121212\" stroke-width=\"1.5\"\/>\n\t\t\t\t\t<\/svg><\/a><\/span><\/div><a class=\"m-neuron-product__permalink\" href=\"https:\/\/urbanmagia.com\/en\/product\/korzonka-zoja-laczniczka-z-osobistym-zrodlem-mocy\/\"><div class=\"m-neuron-post__thumbnail m-neuron-product__thumbnail\"><img loading=\"lazy\" decoding=\"async\" width=\"1916\" height=\"2560\" src=\"https:\/\/urbanmagia.com\/wp-content\/uploads\/2024\/05\/Czarna-koroznka-1-1-scaled.jpg\" class=\"attachment-full size-full wp-post-image\" alt=\"Czarna Lalka wykonana r\u0119cznie z tkanin i sznurka. Ma czarne cia\u0142o, czarn\u0105 twarz i czarne korzenie zamiast n\u00f3g. Jest wielko\u015bci troch\u0119 wi\u0119kszej od d\u0142oni.\" srcset=\"https:\/\/urbanmagia.com\/wp-content\/uploads\/2024\/05\/Czarna-koroznka-1-1-scaled.jpg 1916w, https:\/\/urbanmagia.com\/wp-content\/uploads\/2024\/05\/Czarna-koroznka-1-1-224x300.jpg 224w, https:\/\/urbanmagia.com\/wp-content\/uploads\/2024\/05\/Czarna-koroznka-1-1-766x1024.jpg 766w\" sizes=\"(max-width: 1916px) 100vw, 1916px\" \/><\/div><\/a><\/div>\n\t\t\t\t\t\t\t\t\t<div class=\"m-neuron-post__text m-neuron-product__content\">\n\t\t\t\t\t\t\t\t\t\t<h4 class=\"m-neuron-product__title\"><a href=\"https:\/\/urbanmagia.com\/en\/product\/korzonka-zoja-laczniczka-z-osobistym-zrodlem-mocy\/\">Czarna Korzonka &#8211; \u0141\u0105czniczka z Osobistym \u0179r\u00f3d\u0142em Mocy<\/a><\/h4>\t\t\t\t\t\t\t\t\t\t\t\t\t\t\t\t\t\t\t\t<span class=\"m-neuron-product__price\"><span class=\"woocommerce-Price-amount amount\">359,00&nbsp;<span class=\"woocommerce-Price-currencySymbol\">&#122;&#322;<\/span><\/span><\/span>\t\t\t\t\t\t\t\t\t\t\t\t\t\t\t\t\t\t\t<\/div>\n\n\t\t\t\t\t\t\t\t\t\t\t\t\t\t\t\t\t<\/div>\n\t\t\t\t\t\t\t<\/article>\n\t\t\t\t\t\t\t\t\t\t\t<\/div>\n\n\t\t\t\n\t\t\t\t<\/div>\n\t\t\t\t<\/div>\n\t\t\t\t\t<\/div>\n\t\t\t\t<\/div>\n\t\t\t\t<\/div>","protected":false},"excerpt":{"rendered":"<p>Totemiczne Lalki Mocy Zobacz wszystkie Nietoperzynka Totemiczne Lalki Mocy Nowinka Korzonka Wilczynka Default sortingSort by popularitySort by average ratingSort by newnessSort by price: low to highSort by price: high to low Dodaj do koszyka Nietoperzynka- Totemiczna Lalka Mocy Odrodzenia 359,00&nbsp;&#122;&#322; Dodaj do koszyka Nowinka &#8211; \u015awietlisty Nowy Pocz\u0105tek 359,00&nbsp;&#122;&#322; Dodaj do koszyka Korzonka Sonieczka &#8211;&#8230;<\/p>","protected":false},"author":1,"featured_media":0,"parent":0,"menu_order":0,"comment_status":"closed","ping_status":"closed","template":"elementor_header_footer","meta":{"footnotes":""},"class_list":["post-8251","page","type-page","status-publish","hentry"],"jetpack_sharing_enabled":true,"_links":{"self":[{"href":"https:\/\/urbanmagia.com\/en\/wp-json\/wp\/v2\/pages\/8251","targetHints":{"allow":["GET"]}}],"collection":[{"href":"https:\/\/urbanmagia.com\/en\/wp-json\/wp\/v2\/pages"}],"about":[{"href":"https:\/\/urbanmagia.com\/en\/wp-json\/wp\/v2\/types\/page"}],"author":[{"embeddable":true,"href":"https:\/\/urbanmagia.com\/en\/wp-json\/wp\/v2\/users\/1"}],"replies":[{"embeddable":true,"href":"https:\/\/urbanmagia.com\/en\/wp-json\/wp\/v2\/comments?post=8251"}],"version-history":[{"count":19,"href":"https:\/\/urbanmagia.com\/en\/wp-json\/wp\/v2\/pages\/8251\/revisions"}],"predecessor-version":[{"id":9553,"href":"https:\/\/urbanmagia.com\/en\/wp-json\/wp\/v2\/pages\/8251\/revisions\/9553"}],"wp:attachment":[{"href":"https:\/\/urbanmagia.com\/en\/wp-json\/wp\/v2\/media?parent=8251"}],"curies":[{"name":"wp","href":"https:\/\/api.w.org\/{rel}","templated":true}]}}