{"id":7882,"date":"2024-11-22T13:53:23","date_gmt":"2024-11-22T13:53:23","guid":{"rendered":"https:\/\/urbanmagia.pl\/?page_id=7882"},"modified":"2026-02-09T21:00:39","modified_gmt":"2026-02-09T21:00:39","slug":"warsztaty","status":"publish","type":"page","link":"https:\/\/urbanmagia.com\/en\/warsztaty\/","title":{"rendered":"Warsztaty paj\u0105k\u00f3w"},"content":{"rendered":"<div data-elementor-type=\"wp-page\" data-elementor-id=\"7882\" class=\"elementor elementor-7882\">\n\t\t\t\t<div class=\"elementor-element elementor-element-7b2c8fd e-flex e-con-boxed e-con e-parent\" data-id=\"7b2c8fd\" data-element_type=\"container\" data-core-v316-plus=\"true\">\n\t\t\t\t\t<div class=\"e-con-inner\">\n\t\t\t\t<div class=\"elementor-element elementor-element-92c24c9 elementor-widget elementor-widget-heading\" data-id=\"92c24c9\" data-element_type=\"widget\" data-widget_type=\"heading.default\">\n\t\t\t\t<div class=\"elementor-widget-container\">\n\t\t\t<style>\/*! elementor - v3.20.0 - 20-03-2024 *\/\n.elementor-heading-title{padding:0;margin:0;line-height:1}.elementor-widget-heading .elementor-heading-title[class*=elementor-size-]>a{color:inherit;font-size:inherit;line-height:inherit}.elementor-widget-heading .elementor-heading-title.elementor-size-small{font-size:15px}.elementor-widget-heading .elementor-heading-title.elementor-size-medium{font-size:19px}.elementor-widget-heading .elementor-heading-title.elementor-size-large{font-size:29px}.elementor-widget-heading .elementor-heading-title.elementor-size-xl{font-size:39px}.elementor-widget-heading .elementor-heading-title.elementor-size-xxl{font-size:59px}<\/style><h2 class=\"elementor-heading-title elementor-size-default\">Warsztaty Paj\u0105k\u00f3w <\/h2>\t\t<\/div>\n\t\t\t\t<\/div>\n\t\t\t\t<div class=\"elementor-element elementor-element-e84f82d l-neuron-grid-wrapper--columns__3 l-neuron-grid-wrapper-tablet--columns__2 l-neuron-grid-wrapper-mobile--columns__1 m-neuron-posts--layout-grid m-neuron-product__add-to-cart--position-inside m-neuron-product__add-to-cart--h-justified elementor-invisible elementor-widget elementor-widget-neuron-woo-products\" data-id=\"e84f82d\" data-element_type=\"widget\" data-settings=\"{&quot;row_gap&quot;:{&quot;unit&quot;:&quot;px&quot;,&quot;size&quot;:56,&quot;sizes&quot;:[]},&quot;quick_view&quot;:&quot;yes&quot;,&quot;pagination&quot;:&quot;numbers&quot;,&quot;columns&quot;:&quot;3&quot;,&quot;columns_tablet&quot;:&quot;2&quot;,&quot;columns_mobile&quot;:&quot;1&quot;,&quot;carousel&quot;:&quot;no&quot;,&quot;layout&quot;:&quot;grid&quot;,&quot;row_gap_tablet&quot;:{&quot;unit&quot;:&quot;px&quot;,&quot;size&quot;:&quot;&quot;,&quot;sizes&quot;:[]},&quot;row_gap_mobile&quot;:{&quot;unit&quot;:&quot;px&quot;,&quot;size&quot;:&quot;&quot;,&quot;sizes&quot;:[]},&quot;animation&quot;:&quot;yes&quot;,&quot;neuron_animations&quot;:&quot;h-neuron-animation--slideUp&quot;,&quot;neuron_animations_duration&quot;:&quot;animated&quot;,&quot;animation_delay&quot;:0}\" data-widget_type=\"neuron-woo-products.default\">\n\t\t\t\t<div class=\"elementor-widget-container\">\n\t\t\t\t\t<div class=\"m-neuron-filters\" aria-label=\"Filters\">\n\t\t\t<ul >\n\t\t\t\t\t\t\t\t\t<li class=\"m-neuron-filters__item active\" data-filter=\"*\">Zobacz wszystkie<\/li>\n\t\t\t\t\n\t\t\t\t\t\t\t\t\t<li class=\"m-neuron-filters__item\" data-filter=\"product_cat-warsztaty-pajakow\">Warsztaty Paj\u0105k\u00f3w<\/li>\n\t\t\t\t\t\t\t<\/ul>\n\t\t<\/div>\n\t\t\t\t\t\t\t\t\t\t<div class=\"m-neuron-product__woo-bar\">\n\t\t\t\t\t\t\t\t\t\t<form class=\"woocommerce-ordering\" method=\"get\" action=\"\">\n\t<select name=\"orderby\" class=\"orderby\" aria-label=\"Shop order\" data-no-translation-aria-label=\"\">\n\t\t\t\t\t<option value=\"menu_order\"  selected='selected'>Default sorting<\/option>\n\t\t\t\t\t<option value=\"popularity\" >Sort by popularity<\/option>\n\t\t\t\t\t<option value=\"rating\" >Sort by average rating<\/option>\n\t\t\t\t\t<option value=\"date\" >Sort by newness<\/option>\n\t\t\t\t\t<option value=\"price\" >Sort by price: low to high<\/option>\n\t\t\t\t\t<option value=\"price-desc\" >Sort by price: high to low<\/option>\n\t\t\t<\/select>\n\t<input type=\"hidden\" name=\"paged\" value=\"1\" \/>\n\t<input type=\"hidden\" name=\"trp-form-language\" value=\"en\"\/><\/form>\n\t\t\t\t\t<\/div>\n\t\t\t\t\t\t<div class=\"l-neuron-grid products\" data-masonry-id=\"f2ff8104c849f8a92335074c7491f7a8\">\n\t\t\t\t\t\t\t\t\t\t\t\t<article class=\"l-neuron-grid__item h-neuron-animation--wow m-neuron-product m-neuron-post post-8944 product type-product status-publish has-post-thumbnail product_cat-warsztaty-pajakow product_tag-handmade product_tag-handmagic product_tag-pajak product_tag-tradycyjny-pajak product_tag-warsztaty-pajakow first instock shipping-taxable purchasable product-type-simple\" data-id=\"8944\">\n\t\t\t\t\t\t\t\t<div class=\"m-neuron-post__inner m-neuron-product__inner\">\n\t\t\t\t\t\t\t\t\t<div class=\"m-neuron-post__thumbnail--link m-neuron-product__thumbnail--link\" ><div class=\"m-neuron-product__overlay\"><span class=\"m-neuron-product__add-to-cart\"><a href=\"?add-to-cart=8944\" rel=\"nofollow\" data-product_id=\"8944\" data-product_sku=\"\" class=\"button ajax_add_to_cart add_to_cart_button product_type_simple\">\n\t\t\t\t\t\t\t<span>Dodaj do koszyka<\/span>\n\t\t\t\t\t\t\t\n\t\t\t\t\t\t<\/a><\/span> <span class=\"m-neuron-product__quick-view\"><a data-product_id=\"8944\" href=\"#\"><svg width=\"17\" height=\"16\" viewbox=\"0 0 17 16\" fill=\"none\" xmlns=\"http:\/\/www.w3.org\/2000\/svg\">\n\t\t\t\t\t\t<path d=\"M1.88982 8.83733C1.59207 8.31873 1.59207 7.68128 1.88981 7.16267C3.45648 4.43394 5.96236 2.66663 8.78637 2.66663C11.6104 2.66663 14.1162 4.43392 15.6829 7.16262C15.9806 7.68122 15.9806 8.31867 15.6829 8.83727C14.1162 11.566 11.6103 13.3333 8.78634 13.3333C5.96235 13.3333 3.45648 11.566 1.88982 8.83733Z\" stroke=\"#121212\" stroke-width=\"1.5\"\/>\n\t\t\t\t\t\t<ellipse cx=\"8.78662\" cy=\"8\" rx=\"2\" ry=\"2\" stroke=\"#121212\" stroke-width=\"1.5\"\/>\n\t\t\t\t\t<\/svg><\/a><\/span><\/div><a class=\"m-neuron-product__permalink\" href=\"https:\/\/urbanmagia.com\/en\/product\/pajaki-dla-zielonych-i-nie-tylko-on-line\/\"><div class=\"m-neuron-post__thumbnail m-neuron-product__thumbnail\"><img fetchpriority=\"high\" decoding=\"async\" width=\"680\" height=\"850\" src=\"https:\/\/urbanmagia.com\/wp-content\/uploads\/2025\/12\/pajaki-obreczowe-online-1.webp\" class=\"attachment-full size-full wp-post-image\" alt=\"\" srcset=\"https:\/\/urbanmagia.com\/wp-content\/uploads\/2025\/12\/pajaki-obreczowe-online-1.webp 680w, https:\/\/urbanmagia.com\/wp-content\/uploads\/2025\/12\/pajaki-obreczowe-online-1-240x300.webp 240w, https:\/\/urbanmagia.com\/wp-content\/uploads\/2025\/12\/pajaki-obreczowe-online-1-10x12.webp 10w, https:\/\/urbanmagia.com\/wp-content\/uploads\/2025\/12\/pajaki-obreczowe-online-1-600x750.webp 600w\" sizes=\"(max-width: 680px) 100vw, 680px\" \/><\/div><\/a><\/div>\n\t\t\t\t\t\t\t\t\t<div class=\"m-neuron-post__text m-neuron-product__content\">\n\t\t\t\t\t\t\t\t\t\t<h4 class=\"m-neuron-product__title\"><a href=\"https:\/\/urbanmagia.com\/en\/product\/pajaki-dla-zielonych-i-nie-tylko-on-line\/\">PAJ\u0104KI KWIETNE dla ZIELONYCH i nie tylko. ON LINE<\/a><\/h4>\t\t\t\t\t\t\t\t\t\t\t\t\t\t\t\t\t\t\t\t<span class=\"m-neuron-product__price\"><span class=\"woocommerce-Price-amount amount\">345,00&nbsp;<span class=\"woocommerce-Price-currencySymbol\">&#122;&#322;<\/span><\/span><\/span>\t\t\t\t\t\t\t\t\t\t\t\t\t\t\t\t\t\t\t<\/div>\n\n\t\t\t\t\t\t\t\t\t\t\t\t\t\t\t\t\t<\/div>\n\t\t\t\t\t\t\t<\/article>\n\t\t\t\t\t\t\t\t\t\t\t<\/div>\n\n\t\t\t\n\t\t\t\t<\/div>\n\t\t\t\t<\/div>\n\t\t\t\t\t<\/div>\n\t\t\t\t<\/div>\n\t\t<div class=\"elementor-element elementor-element-da6bb6e e-flex e-con-boxed e-con e-parent\" data-id=\"da6bb6e\" data-element_type=\"container\" data-core-v316-plus=\"true\">\n\t\t\t\t\t<div class=\"e-con-inner\">\n\t\t\t\t<div class=\"elementor-element elementor-element-e269e5a l-neuron-grid-wrapper--columns__3 l-neuron-grid-wrapper-tablet--columns__2 l-neuron-grid-wrapper-mobile--columns__1 m-neuron-posts--layout-grid m-neuron-product__add-to-cart--position-inside m-neuron-product__add-to-cart--h-justified elementor-invisible elementor-widget elementor-widget-neuron-woo-products\" data-id=\"e269e5a\" data-element_type=\"widget\" data-settings=\"{&quot;row_gap&quot;:{&quot;unit&quot;:&quot;px&quot;,&quot;size&quot;:56,&quot;sizes&quot;:[]},&quot;quick_view&quot;:&quot;yes&quot;,&quot;columns&quot;:&quot;3&quot;,&quot;columns_tablet&quot;:&quot;2&quot;,&quot;columns_mobile&quot;:&quot;1&quot;,&quot;carousel&quot;:&quot;no&quot;,&quot;layout&quot;:&quot;grid&quot;,&quot;pagination&quot;:&quot;none&quot;,&quot;row_gap_tablet&quot;:{&quot;unit&quot;:&quot;px&quot;,&quot;size&quot;:&quot;&quot;,&quot;sizes&quot;:[]},&quot;row_gap_mobile&quot;:{&quot;unit&quot;:&quot;px&quot;,&quot;size&quot;:&quot;&quot;,&quot;sizes&quot;:[]},&quot;animation&quot;:&quot;yes&quot;,&quot;neuron_animations&quot;:&quot;h-neuron-animation--slideUp&quot;,&quot;neuron_animations_duration&quot;:&quot;animated&quot;,&quot;animation_delay&quot;:0}\" data-widget_type=\"neuron-woo-products.default\">\n\t\t\t\t<div class=\"elementor-widget-container\">\n\t\t\t\t\t\t\t\t\t\t\t<div class=\"m-neuron-product__woo-bar\">\n\t\t\t\t\t\t\t\t\t\t<form class=\"woocommerce-ordering\" method=\"get\" action=\"\">\n\t<select name=\"orderby\" class=\"orderby\" aria-label=\"Shop order\" data-no-translation-aria-label=\"\">\n\t\t\t\t\t<option value=\"menu_order\"  selected='selected'>Default sorting<\/option>\n\t\t\t\t\t<option value=\"popularity\" >Sort by popularity<\/option>\n\t\t\t\t\t<option value=\"rating\" >Sort by average rating<\/option>\n\t\t\t\t\t<option value=\"date\" >Sort by newness<\/option>\n\t\t\t\t\t<option value=\"price\" >Sort by price: low to high<\/option>\n\t\t\t\t\t<option value=\"price-desc\" >Sort by price: high to low<\/option>\n\t\t\t<\/select>\n\t<input type=\"hidden\" name=\"paged\" value=\"1\" \/>\n\t<input type=\"hidden\" name=\"trp-form-language\" value=\"en\"\/><\/form>\n\t\t\t\t\t<\/div>\n\t\t\t\t\t\t<div class=\"l-neuron-grid products\" data-masonry-id=\"c9e48901db8bc572e60a838cddc501f0\">\n\t\t\t\t\t\t\t\t\t<\/div>\n\n\t\t\t\n\t\t\t\t<\/div>\n\t\t\t\t<\/div>\n\t\t\t\t\t<\/div>\n\t\t\t\t<\/div>\n\t\t\t\t<\/div>","protected":false},"excerpt":{"rendered":"<p>Warsztaty Paj\u0105k\u00f3w Zobacz wszystkie Warsztaty Paj\u0105k\u00f3w Default sortingSort by popularitySort by average ratingSort by newnessSort by price: low to highSort by price: high to low Dodaj do koszyka PAJ\u0104KI KWIETNE dla ZIELONYCH i nie tylko. Warsztaty w Krakowie. 345,00&nbsp;&#122;&#322; 320,00&nbsp;&#122;&#322; Dodaj do koszyka PAJ\u0104KI dla ZIELONYCH i nie tylko. Warsztaty w Krakowie. 345,00&nbsp;&#122;&#322; 320,00&nbsp;&#122;&#322; Dodaj&#8230;<\/p>","protected":false},"author":1,"featured_media":0,"parent":0,"menu_order":0,"comment_status":"closed","ping_status":"closed","template":"elementor_header_footer","meta":{"footnotes":""},"class_list":["post-7882","page","type-page","status-publish","hentry"],"jetpack_sharing_enabled":true,"_links":{"self":[{"href":"https:\/\/urbanmagia.com\/en\/wp-json\/wp\/v2\/pages\/7882","targetHints":{"allow":["GET"]}}],"collection":[{"href":"https:\/\/urbanmagia.com\/en\/wp-json\/wp\/v2\/pages"}],"about":[{"href":"https:\/\/urbanmagia.com\/en\/wp-json\/wp\/v2\/types\/page"}],"author":[{"embeddable":true,"href":"https:\/\/urbanmagia.com\/en\/wp-json\/wp\/v2\/users\/1"}],"replies":[{"embeddable":true,"href":"https:\/\/urbanmagia.com\/en\/wp-json\/wp\/v2\/comments?post=7882"}],"version-history":[{"count":31,"href":"https:\/\/urbanmagia.com\/en\/wp-json\/wp\/v2\/pages\/7882\/revisions"}],"predecessor-version":[{"id":9447,"href":"https:\/\/urbanmagia.com\/en\/wp-json\/wp\/v2\/pages\/7882\/revisions\/9447"}],"wp:attachment":[{"href":"https:\/\/urbanmagia.com\/en\/wp-json\/wp\/v2\/media?parent=7882"}],"curies":[{"name":"wp","href":"https:\/\/api.w.org\/{rel}","templated":true}]}}