{"id":7765,"date":"2024-06-10T11:12:46","date_gmt":"2024-06-10T11:12:46","guid":{"rendered":"https:\/\/urbanmagia.pl\/?page_id=7765"},"modified":"2024-06-10T11:36:17","modified_gmt":"2024-06-10T11:36:17","slug":"polityka-prywatnosci","status":"publish","type":"page","link":"https:\/\/urbanmagia.com\/en\/polityka-prywatnosci\/","title":{"rendered":"Polityka Prywatno\u015bci"},"content":{"rendered":"<div data-elementor-type=\"wp-page\" data-elementor-id=\"7765\" class=\"elementor elementor-7765\">\n\t\t\t\t<div class=\"elementor-element elementor-element-d24fc8c e-flex e-con-boxed e-con e-parent\" data-id=\"d24fc8c\" data-element_type=\"container\" data-core-v316-plus=\"true\">\n\t\t\t\t\t<div class=\"e-con-inner\">\n\t\t\t\t<div class=\"elementor-element elementor-element-db7288d elementor-widget elementor-widget-text-editor\" data-id=\"db7288d\" data-element_type=\"widget\" data-widget_type=\"text-editor.default\">\n\t\t\t\t<div class=\"elementor-widget-container\">\n\t\t\t<style>\/*! elementor - v3.20.0 - 20-03-2024 *\/\n.elementor-widget-text-editor.elementor-drop-cap-view-stacked .elementor-drop-cap{background-color:#69727d;color:#fff}.elementor-widget-text-editor.elementor-drop-cap-view-framed .elementor-drop-cap{color:#69727d;border:3px solid;background-color:transparent}.elementor-widget-text-editor:not(.elementor-drop-cap-view-default) .elementor-drop-cap{margin-top:8px}.elementor-widget-text-editor:not(.elementor-drop-cap-view-default) .elementor-drop-cap-letter{width:1em;height:1em}.elementor-widget-text-editor .elementor-drop-cap{float:left;text-align:center;line-height:1;font-size:50px}.elementor-widget-text-editor .elementor-drop-cap-letter{display:inline-block}<\/style>\t\t\t\t<h1>Polityka Prywatno\u015bci<\/h1>\t\t\t\t\t\t<\/div>\n\t\t\t\t<\/div>\n\t\t\t\t<div class=\"elementor-element elementor-element-549b5a0 elementor-widget elementor-widget-text-editor\" data-id=\"549b5a0\" data-element_type=\"widget\" data-widget_type=\"text-editor.default\">\n\t\t\t\t<div class=\"elementor-widget-container\">\n\t\t\t\t\t\t\t<p><!-- wp:heading --><\/p>\n<p><!-- \/wp:heading --><!-- wp:paragraph --><\/p>\n<p>Niniejszy dokument zawiera Polityk\u0119 Prywatno\u015bci, kt\u00f3ra ma zastosowanie do strony <strong>urbanmagia.com<\/strong>, wszystkich jej podstron oraz oferowanych na niej us\u0142ug, a jej celem jest przedstawienie w jaki spos\u00f3b w\u0142a\u015bcicielka strony, prowadz\u0105ca dzia\u0142alno\u015b\u0107 pod nazw\u0105 <strong>M.O.C- KATARZYNA DOROTA-\u0141UCZYN<\/strong> i numerem NIP 7122766669, zwana dalej <strong>M.O.C<\/strong>, gromadzi i wykorzystuje informacje zebrane od oso b korzystaj\u0105cych ze strony <strong>urbanmagia.com<\/strong>, zwanych dalej <strong>Osobami<\/strong>.<\/p>\n<p>\u00a0<\/p>\n<p>\u00a0<\/p>\n<p><!-- \/wp:paragraph --><!-- wp:heading --><\/p>\n<h2>\u00a71. Polityka cookies dla strony i podstron urbanmagia.com<\/h2>\n<p><!-- \/wp:heading --><!-- wp:paragraph --><\/p>\n<p>1. <strong>M.O.C<\/strong> zapewnia Osobom korzystaj\u0105cym ze strony urbanmagia.com prawo wyboru w zakresie udost\u0119pniania informacji, kt\u00f3re ich dotycz\u0105.<br \/>2. Na stronie urbanmagia.com u\u017cywane s\u0105 technologie, takie jak pliki cookies, do rejestrowania odwiedzanych podstron i podejmowanych na nich aktywno\u015bci.<br \/>3. Aby korzysta\u0107 ze strony <strong>urbanmagia.com<\/strong> bez rejestrowania aktywno\u015bci, nale\u017cy u\u017cywa\u0107 trybu prywatnego przegl\u0105darki lub stosowa\u0107 rozwi\u0105zania opisane w paragrafie 2.<br \/>4. Pliki cookies to informacje wysy\u0142ane przez serwis do przegl\u0105darki i odsy\u0142ane przy kolejnych wizytach, u\u017cywane do utrzymywania zalogowania i innych informacji wynikaj\u0105cych z aktywno\u015bci na stronie.<\/p>\n<p><!-- \/wp:paragraph --><!-- wp:heading --><\/p>\n<h2>\u00a0<\/h2>\n<p>\u00a0<\/p>\n<h2>\u00a72. Stosowanie plik\u00f3w cookie<\/h2>\n<p><!-- \/wp:heading --><!-- wp:paragraph --><\/p>\n<p>1. Pliki cookies mog\u0105 by\u0107 wykorzystywane na stronie i podstronach <strong>urbanmagia.com<\/strong> w nast\u0119puj\u0105cy spos\u00f3b:<\/p>\n<ul>\n<li>a. usprawnienie dzia\u0142ania Google Ads, Google Analytics, Google, YouTube zgodnie z polityk\u0105 prywatno\u015bci Google: https:\/\/www.google.com\/intl\/pl_pl\/policies\/technologies\/cookies\/,<\/li>\n<li>b. usprawnienie dzia\u0142ania reklam i rozwi\u0105za\u0144 informatycznych META,<\/li>\n<li>c. usprawnienie dzia\u0142ania narz\u0119dzia analitycznego HotJar.<\/li>\n<\/ul>\n<p>2. Strona urbanmagia.com u\u017cywa <strong>Google Analytics<\/strong> do zamieszczania kodu zliczaj\u0105cego w przegl\u0105darce, kt\u00f3ry zbiera dane o aktywno\u015bciach na urbanmagia.com, z anonimizacj\u0105 numeru IP Osoby.<br \/>3. Dane zbierane przez <strong>Google Analytics<\/strong> s\u0105 u\u017cywane do raport\u00f3w demograficznych, remarketingu, \u015bledzenia aktywno\u015bci na stronie (przewijanie, kopiowanie, pobieranie, czasy aktywno\u015bci, zdarzenia) oraz dopasowania reklam Google Ads. Dane s\u0105 zbierane anonimowo.<br \/>4. Zbieranie danych przez Google mo\u017cna wy\u0142\u0105czy\u0107 w narz\u0119dziu udost\u0119pnianym przez Google: https:\/\/tools.google.com\/dlpage\/gaoptout\/<br \/>5. Na stronie i podstronach urbanmagia.com umieszczane s\u0105 elementy wideo udost\u0119pniane z serwisu <strong>YouTube<\/strong>, poprzez kod odwo\u0142uj\u0105cy si\u0119 do serwisu YouTube. YouTube \u015bledzi odtwarzanie klip\u00f3w wideo, a \u015bledzenie to odbywa si\u0119 zgodnie z zasadami ochrony prywatno\u015bci, kt\u00f3re s\u0105 dost\u0119pne na https:\/\/www.youtube.com\/howyoutubeworks\/user-settings\/privacy\/<br \/>6. Na stronie i podstronach urbanmagia.com stosowane jest narz\u0119dzie analityczne HotJar, kt\u00f3re \u015bledzi na nich zachowania Osoby poprzez pliki cookies firmy <strong>Hotjar<\/strong>. Aby zainstalowa\u0107 w swojej przegl\u0105darce sta\u0142\u0105 blokad\u0119 narz\u0119dzia HotJar, nale\u017cy skorzysta\u0107 z tych rozwi\u0105za\u0144: https:\/\/www.hotjar.com\/policies\/do-not-track\/.<br \/>7. Na stronie i podstronach urbanmagia.com zastosowany jest kod zbieraj\u0105cy dane Osoby od firmy <strong>META<\/strong>, wykorzystywany do analiz statystycznych zachowania u\u017cytkownik\u00f3w strony i podstron urbanmagia.com i w celu dopasowania reklam na portalach <strong>Facebook<\/strong> oraz <strong>Instagram<\/strong>. Polityka prywatno\u015bci META: https:\/\/www.facebook.com\/privacy\/policy\/<br \/>8. Wi\u0119kszo\u015b\u0107 przegl\u0105darek umo\u017cliwia kontrolowanie plik\u00f3w cookie w ustawieniach preferencji. Ograniczenie mo\u017cliwo\u015bci stron do stosowania plik\u00f3w cookie mo\u017ce pogorszy\u0107 og\u00f3ln\u0105 jako\u015b\u0107 korzystania ze stron.<\/p>\n<p><!-- \/wp:paragraph --><!-- wp:heading --><\/p>\n<h2>\u00a0<\/h2>\n<p>\u00a0<\/p>\n<h2>\u00a73. Ochrona prywatno\u015bci \u2013 informacje og\u00f3lne<\/h2>\n<p><!-- \/wp:heading --><!-- wp:paragraph --><\/p>\n<p>1. Operatorem oraz Administratorem Danych Osobowych strony <strong>urbanmagia.com<\/strong> jest <strong>M.O.C- KATARZYNA DOROTA-\u0141UCZYN<\/strong>, numer NIP 7122766669, zwana dalej Administratorem.<br \/>2. Strona urbanmagia.com pozyskuje dane Os\u00f3b w nast\u0119puj\u0105cy spos\u00f3b:<\/p>\n<ul>\n<li>a. dobrowolnie wprowadzenie przez Osob\u0119 informacji w formularzach na urbanmagia.com,<\/li>\n<li>b. dobrowolne wprowadzenie przez Osob\u0119 informacji w komentarzach na urbanmagia.com,<\/li>\n<li>c. zapisywanie w przegl\u0105darce Osoby plik\u00f3w cookie podczas korzystania z urbanmagia.com,<\/li>\n<li>d. dobrowolny zapis do newslettera na urbanmagia.com.<\/li>\n<\/ul>\n<p>3. Osoba mo\u017ce wnie\u015b\u0107 skarg\u0119 na post\u0119powanie Administratora do Prezesa Urz\u0119du Danych Osobowych.<\/p>\n<p>\u00a0<\/p>\n<p>\u00a0<\/p>\n<h2>\u00a74. Formularze zbieraj\u0105ce dane u\u017cytkownik\u00f3w<\/h2>\n<p><!-- \/wp:heading --><!-- wp:paragraph --><\/p>\n<p>1. Strona urbanmagia.com zbiera informacje podane dobrowolnie przez Osob\u0119 w formularzach dost\u0119pnych na urbanmagia.com.<br \/>2. Wraz z podanymi w formularzu danymi mog\u0105 by\u0107 zapisane takie parametry jak oznaczenie czasu i adres IP, z kt\u00f3rego korzysta w momencie wype\u0142niania formularza Osoba.<br \/>3. Dane w formularzu nie s\u0105 udost\u0119pniane podmiotom trzecim inaczej, ni\u017c za zgod\u0105 Osoby.<br \/>4. W momencie zapisu do newslettera Osoba dobrowolnie przekazuje Administratorowi dane, kt\u00f3re s\u0105 nast\u0119pnie przetwarzane wy\u0142\u0105cznie w celu przes\u0142ania newslettera od urbanmagia.com.<br \/>5. Dane podane w formularzach mog\u0105 by\u0107 przekazane przez Administratora innym podmiotom realizuj\u0105cym us\u0142ugi ze strony urbanmagia.com, na kt\u00f3re to us\u0142ugi Osoba wyrazi\u0142a zgod\u0119, np. do podmiot\u00f3w b\u0119d\u0105cych operatorami domen internetowych (np. NASK), serwis\u00f3w obs\u0142uguj\u0105cych<br \/>p\u0142atno\u015bci, narz\u0119dzi do wysy\u0142ki newsletter\u00f3w lub te\u017c do innych podmiot\u00f3w, z kt\u00f3rymi urbanmagia.com wsp\u00f3\u0142pracuje w zakresie technicznego wykonania us\u0142ug na realizacj\u0119 kt\u00f3rych wyrazi\u0142a zgod\u0119 Osoba.<\/p>\n<p>\u00a0<\/p>\n<h2>\u00a0<\/h2>\n<h2>\u00a75.Udost\u0119pnianie danych<\/h2>\n<p><!-- \/wp:heading --><!-- wp:paragraph --><\/p>\n<p>1. Dane Osoby podlegaj\u0105 udost\u0119pnieniu podmiotom zewn\u0119trznym przez Administratora wy\u0142\u0105cznie w granicach prawnie dozwolonych.<br \/>2. Dane Osoby umo\u017cliwiaj\u0105ce jej fizyczn\u0105 identyfikacj\u0119 s\u0105 udost\u0119pniane wy\u0142\u0105czenie za wyra\u017an\u0105 zgod\u0105 tej Osoby z potwierdzeniem \u015bwiadomo\u015bci konsekwencji wyra\u017cenia takiej zgody.<br \/>3. Administrator mo\u017ce mie\u0107 obowi\u0105zek udzielania informacji zebranych przez stron\u0119 i podstrony urbanmagia.com upowa\u017cnionym organom na podstawie zgodnych z prawem \u017c\u0105da\u0144 w zakresie wynikaj\u0105cym ze zg\u0142oszonego przez nie \u017c\u0105dania.<\/p>\n<p><!-- \/wp:paragraph --><!-- wp:heading --><\/p>\n<h2>\u00a0<\/h2>\n<p>\u00a0<\/p>\n<h2>\u00a76. Modyfikacja danych osobowych<\/h2>\n<p><!-- \/wp:heading --><!-- wp:paragraph --><\/p>\n<p>1. Administrator w pe\u0142ni szanuje i chroni prawo do prywatno\u015bci ka\u017cdej Osoby, zachowuj\u0105c szczeg\u00f3ln\u0105 dba\u0142o\u015b\u0107 o przetwarzanie i ochron\u0119 jej danych osobowych.<br \/>2. Osobie przys\u0142uguje prawo do zapoznania si\u0119 ze swoimi danymi przechowywanymi przez Administratora i w razie zaistnienia konieczno\u015bci, prawo do poprawienia i uzupe\u0142niania wszelkich nieprawid\u0142owych lub niepe\u0142nych danych osobowych oraz do wycofania zgody na ich przetwarzanie. Osoba mo\u017ce w dowolnym momencie za\u017c\u0105da\u0107 usuni\u0119cia jego danych osobowych z bazy danych Administratora. W tym celu powinna przes\u0142a\u0107 \u017c\u0105danie zmiany lub usuni\u0119cia danych drog\u0105 elektroniczn\u0105 na adres: kontakt@urbanmagia.com. Dane Osoby s\u0105 przechowywane do momentu wycofania zgody lub zg\u0142oszenia \u017c\u0105dania usuni\u0119cia ich z bazy danych Administratora.<\/p>\n<p>\u00a0<\/p>\n<h2>\u00a0<\/h2>\n<h2>\u00a77. Cele marketingowe<\/h2>\n<p><!-- \/wp:heading --><!-- wp:paragraph --><\/p>\n<p>1. Dane osobowe oraz informacje udost\u0119pnione przez Osob\u0119 za po\u015brednictwem stron i podstron urbanmagia.com mog\u0105 by\u0107 wykorzystane do cel\u00f3w marketingowych, zgodnie z wyra\u017con\u0105 przez Osob\u0119 zgod\u0105 na takie ich wykorzystanie.<\/p>\n<p>2. Dane te mog\u0105 by\u0107 tak\u017ce udost\u0119pnione wybranym podmiotom trzecim, z kt\u00f3rymi Administrator wsp\u00f3\u0142pracuje przy dostarczaniu produkt\u00f3w i us\u0142ug swoim klientom oraz z kt\u00f3rymi wsp\u00f3\u0142pracuje w zakresie marketingu, zgodnie z wyra\u017con\u0105 przez Osob\u0119 zgod\u0105 na takie ich wykorzystanie.<br \/>3. W przypadku braku zgody Osoby na wykorzystanie danych osobowych w spos\u00f3b uj\u0119ty w par. 7 pkt 1 i 2 dane te nie mog\u0105 by\u0107 wykorzystywane w te sposoby.<\/p>\n<p><!-- \/wp:paragraph --><!-- wp:heading --><\/p>\n<h2>\u00a0<\/h2>\n<p>\u00a0<\/p>\n<h2>\u00a78. Zmiana Polityki Prywatno\u015bci<\/h2>\n<p><!-- \/wp:heading --><!-- wp:paragraph --><\/p>\n<p>1. Przedstawiona w niniejszym dokumencie Polityka Prywatno\u015bci obowi\u0105zuje od dnia 7 czerwca 2024 roku.<br \/>2. Tre\u015b\u0107 wy\u017cej wymienionej Polityki Prywatno\u015bci mo\u017ce ulec zmianie w wyniku konieczno\u015bci dopasowania jej do zmian technologicznych i prawnych oraz w skutek zmiany funkcji i technologii dost\u0119pnych i wykorzystywanych na stronie urbanmagia.com. W takim przypadku nowa wersja Polityki Prywatno\u015bci zostanie udost\u0119pniona w tym samym miejscu na urbanmagia.com wraz z informacj\u0105 o jej aktualizacji.<\/p>\n<p>\u00a0<\/p>\n<p>\u00a0<\/p>\n<p>Pytania odno\u015bnie Polityki Prywatno\u015bci strony urbanmagia.com nale\u017cy kierowa\u0107 na adres: <strong>kontakt@urbanmagia.com.<\/strong><\/p>\n<p><!-- \/wp:paragraph --><\/p>\t\t\t\t\t\t<\/div>\n\t\t\t\t<\/div>\n\t\t\t\t\t<\/div>\n\t\t\t\t<\/div>\n\t\t\t\t<\/div>","protected":false},"excerpt":{"rendered":"<p>Polityka Prywatno\u015bci Niniejszy dokument zawiera Polityk\u0119 Prywatno\u015bci, kt\u00f3ra ma zastosowanie do strony urbanmagia.com, wszystkich jej podstron oraz oferowanych na niej us\u0142ug, a jej celem jest przedstawienie w jaki spos\u00f3b w\u0142a\u015bcicielka strony, prowadz\u0105ca dzia\u0142alno\u015b\u0107 pod nazw\u0105 M.O.C- KATARZYNA DOROTA-\u0141UCZYN i numerem NIP 7122766669, zwana dalej M.O.C, gromadzi i wykorzystuje informacje zebrane od oso b korzystaj\u0105cych ze&#8230;<\/p>","protected":false},"author":1,"featured_media":0,"parent":0,"menu_order":0,"comment_status":"closed","ping_status":"closed","template":"elementor_header_footer","meta":{"footnotes":""},"class_list":["post-7765","page","type-page","status-publish","hentry"],"jetpack_sharing_enabled":true,"_links":{"self":[{"href":"https:\/\/urbanmagia.com\/en\/wp-json\/wp\/v2\/pages\/7765","targetHints":{"allow":["GET"]}}],"collection":[{"href":"https:\/\/urbanmagia.com\/en\/wp-json\/wp\/v2\/pages"}],"about":[{"href":"https:\/\/urbanmagia.com\/en\/wp-json\/wp\/v2\/types\/page"}],"author":[{"embeddable":true,"href":"https:\/\/urbanmagia.com\/en\/wp-json\/wp\/v2\/users\/1"}],"replies":[{"embeddable":true,"href":"https:\/\/urbanmagia.com\/en\/wp-json\/wp\/v2\/comments?post=7765"}],"version-history":[{"count":13,"href":"https:\/\/urbanmagia.com\/en\/wp-json\/wp\/v2\/pages\/7765\/revisions"}],"predecessor-version":[{"id":7778,"href":"https:\/\/urbanmagia.com\/en\/wp-json\/wp\/v2\/pages\/7765\/revisions\/7778"}],"wp:attachment":[{"href":"https:\/\/urbanmagia.com\/en\/wp-json\/wp\/v2\/media?parent=7765"}],"curies":[{"name":"wp","href":"https:\/\/api.w.org\/{rel}","templated":true}]}}