{"id":7761,"date":"2024-06-10T10:54:29","date_gmt":"2024-06-10T10:54:29","guid":{"rendered":"https:\/\/urbanmagia.pl\/?page_id=7761"},"modified":"2025-12-01T17:42:43","modified_gmt":"2025-12-01T17:42:43","slug":"o-pajakach","status":"publish","type":"page","link":"https:\/\/urbanmagia.com\/en\/blog\/o-pajakach\/","title":{"rendered":"O Paj\u0105kach"},"content":{"rendered":"<div data-elementor-type=\"wp-page\" data-elementor-id=\"7761\" class=\"elementor elementor-7761\">\n\t\t\t\t<div class=\"elementor-element elementor-element-6b46b30 e-con-full e-flex e-con e-parent\" data-id=\"6b46b30\" data-element_type=\"container\" data-core-v316-plus=\"true\">\n\t\t<div class=\"elementor-element elementor-element-f0644a2 e-con-full e-flex e-con e-child\" data-id=\"f0644a2\" data-element_type=\"container\">\n\t\t\t\t<div class=\"elementor-element elementor-element-0e45e37 elementor-widget elementor-widget-image\" data-id=\"0e45e37\" data-element_type=\"widget\" data-widget_type=\"image.default\">\n\t\t\t\t<div class=\"elementor-widget-container\">\n\t\t\t<style>\/*! elementor - v3.20.0 - 20-03-2024 *\/\n.elementor-widget-image{text-align:center}.elementor-widget-image a{display:inline-block}.elementor-widget-image a img[src$=\".svg\"]{width:48px}.elementor-widget-image img{vertical-align:middle;display:inline-block}<\/style>\t\t\t\t\t\t\t\t\t\t<img fetchpriority=\"high\" decoding=\"async\" width=\"768\" height=\"1024\" src=\"https:\/\/urbanmagia.com\/wp-content\/uploads\/2024\/05\/pajak_tarczowy2-768x1024.jpg\" class=\"attachment-large size-large wp-image-7378\" alt=\"\" srcset=\"https:\/\/urbanmagia.com\/wp-content\/uploads\/2024\/05\/pajak_tarczowy2-768x1024.jpg 768w, https:\/\/urbanmagia.com\/wp-content\/uploads\/2024\/05\/pajak_tarczowy2-225x300.jpg 225w, https:\/\/urbanmagia.com\/wp-content\/uploads\/2024\/05\/pajak_tarczowy2-1152x1536.jpg 1152w, https:\/\/urbanmagia.com\/wp-content\/uploads\/2024\/05\/pajak_tarczowy2-1536x2048.jpg 1536w, https:\/\/urbanmagia.com\/wp-content\/uploads\/2024\/05\/pajak_tarczowy2-600x800.jpg 600w, https:\/\/urbanmagia.com\/wp-content\/uploads\/2024\/05\/pajak_tarczowy2.jpg 1800w\" sizes=\"(max-width: 768px) 100vw, 768px\" \/>\t\t\t\t\t\t\t\t\t\t\t\t\t<\/div>\n\t\t\t\t<\/div>\n\t\t\t\t<div class=\"elementor-element elementor-element-67cf8c2 elementor-widget elementor-widget-heading\" data-id=\"67cf8c2\" data-element_type=\"widget\" data-widget_type=\"heading.default\">\n\t\t\t\t<div class=\"elementor-widget-container\">\n\t\t\t<style>\/*! elementor - v3.20.0 - 20-03-2024 *\/\n.elementor-heading-title{padding:0;margin:0;line-height:1}.elementor-widget-heading .elementor-heading-title[class*=elementor-size-]>a{color:inherit;font-size:inherit;line-height:inherit}.elementor-widget-heading .elementor-heading-title.elementor-size-small{font-size:15px}.elementor-widget-heading .elementor-heading-title.elementor-size-medium{font-size:19px}.elementor-widget-heading .elementor-heading-title.elementor-size-large{font-size:29px}.elementor-widget-heading .elementor-heading-title.elementor-size-xl{font-size:39px}.elementor-widget-heading .elementor-heading-title.elementor-size-xxl{font-size:59px}<\/style><span class=\"elementor-heading-title elementor-size-default\">Foto: archiwum Urban Magii <\/span>\t\t<\/div>\n\t\t\t\t<\/div>\n\t\t\t\t<\/div>\n\t\t<div class=\"elementor-element elementor-element-83dd998 e-con-full e-flex e-con e-child\" data-id=\"83dd998\" data-element_type=\"container\">\n\t\t\t\t<div class=\"elementor-element elementor-element-ad2ba0f elementor-widget elementor-widget-heading\" data-id=\"ad2ba0f\" data-element_type=\"widget\" data-widget_type=\"heading.default\">\n\t\t\t\t<div class=\"elementor-widget-container\">\n\t\t\t<h2 class=\"elementor-heading-title elementor-size-default\">Paj\u0105ki  <\/h2>\t\t<\/div>\n\t\t\t\t<\/div>\n\t\t\t\t<div class=\"elementor-element elementor-element-a1a7d07 elementor-widget elementor-widget-text-editor\" data-id=\"a1a7d07\" data-element_type=\"widget\" data-widget_type=\"text-editor.default\">\n\t\t\t\t<div class=\"elementor-widget-container\">\n\t\t\t<style>\/*! elementor - v3.20.0 - 20-03-2024 *\/\n.elementor-widget-text-editor.elementor-drop-cap-view-stacked .elementor-drop-cap{background-color:#69727d;color:#fff}.elementor-widget-text-editor.elementor-drop-cap-view-framed .elementor-drop-cap{color:#69727d;border:3px solid;background-color:transparent}.elementor-widget-text-editor:not(.elementor-drop-cap-view-default) .elementor-drop-cap{margin-top:8px}.elementor-widget-text-editor:not(.elementor-drop-cap-view-default) .elementor-drop-cap-letter{width:1em;height:1em}.elementor-widget-text-editor .elementor-drop-cap{float:left;text-align:center;line-height:1;font-size:50px}.elementor-widget-text-editor .elementor-drop-cap-letter{display:inline-block}<\/style>\t\t\t\t<h4><b>Paj\u0105ki<\/b><b> s\u0105 przyk\u0142adem plastyki obrz\u0119dowej*. Spos\u00f3b ich wykonania, u\u017cyte materia\u0142y oraz czas przeznaczony na ich tworzenie, mia\u0142y znaczenie symboliczne.<\/b><\/h4>\t\t\t\t\t\t<\/div>\n\t\t\t\t<\/div>\n\t\t\t\t<div class=\"elementor-element elementor-element-4f1f5ae elementor-widget elementor-widget-text-editor\" data-id=\"4f1f5ae\" data-element_type=\"widget\" data-widget_type=\"text-editor.default\">\n\t\t\t\t<div class=\"elementor-widget-container\">\n\t\t\t\t\t\t\t<p>Ich tw\u00f3rczynie <strong>nie zostawi\u0142y po sobie opis\u00f3w<\/strong>, z kt\u00f3rych mogliby\u015bmy si\u0119 dowiedzie\u0107 wi\u0119cej ni\u017c samo to, co zachowane w sposobie ich wykonywania: <strong>\u017ce przybieraj\u0105 przer\u00f3\u017cne kszta\u0142ty<\/strong>, \u017ce <strong>wiesza si\u0119<\/strong> je w <strong>miejscach nieprzypadkowych<\/strong>, \u017ce tworz\u0105c je <strong>nadaje si\u0119 im funkcj\u0119<\/strong> o wiele<strong> g\u0142\u0119bsz\u0105<\/strong> ni\u017c <strong>tylko ozdobn\u0105<\/strong>. Pewne jest, \u017ce by\u0142y cz\u0119\u015bci\u0105 <strong>tradycji przekazywanej bezpo\u015brednio<\/strong>, wi\u0119c najwi\u0119cej <strong>o nich mo\u017cemy si\u0119 dowiedzie\u0107<\/strong> przez obcowanie z samymi paj\u0105kami &#8211; <strong>wykonywanie, wieszanie <\/strong>ich w swoich domach<strong> i podziwianie ich.<\/strong>\u00a0 \u00a0<\/p>\t\t\t\t\t\t<\/div>\n\t\t\t\t<\/div>\n\t\t\t\t<div class=\"elementor-element elementor-element-45cab90 elementor-widget elementor-widget-text-editor\" data-id=\"45cab90\" data-element_type=\"widget\" data-widget_type=\"text-editor.default\">\n\t\t\t\t<div class=\"elementor-widget-container\">\n\t\t\t\t\t\t\t<h4>Paj\u0105ki czyli\u2026?<\/h4>\t\t\t\t\t\t<\/div>\n\t\t\t\t<\/div>\n\t\t\t\t<div class=\"elementor-element elementor-element-b1353ca elementor-widget elementor-widget-text-editor\" data-id=\"b1353ca\" data-element_type=\"widget\" data-widget_type=\"text-editor.default\">\n\t\t\t\t<div class=\"elementor-widget-container\">\n\t\t\t\t\t\t\t<p><span style=\"font-weight: 400;\">Paj\u0105k to<\/span><span style=\"font-weight: 400;\"><strong> lekka, misterna<\/strong> i <strong>bardzo delikatna konstrukcja<\/strong> wykonywana z <strong>\u0142atwo dost\u0119pnych materia\u0142\u00f3w<\/strong>, takich jak: <strong>s\u0142oma, wiklina, trzcina, groch, p\u0142\u00f3tno, pi\u00f3ra, czy w\u0142\u00f3czka<\/strong>. Z czasem pojawi\u0142y si\u0119 <strong>kolorowe bibu\u0142y i papier<\/strong>.<strong> Materia\u0142y<\/strong>, z kt\u00f3rych tradycyjnie by\u0142y wykonane, zale\u017ca\u0142y od ich <strong>regionalnej dost\u0119pno\u015bci<\/strong>. Same paj\u0105ki raczej nie <strong>s\u0142u\u017cy\u0142y podkre\u015bleniu materialnego statusu<\/strong> gdy\u017c ka\u017cdy mia\u0142 dost\u0119p do potrzebnych materia\u0142\u00f3w. To co <strong>mo\u017cna by\u0142o konkurowa\u0107<\/strong> to <strong>o zachwyt<\/strong> innych &#8211;\u00a0 tw\u00f3rczynie prze\u015bciga\u0142y si\u0119 w <strong>misterno\u015bci i wielko\u015bci konstrukcji<\/strong>. To, co mo\u017cna uzna\u0107 za uniwersalne we wszystkich paj\u0105kach to fakt, \u017ce <strong>podwieszone pod sufitem<\/strong> <strong>kr\u0119c\u0105 si\u0119 delikatnie od ruchu powietrza<\/strong>. <strong>Drug\u0105 cech\u0105<\/strong> jest to, \u017ce z ka\u017cdej strony wygl\u0105daj\u0105 tak samo czyli <strong>nie maj\u0105 przedniej strony i tylnej<\/strong>.\u00a0 Trzecim wyr\u00f3\u017cnikiem jest to, \u017ce <strong>poszczeg\u00f3lne elementy paj\u0105ka powtarzaj\u0105 si\u0119<\/strong>, przypominaj\u0105c swoj\u0105 struktur\u0105 <strong>fraktal<\/strong>.\u00a0 A czwart\u0105, \u017ce <strong>powstaj\u0105 z og\u00f3lnie dost\u0119pnych materia\u0142\u00f3w<\/strong>. Reszta natomiast nale\u017cy do <strong>wyobra\u017ani tw\u00f3rczy\u0144 i tw\u00f3rc\u00f3w<\/strong>.\u00a0<\/span><\/p>\t\t\t\t\t\t<\/div>\n\t\t\t\t<\/div>\n\t\t\t\t<div class=\"elementor-element elementor-element-e801eea elementor-widget elementor-widget-text-editor\" data-id=\"e801eea\" data-element_type=\"widget\" data-widget_type=\"text-editor.default\">\n\t\t\t\t<div class=\"elementor-widget-container\">\n\t\t\t\t\t\t\t<h4 dir=\"auto\"><span style=\"font-weight: 400;\">Czy paj\u0105k to ozdoba?<\/span><\/h4>\t\t\t\t\t\t<\/div>\n\t\t\t\t<\/div>\n\t\t\t\t<div class=\"elementor-element elementor-element-a2e60c1 elementor-widget elementor-widget-text-editor\" data-id=\"a2e60c1\" data-element_type=\"widget\" data-widget_type=\"text-editor.default\">\n\t\t\t\t<div class=\"elementor-widget-container\">\n\t\t\t\t\t\t\t<p><span style=\"font-weight: 400;\"><strong>Obecnie przypisuje si\u0119 paj\u0105kom<\/strong> g\u0142\u00f3wnie <strong>funkcj\u0119 ozdobn\u0105<\/strong>, ale pierwotnie by\u0142y czym\u015b wi\u0119cej, ni\u017c tylko dekoracj\u0105. Sk\u0105d o tym wiemy, skoro przez wieki nikt nic o nich nie napisa\u0142? Do tej pory tam, gdzie wykonuje si\u0119 paj\u0105ki w przekazie mi\u0119dzypokoleniowym, <strong>przypisuje si\u0119 im funkcj\u0119 ochronn\u0105<\/strong> &#8211; zar\u00f3wno dla domownik\u00f3w, jak i samego domu. <strong>\u017bywe jest te\u017c przekonanie<\/strong>, \u017ce <\/span><span style=\"font-weight: 400;\"><strong>przynosz\u0105<\/strong> one <strong>szcz\u0119\u015bcie nowo\u017ce\u0144com<\/strong>, <strong>obdarzaj\u0105c ich p\u0142odno\u015bci\u0105<\/strong> i <strong>chroni\u0105c nowo narodzone dzieci<\/strong>. Jako <strong>symbol obfito\u015bci<\/strong> i <strong>pe\u0142ni<\/strong>, paj\u0105k powstaje w intencji <strong>dobrych plon\u00f3w i ochrony ich<\/strong> przed nieszcz\u0119\u015bciami<\/span><span style=\"font-weight: 400;\">. <strong>Kr\u0119c\u0105c si\u0119<\/strong> delikatnie <strong>pod sufitem<\/strong>, niezmiennie <\/span><span style=\"font-weight: 400;\">przypomina, \u017ce <strong>ruch to \u017cycie i ci\u0105g\u0142a zmiana<\/strong>. <\/span><span style=\"font-weight: 400;\">Do tej pory mo\u017cna us\u0142ysze\u0107 <strong>powszechne przekonanie<\/strong>, \u017ce p<strong>od paj\u0105kiem nie mo\u017cna si\u0119 k\u0142\u00f3ci\u0107,<\/strong> a on sam wprowadza <strong>\u0142ad i harmoni\u0119<\/strong> w <strong>\u017cycie domownik\u00f3w.\u00a0<\/strong><\/span><\/p>\t\t\t\t\t\t<\/div>\n\t\t\t\t<\/div>\n\t\t\t\t<div class=\"elementor-element elementor-element-81f4df4 elementor-widget elementor-widget-text-editor\" data-id=\"81f4df4\" data-element_type=\"widget\" data-widget_type=\"text-editor.default\">\n\t\t\t\t<div class=\"elementor-widget-container\">\n\t\t\t\t\t\t\t<p><span style=\"font-weight: 400;\">Bardzo <strong>wa\u017cn\u0105 funkcj\u0105 paj\u0105ka<\/strong> jest r\u00f3wnie\u017c <strong>wyznaczanie domowej przestrzeni sacrum<\/strong>. <strong>Paj\u0105k<\/strong> tradycyjnie <strong>wisia\u0142<\/strong> w <strong>\u015bwi\u0119tym k\u0105cie<\/strong>, czyli <strong>domowym o\u0142tarzyku<\/strong>, wskazuj\u0105c tym samym <strong>axis mundi<\/strong>, czyli <strong>o\u015b duchowego \u015bwiata domownik\u00f3w.<\/strong> Umieszczenie go w takim miejscu, jasno wskazuje, \u017ce <strong>by\u0142 on czym\u015b wi\u0119cej<\/strong>, <strong>ni\u017c tylko ozdob\u0105<\/strong> dowolnego miejsca w obej\u015bciu.<\/span><\/p>\t\t\t\t\t\t<\/div>\n\t\t\t\t<\/div>\n\t\t\t\t<\/div>\n\t\t\t\t<\/div>\n\t\t<div class=\"elementor-element elementor-element-07849e3 e-con-full e-flex e-con e-parent\" data-id=\"07849e3\" data-element_type=\"container\" data-core-v316-plus=\"true\">\n\t\t<div class=\"elementor-element elementor-element-974066a e-con-full e-flex e-con e-child\" data-id=\"974066a\" data-element_type=\"container\">\n\t\t\t\t<div class=\"elementor-element elementor-element-e3c98b7 elementor-widget elementor-widget-heading\" data-id=\"e3c98b7\" data-element_type=\"widget\" data-widget_type=\"heading.default\">\n\t\t\t\t<div class=\"elementor-widget-container\">\n\t\t\t<h2 class=\"elementor-heading-title elementor-size-default\">Czy paj\u0105ki to tradycja s\u0142owia\u0144ska?<\/h2>\t\t<\/div>\n\t\t\t\t<\/div>\n\t\t\t\t<div class=\"elementor-element elementor-element-b1d518e elementor-widget elementor-widget-text-editor\" data-id=\"b1d518e\" data-element_type=\"widget\" data-widget_type=\"text-editor.default\">\n\t\t\t\t<div class=\"elementor-widget-container\">\n\t\t\t\t\t\t\t<p><span style=\"font-weight: 400;\">Bior\u0105c po uwag\u0119 wiele element\u00f3w sk\u0142adaj\u0105cych si\u0119 na rytua\u0142 <strong>wykonywania paj\u0105k\u00f3w<\/strong>\u00a0 prawdopodobne jest, \u017ce <strong>zwyczaj ten jest bardzo stary i z pewno\u015bci\u0105 przedchrze\u015bcija\u0144ski<\/strong>. <\/span><\/p><p><span style=\"font-weight: 400;\">Paj\u0105ki nadal <strong>wykonywane s\u0105 w Bia\u0142orusi, Ukrainie, Rosji, <\/strong>niekt\u00f3rych<strong> krajach nadba\u0142tyckich<\/strong> (na pewno w Litwie, \u0141otwie) i w krajach <strong>skandynawskich<\/strong>. Natomiast faktem jest, \u017ce <strong>na terenie Polski<\/strong> mo\u017cna odnale\u017a\u0107 <strong>najwi\u0119cej <\/strong>r\u00f3\u017cnych<strong> form<\/strong> <strong>paj\u0105k\u00f3w<\/strong>, a same konstrukcje s\u0105 o <strong>wiele barwniejsze<\/strong> ni\u017c ich zagraniczne odpowiedniki. Nie dotar\u0142am do <strong>wiarygodnych informacji<\/strong> na temat <strong>pierwotnego pra\u017ar\u00f3d\u0142a<\/strong> paj\u0105k\u00f3w, wiec <strong>tajemnica<\/strong> ca\u0142y czas jest <strong>do odkrycia<\/strong>. <\/span><\/p>\t\t\t\t\t\t<\/div>\n\t\t\t\t<\/div>\n\t\t\t\t<div class=\"elementor-element elementor-element-4ff1e6b elementor-widget elementor-widget-text-editor\" data-id=\"4ff1e6b\" data-element_type=\"widget\" data-widget_type=\"text-editor.default\">\n\t\t\t\t<div class=\"elementor-widget-container\">\n\t\t\t\t\t\t\t<h4><span style=\"font-weight: 400;\">Good timing paj\u0105k\u00f3w<\/span><\/h4>\t\t\t\t\t\t<\/div>\n\t\t\t\t<\/div>\n\t\t\t\t<div class=\"elementor-element elementor-element-28a482e elementor-widget elementor-widget-text-editor\" data-id=\"28a482e\" data-element_type=\"widget\" data-widget_type=\"text-editor.default\">\n\t\t\t\t<div class=\"elementor-widget-container\">\n\t\t\t\t\t\t\t<p><span style=\"font-weight: 400;\">O tym, \u017ce <strong>paj\u0105ki<\/strong> <strong>nie s\u0105 jedynie dekoracj\u0105<\/strong>, \u015bwiadczy r\u00f3wnie\u017c okre\u015blony <strong>czas ich wykonywania<\/strong>. Tradycyjnie <strong>w<\/strong> <strong>Polsce<\/strong> paj\u0105ki <strong>wykonywano je<\/strong> przede wszystkim w okresie <strong>przesilenia zimowego \/ nowego roku \/ Bo\u017cego Narodzenia<\/strong>, a z czasem r\u00f3wnie\u017c w czasie<strong> r\u00f3wnonocy wiosennej \/ Wielkanocy<\/strong>. <strong>Litewskie<\/strong> odpowiedniki paj\u0105k\u00f3w, <strong>sodai<\/strong>, <strong>powstaj\u0105 z okazji \u015blub\u00f3w, czy narodzin dziecka.<\/strong> Mo\u017cna na tej podstawie powiedzie\u0107, \u017ce <strong>paj\u0105ki powstaj\u0105<\/strong> wtedy, gdy potrzebne jest<strong> wsparcie i dobre \u017cyczenia na nowy czas,<\/strong> kt\u00f3ry czeka tu\u017c <strong>za progiem.<\/strong><\/span><\/p>\t\t\t\t\t\t<\/div>\n\t\t\t\t<\/div>\n\t\t\t\t<div class=\"elementor-element elementor-element-40477a9 elementor-widget elementor-widget-text-editor\" data-id=\"40477a9\" data-element_type=\"widget\" data-widget_type=\"text-editor.default\">\n\t\t\t\t<div class=\"elementor-widget-container\">\n\t\t\t\t\t\t\t<p><span style=\"font-weight: 400;\">Traktowane jako <strong>dekoracja<\/strong> czy jako <strong>przedmiot mocy<\/strong>, w <strong>pe\u0142nej palecie barw<\/strong> czy <strong>surowe i ascetyczne<\/strong>\u00a0 &#8211; wszystkie paj\u0105ki s\u0105 <strong>spektakularne i pi\u0119knie<\/strong> dope\u0142niaj\u0105 przestrze\u0144 mieszka\u0144 i dom\u00f3w. S\u0105<strong> dobr\u0105 wr\u00f3\u017cb\u0105<\/strong> na <strong>now\u0105 drog\u0119 \u017cycia<\/strong> dla <strong>nowo\u017ce\u0144c\u00f3w i <\/strong>pi\u0119knym prezentem<strong> na wiecz\u00f3r panie\u0144ski<\/strong>. Zgodnie z tradycj\u0105 s\u0105 te\u017c odpowiednim <strong>darem dla przysz\u0142ych rodzic\u00f3w<\/strong>.\u00a0<\/span><\/p>\t\t\t\t\t\t<\/div>\n\t\t\t\t<\/div>\n\t\t\t\t<div class=\"elementor-element elementor-element-ecdc5cf elementor-widget elementor-widget-text-editor\" data-id=\"ecdc5cf\" data-element_type=\"widget\" data-widget_type=\"text-editor.default\">\n\t\t\t\t<div class=\"elementor-widget-container\">\n\t\t\t\t\t\t\t<h5>Je\u015bli marzy Ci si\u0119 paj\u0105k, mo\u017cesz wybra\u0107 z gotowych do kupienia <strong><a href=\"https:\/\/urbanmagia.com\/en\/sklep\/\">TUTAJ<\/a>.\u00a0<\/strong><\/h5><h5>A je\u015bli chcesz pozna\u0107 tajniki ich wykonywania,<strong> <a href=\"https:\/\/urbanmagia.com\/en\/sklep\/\">zajrzyj na list\u0119 <\/a><\/strong>najbli\u017cszych warsztat\u00f3w stacjonarnych i online.\u00a0\u00a0<\/h5>\t\t\t\t\t\t<\/div>\n\t\t\t\t<\/div>\n\t\t\t\t<\/div>\n\t\t<div class=\"elementor-element elementor-element-ae33d35 e-con-full e-flex e-con e-child\" data-id=\"ae33d35\" data-element_type=\"container\">\n\t\t\t\t<div class=\"elementor-element elementor-element-240bcee elementor-widget elementor-widget-image\" data-id=\"240bcee\" data-element_type=\"widget\" data-widget_type=\"image.default\">\n\t\t\t\t<div class=\"elementor-widget-container\">\n\t\t\t\t\t\t\t\t\t\t\t\t\t<img decoding=\"async\" width=\"766\" height=\"1024\" src=\"https:\/\/urbanmagia.com\/wp-content\/uploads\/2024\/05\/pajak_obreczowy4-766x1024.jpg\" class=\"attachment-large size-large wp-image-7366\" alt=\"paj\u0105k obr\u0119czowy wykonany z bibu\u0142y krepiny oraz bibu\u0142y oraz wst\u0105\u017cek z materia\u0142u\" srcset=\"https:\/\/urbanmagia.com\/wp-content\/uploads\/2024\/05\/pajak_obreczowy4-766x1024.jpg 766w, https:\/\/urbanmagia.com\/wp-content\/uploads\/2024\/05\/pajak_obreczowy4-225x300.jpg 225w, https:\/\/urbanmagia.com\/wp-content\/uploads\/2024\/05\/pajak_obreczowy4-768x1026.jpg 768w, https:\/\/urbanmagia.com\/wp-content\/uploads\/2024\/05\/pajak_obreczowy4-600x802.jpg 600w, https:\/\/urbanmagia.com\/wp-content\/uploads\/2024\/05\/pajak_obreczowy4.jpg 1080w\" sizes=\"(max-width: 766px) 100vw, 766px\" \/>\t\t\t\t\t\t\t\t\t\t\t\t\t<\/div>\n\t\t\t\t<\/div>\n\t\t\t\t<div class=\"elementor-element elementor-element-62ddb51 elementor-widget elementor-widget-heading\" data-id=\"62ddb51\" data-element_type=\"widget\" data-widget_type=\"heading.default\">\n\t\t\t\t<div class=\"elementor-widget-container\">\n\t\t\t<span class=\"elementor-heading-title elementor-size-default\">Foto: archiwum Urban Magii <\/span>\t\t<\/div>\n\t\t\t\t<\/div>\n\t\t\t\t<\/div>\n\t\t\t\t<\/div>\n\t\t<div class=\"elementor-element elementor-element-1ba17f6 e-flex e-con-boxed e-con e-parent\" data-id=\"1ba17f6\" data-element_type=\"container\" data-settings=\"{&quot;background_background&quot;:&quot;classic&quot;}\" data-core-v316-plus=\"true\">\n\t\t\t\t\t<div class=\"e-con-inner\">\n\t\t<div class=\"elementor-element elementor-element-b8196f1 e-flex e-con-boxed e-con e-child\" data-id=\"b8196f1\" data-element_type=\"container\" data-settings=\"{&quot;background_background&quot;:&quot;classic&quot;}\">\n\t\t\t\t\t<div class=\"e-con-inner\">\n\t\t\t\t<div class=\"elementor-element elementor-element-3125880 elementor-widget elementor-widget-text-editor\" data-id=\"3125880\" data-element_type=\"widget\" data-widget_type=\"text-editor.default\">\n\t\t\t\t<div class=\"elementor-widget-container\">\n\t\t\t\t\t\t\t<h2><span style=\"font-weight: 400;\">Je\u015bli chcesz zam\u00f3wi\u0107 warsztaty stacjonarne czy online -&gt; <a href=\"https:\/\/forms.gle\/vWpFUwPTriBnxZvd6\" target=\"_blank\" rel=\"noopener\"><strong>zobacz tutaj<\/strong><\/a><\/span><\/h2><h3><span style=\"font-weight: 400;\">Wi\u0119cej o odkodowywaniu symboliki paj\u0105k\u00f3w przeczytasz na moim <a href=\"https:\/\/urbanmagia.com\/en\/blog\/\"><strong>blogu.\u00a0<\/strong><\/a><\/span><\/h3><h3><span style=\"font-weight: 400;\">Masz pytania o paj\u0105ki?<\/span><\/h3>\t\t\t\t\t\t<\/div>\n\t\t\t\t<\/div>\n\t\t\t\t<div class=\"elementor-element elementor-element-4eaf615 elementor-align-center elementor-mobile-align-left elementor-widget elementor-widget-button\" data-id=\"4eaf615\" data-element_type=\"widget\" data-widget_type=\"button.default\">\n\t\t\t\t<div class=\"elementor-widget-container\">\n\t\t\t\t\t<div class=\"elementor-button-wrapper\">\n\t\t\t<a class=\"elementor-button elementor-button-link elementor-size-sm\" href=\"https:\/\/urbanmagia.com\/en\/kontakt\/\">\n\t\t\t\t\t\t<span class=\"elementor-button-content-wrapper\">\n\t\t\t\t\t\t<span class=\"elementor-button-text\">Pisz \u015bmia\u0142o -<\/span>\n\t\t<\/span>\n\t\t\t\t\t<\/a>\n\t\t<\/div>\n\t\t\t\t<\/div>\n\t\t\t\t<\/div>\n\t\t\t\t\t<\/div>\n\t\t\t\t<\/div>\n\t\t\t\t\t<\/div>\n\t\t\t\t<\/div>\n\t\t<div class=\"elementor-element elementor-element-b550e4f e-flex e-con-boxed e-con e-parent\" data-id=\"b550e4f\" data-element_type=\"container\" data-core-v316-plus=\"true\">\n\t\t\t\t\t<div class=\"e-con-inner\">\n\t\t\t\t<div class=\"elementor-element elementor-element-5274c4c elementor-widget elementor-widget-text-editor\" data-id=\"5274c4c\" data-element_type=\"widget\" data-widget_type=\"text-editor.default\">\n\t\t\t\t<div class=\"elementor-widget-container\">\n\t\t\t\t\t\t\t<p><span style=\"font-weight: 400;\"><em>*Plastyka Obrz\u0119dowa to wszelkie rekwityzy czy przedmioty, kt\u00f3rych znaczenie wykracza poza fukcj\u0119 dekoracyjn\u0105. Wykonywane s\u0105 w spos\u00f3b \u015bci\u015ble okre\u015blony tradycj\u0105 lub zwyczajem. Zazwyczaj zwi\u0105zane s\u0105 z rytua\u0142em lub obrz\u0119dem niezo\u0142\u0105cznie zwi\u0105zane s\u0105 z ludowymi \u015bwi\u0119tami. Najwi\u0119cej dzie\u0142 plastyki obrz\u0119dowej jest zwi\u0105zanych z cyklem agrarnym, zwaszcza z wiosn\u0105 i zim\u0105 oraz cyklem \u017cycia cz\u0142owieka &#8211; narodziny, \u015blub, pogrzeb.<\/em> <\/span><\/p>\t\t\t\t\t\t<\/div>\n\t\t\t\t<\/div>\n\t\t\t\t\t<\/div>\n\t\t\t\t<\/div>\n\t\t\t\t<\/div>","protected":false},"excerpt":{"rendered":"<p>Foto: archiwum Urban Magii Paj\u0105ki Paj\u0105ki s\u0105 przyk\u0142adem plastyki obrz\u0119dowej*. Spos\u00f3b ich wykonania, u\u017cyte materia\u0142y oraz czas przeznaczony na ich tworzenie, mia\u0142y znaczenie symboliczne. Ich tw\u00f3rczynie nie zostawi\u0142y po sobie opis\u00f3w, z kt\u00f3rych mogliby\u015bmy si\u0119 dowiedzie\u0107 wi\u0119cej ni\u017c samo to, co zachowane w sposobie ich wykonywania: \u017ce przybieraj\u0105 przer\u00f3\u017cne kszta\u0142ty, \u017ce wiesza si\u0119 je w&#8230;<\/p>","protected":false},"author":5,"featured_media":0,"parent":2099,"menu_order":0,"comment_status":"closed","ping_status":"closed","template":"elementor_header_footer","meta":{"footnotes":""},"class_list":["post-7761","page","type-page","status-publish","hentry"],"jetpack_sharing_enabled":true,"_links":{"self":[{"href":"https:\/\/urbanmagia.com\/en\/wp-json\/wp\/v2\/pages\/7761","targetHints":{"allow":["GET"]}}],"collection":[{"href":"https:\/\/urbanmagia.com\/en\/wp-json\/wp\/v2\/pages"}],"about":[{"href":"https:\/\/urbanmagia.com\/en\/wp-json\/wp\/v2\/types\/page"}],"author":[{"embeddable":true,"href":"https:\/\/urbanmagia.com\/en\/wp-json\/wp\/v2\/users\/5"}],"replies":[{"embeddable":true,"href":"https:\/\/urbanmagia.com\/en\/wp-json\/wp\/v2\/comments?post=7761"}],"version-history":[{"count":46,"href":"https:\/\/urbanmagia.com\/en\/wp-json\/wp\/v2\/pages\/7761\/revisions"}],"predecessor-version":[{"id":8815,"href":"https:\/\/urbanmagia.com\/en\/wp-json\/wp\/v2\/pages\/7761\/revisions\/8815"}],"up":[{"embeddable":true,"href":"https:\/\/urbanmagia.com\/en\/wp-json\/wp\/v2\/pages\/2099"}],"wp:attachment":[{"href":"https:\/\/urbanmagia.com\/en\/wp-json\/wp\/v2\/media?parent=7761"}],"curies":[{"name":"wp","href":"https:\/\/api.w.org\/{rel}","templated":true}]}}