{"id":7499,"date":"2024-06-04T15:06:08","date_gmt":"2024-06-04T15:06:08","guid":{"rendered":"https:\/\/urbanmagia.pl\/?page_id=7499"},"modified":"2025-09-26T07:16:21","modified_gmt":"2025-09-26T07:16:21","slug":"urban-magia-w-mediach","status":"publish","type":"page","link":"https:\/\/urbanmagia.com\/en\/urban-magia-w-mediach\/","title":{"rendered":"Urban Magia w mediach"},"content":{"rendered":"<div data-elementor-type=\"wp-page\" data-elementor-id=\"7499\" class=\"elementor elementor-7499\">\n\t\t\t\t<div class=\"elementor-element elementor-element-dabe784 e-flex e-con-boxed e-con e-parent\" data-id=\"dabe784\" data-element_type=\"container\" data-settings=\"{&quot;background_background&quot;:&quot;classic&quot;}\" data-core-v316-plus=\"true\">\n\t\t\t\t\t<div class=\"e-con-inner\">\n\t\t<div class=\"elementor-element elementor-element-d9198ae e-con-full e-flex e-con e-child\" data-id=\"d9198ae\" data-element_type=\"container\">\n\t\t\t\t<div class=\"elementor-element elementor-element-d632760 elementor-widget elementor-widget-image\" data-id=\"d632760\" data-element_type=\"widget\" data-widget_type=\"image.default\">\n\t\t\t\t<div class=\"elementor-widget-container\">\n\t\t\t<style>\/*! elementor - v3.20.0 - 20-03-2024 *\/\n.elementor-widget-image{text-align:center}.elementor-widget-image a{display:inline-block}.elementor-widget-image a img[src$=\".svg\"]{width:48px}.elementor-widget-image img{vertical-align:middle;display:inline-block}<\/style>\t\t\t\t\t\t\t\t\t\t<img fetchpriority=\"high\" decoding=\"async\" width=\"1775\" height=\"997\" src=\"https:\/\/urbanmagia.com\/wp-content\/uploads\/2024\/06\/PytanieNaSniadanie-kopia.jpg\" class=\"attachment-full size-full wp-image-7528\" alt=\"\" srcset=\"https:\/\/urbanmagia.com\/wp-content\/uploads\/2024\/06\/PytanieNaSniadanie-kopia.jpg 1775w, https:\/\/urbanmagia.com\/wp-content\/uploads\/2024\/06\/PytanieNaSniadanie-kopia-300x169.jpg 300w, https:\/\/urbanmagia.com\/wp-content\/uploads\/2024\/06\/PytanieNaSniadanie-kopia-1024x575.jpg 1024w, https:\/\/urbanmagia.com\/wp-content\/uploads\/2024\/06\/PytanieNaSniadanie-kopia-768x431.jpg 768w, https:\/\/urbanmagia.com\/wp-content\/uploads\/2024\/06\/PytanieNaSniadanie-kopia-1536x863.jpg 1536w, https:\/\/urbanmagia.com\/wp-content\/uploads\/2024\/06\/PytanieNaSniadanie-kopia-18x10.jpg 18w, https:\/\/urbanmagia.com\/wp-content\/uploads\/2024\/06\/PytanieNaSniadanie-kopia-600x337.jpg 600w\" sizes=\"(max-width: 1775px) 100vw, 1775px\" \/>\t\t\t\t\t\t\t\t\t\t\t\t\t<\/div>\n\t\t\t\t<\/div>\n\t\t\t\t<\/div>\n\t\t<div class=\"elementor-element elementor-element-96d0225 e-con-full e-flex e-con e-child\" data-id=\"96d0225\" data-element_type=\"container\">\n\t\t\t\t<div class=\"elementor-element elementor-element-a5b25e2 elementor-widget elementor-widget-heading\" data-id=\"a5b25e2\" data-element_type=\"widget\" data-widget_type=\"heading.default\">\n\t\t\t\t<div class=\"elementor-widget-container\">\n\t\t\t<style>\/*! elementor - v3.20.0 - 20-03-2024 *\/\n.elementor-heading-title{padding:0;margin:0;line-height:1}.elementor-widget-heading .elementor-heading-title[class*=elementor-size-]>a{color:inherit;font-size:inherit;line-height:inherit}.elementor-widget-heading .elementor-heading-title.elementor-size-small{font-size:15px}.elementor-widget-heading .elementor-heading-title.elementor-size-medium{font-size:19px}.elementor-widget-heading .elementor-heading-title.elementor-size-large{font-size:29px}.elementor-widget-heading .elementor-heading-title.elementor-size-xl{font-size:39px}.elementor-widget-heading .elementor-heading-title.elementor-size-xxl{font-size:59px}<\/style><h2 class=\"elementor-heading-title elementor-size-default\">Spotkanie wok\u00f3\u0142 Lalek Mocy - tych S\u0142owia\u0144kich jak i Totemicznych.<\/h2>\t\t<\/div>\n\t\t\t\t<\/div>\n\t\t\t\t<div class=\"elementor-element elementor-element-d8bb7f4 elementor-widget elementor-widget-text-editor\" data-id=\"d8bb7f4\" data-element_type=\"widget\" data-widget_type=\"text-editor.default\">\n\t\t\t\t<div class=\"elementor-widget-container\">\n\t\t\t<style>\/*! elementor - v3.20.0 - 20-03-2024 *\/\n.elementor-widget-text-editor.elementor-drop-cap-view-stacked .elementor-drop-cap{background-color:#69727d;color:#fff}.elementor-widget-text-editor.elementor-drop-cap-view-framed .elementor-drop-cap{color:#69727d;border:3px solid;background-color:transparent}.elementor-widget-text-editor:not(.elementor-drop-cap-view-default) .elementor-drop-cap{margin-top:8px}.elementor-widget-text-editor:not(.elementor-drop-cap-view-default) .elementor-drop-cap-letter{width:1em;height:1em}.elementor-widget-text-editor .elementor-drop-cap{float:left;text-align:center;line-height:1;font-size:50px}.elementor-widget-text-editor .elementor-drop-cap-letter{display:inline-block}<\/style>\t\t\t\t<p><span style=\"font-weight: 400;\">Spotkanie wok\u00f3\u0142 Lalek Mocy &#8211; tych S\u0142owia\u0144kich jak i Totemicznych. Rozmowa w programie Pytanie na \u015aniadanie o mocach motanek.\u00a0\u00a0\u00a0<\/span><\/p>\t\t\t\t\t\t<\/div>\n\t\t\t\t<\/div>\n\t\t\t\t<div class=\"elementor-element elementor-element-83db132 elementor-widget elementor-widget-button\" data-id=\"83db132\" data-element_type=\"widget\" data-widget_type=\"button.default\">\n\t\t\t\t<div class=\"elementor-widget-container\">\n\t\t\t\t\t<div class=\"elementor-button-wrapper\">\n\t\t\t<a class=\"elementor-button elementor-button-link elementor-size-sm\" href=\"https:\/\/pytanienasniadanie.tvp.pl\/55413235\/motanki-slowianskie-lalki-o-terapeutycznej-mocy\" target=\"_blank\">\n\t\t\t\t\t\t<span class=\"elementor-button-content-wrapper\">\n\t\t\t\t\t\t<span class=\"elementor-button-text\">Ogl\u0105daj -<\/span>\n\t\t<\/span>\n\t\t\t\t\t<\/a>\n\t\t<\/div>\n\t\t\t\t<\/div>\n\t\t\t\t<\/div>\n\t\t\t\t<\/div>\n\t\t\t\t\t<\/div>\n\t\t\t\t<\/div>\n\t\t<div class=\"elementor-element elementor-element-70590d4 e-flex e-con-boxed e-con e-parent\" data-id=\"70590d4\" data-element_type=\"container\" data-settings=\"{&quot;background_background&quot;:&quot;classic&quot;}\" data-core-v316-plus=\"true\">\n\t\t\t\t\t<div class=\"e-con-inner\">\n\t\t<div class=\"elementor-element elementor-element-6f09b72 e-con-full e-flex e-con e-child\" data-id=\"6f09b72\" data-element_type=\"container\">\n\t\t\t\t<div class=\"elementor-element elementor-element-3cac6a4 elementor-widget elementor-widget-image\" data-id=\"3cac6a4\" data-element_type=\"widget\" data-widget_type=\"image.default\">\n\t\t\t\t<div class=\"elementor-widget-container\">\n\t\t\t\t\t\t\t\t\t\t\t\t\t<img decoding=\"async\" width=\"1080\" height=\"720\" src=\"https:\/\/urbanmagia.com\/wp-content\/uploads\/2024\/06\/agata-maziarz_kasia-dorota-08-2020_75a.jpg\" class=\"attachment-full size-full wp-image-7533\" alt=\"\" srcset=\"https:\/\/urbanmagia.com\/wp-content\/uploads\/2024\/06\/agata-maziarz_kasia-dorota-08-2020_75a.jpg 1080w, https:\/\/urbanmagia.com\/wp-content\/uploads\/2024\/06\/agata-maziarz_kasia-dorota-08-2020_75a-300x200.jpg 300w, https:\/\/urbanmagia.com\/wp-content\/uploads\/2024\/06\/agata-maziarz_kasia-dorota-08-2020_75a-1024x683.jpg 1024w, https:\/\/urbanmagia.com\/wp-content\/uploads\/2024\/06\/agata-maziarz_kasia-dorota-08-2020_75a-768x512.jpg 768w, https:\/\/urbanmagia.com\/wp-content\/uploads\/2024\/06\/agata-maziarz_kasia-dorota-08-2020_75a-18x12.jpg 18w, https:\/\/urbanmagia.com\/wp-content\/uploads\/2024\/06\/agata-maziarz_kasia-dorota-08-2020_75a-600x400.jpg 600w\" sizes=\"(max-width: 1080px) 100vw, 1080px\" \/>\t\t\t\t\t\t\t\t\t\t\t\t\t<\/div>\n\t\t\t\t<\/div>\n\t\t\t\t<\/div>\n\t\t<div class=\"elementor-element elementor-element-9f90ef0 e-con-full e-flex e-con e-child\" data-id=\"9f90ef0\" data-element_type=\"container\">\n\t\t\t\t<div class=\"elementor-element elementor-element-67b9b55 elementor-widget elementor-widget-heading\" data-id=\"67b9b55\" data-element_type=\"widget\" data-widget_type=\"heading.default\">\n\t\t\t\t<div class=\"elementor-widget-container\">\n\t\t\t<h2 class=\"elementor-heading-title elementor-size-default\">O odkryciu tradycjnych motanek i \u017ar\u00f3d\u0142e inspiracji do pracy.<\/h2>\t\t<\/div>\n\t\t\t\t<\/div>\n\t\t\t\t<div class=\"elementor-element elementor-element-805e34d elementor-widget elementor-widget-text-editor\" data-id=\"805e34d\" data-element_type=\"widget\" data-widget_type=\"text-editor.default\">\n\t\t\t\t<div class=\"elementor-widget-container\">\n\t\t\t\t\t\t\t<p><span style=\"font-weight: 400;\">Rozmowa o tym jak i gdzie odkry\u0142am Lalaki Mocy oraz o poszukiwaniu \u017ar\u00f3de\u0142 inspiracji do pracy.\u00a0<\/span><\/p>\t\t\t\t\t\t<\/div>\n\t\t\t\t<\/div>\n\t\t\t\t<div class=\"elementor-element elementor-element-b5d05cc elementor-widget elementor-widget-button\" data-id=\"b5d05cc\" data-element_type=\"widget\" data-widget_type=\"button.default\">\n\t\t\t\t<div class=\"elementor-widget-container\">\n\t\t\t\t\t<div class=\"elementor-button-wrapper\">\n\t\t\t<a class=\"elementor-button elementor-button-link elementor-size-sm\" href=\"https:\/\/www.freddieandwolf.eu\/porady-i-inspiracje\/kasia-dorota-slowianskie-motanki\/\" target=\"_blank\">\n\t\t\t\t\t\t<span class=\"elementor-button-content-wrapper\">\n\t\t\t\t\t\t<span class=\"elementor-button-text\">Przeczytaj -<\/span>\n\t\t<\/span>\n\t\t\t\t\t<\/a>\n\t\t<\/div>\n\t\t\t\t<\/div>\n\t\t\t\t<\/div>\n\t\t\t\t<\/div>\n\t\t\t\t\t<\/div>\n\t\t\t\t<\/div>\n\t\t<div class=\"elementor-element elementor-element-b4a6629 e-flex e-con-boxed e-con e-parent\" data-id=\"b4a6629\" data-element_type=\"container\" data-settings=\"{&quot;background_background&quot;:&quot;classic&quot;}\" data-core-v316-plus=\"true\">\n\t\t\t\t\t<div class=\"e-con-inner\">\n\t\t<div class=\"elementor-element elementor-element-ff58022 e-con-full e-flex e-con e-child\" data-id=\"ff58022\" data-element_type=\"container\">\n\t\t\t\t<div class=\"elementor-element elementor-element-f99b3a3 elementor-widget elementor-widget-image\" data-id=\"f99b3a3\" data-element_type=\"widget\" data-widget_type=\"image.default\">\n\t\t\t\t<div class=\"elementor-widget-container\">\n\t\t\t\t\t\t\t\t\t\t\t\t\t<img decoding=\"async\" width=\"1444\" height=\"933\" src=\"https:\/\/urbanmagia.com\/wp-content\/uploads\/2025\/05\/urban_magia_2.jpg\" class=\"attachment-full size-full wp-image-7924\" alt=\"\" srcset=\"https:\/\/urbanmagia.com\/wp-content\/uploads\/2025\/05\/urban_magia_2.jpg 1444w, https:\/\/urbanmagia.com\/wp-content\/uploads\/2025\/05\/urban_magia_2-300x194.jpg 300w, https:\/\/urbanmagia.com\/wp-content\/uploads\/2025\/05\/urban_magia_2-1024x662.jpg 1024w, https:\/\/urbanmagia.com\/wp-content\/uploads\/2025\/05\/urban_magia_2-768x496.jpg 768w, https:\/\/urbanmagia.com\/wp-content\/uploads\/2025\/05\/urban_magia_2-18x12.jpg 18w, https:\/\/urbanmagia.com\/wp-content\/uploads\/2025\/05\/urban_magia_2-1320x853.jpg 1320w, https:\/\/urbanmagia.com\/wp-content\/uploads\/2025\/05\/urban_magia_2-600x388.jpg 600w\" sizes=\"(max-width: 1444px) 100vw, 1444px\" \/>\t\t\t\t\t\t\t\t\t\t\t\t\t<\/div>\n\t\t\t\t<\/div>\n\t\t\t\t<\/div>\n\t\t<div class=\"elementor-element elementor-element-d87b80c e-con-full e-flex e-con e-child\" data-id=\"d87b80c\" data-element_type=\"container\">\n\t\t\t\t<div class=\"elementor-element elementor-element-f6affc3 elementor-widget elementor-widget-heading\" data-id=\"f6affc3\" data-element_type=\"widget\" data-widget_type=\"heading.default\">\n\t\t\t\t<div class=\"elementor-widget-container\">\n\t\t\t<h2 class=\"elementor-heading-title elementor-size-default\">Tu mieszka wra\u017cliwo\u015b\u0107. W odwiedzinach u Natalii de Barbaro<\/h2>\t\t<\/div>\n\t\t\t\t<\/div>\n\t\t\t\t<div class=\"elementor-element elementor-element-b9bdfd0 elementor-widget elementor-widget-text-editor\" data-id=\"b9bdfd0\" data-element_type=\"widget\" data-widget_type=\"text-editor.default\">\n\t\t\t\t<div class=\"elementor-widget-container\">\n\t\t\t\t\t\t\t<p><span style=\"font-weight: 400;\">Czy tradycyjny paj\u0105k mo\u017ce funcjonowa\u0107 w nowoczesnym wn\u0119trzu jako lampa nie strac\u0105c przy tym na swoim obrz\u0119dowym znaczeniu? Sprawd\u017c sama i odwied\u017a ze mn\u0105 mieszkanie Natali de Barbaro w Krakowie.\u00a0\u00a0\u00a0\u00a0<\/span><\/p>\t\t\t\t\t\t<\/div>\n\t\t\t\t<\/div>\n\t\t\t\t<div class=\"elementor-element elementor-element-4229254 elementor-widget elementor-widget-button\" data-id=\"4229254\" data-element_type=\"widget\" data-widget_type=\"button.default\">\n\t\t\t\t<div class=\"elementor-widget-container\">\n\t\t\t\t\t<div class=\"elementor-button-wrapper\">\n\t\t\t<a class=\"elementor-button elementor-button-link elementor-size-sm\" href=\"https:\/\/zwierciadlo.pl\/lifestyle\/wnetrza\/545850,1,tu-mieszka-wrazliwosc-w-odwiedzinach-u-natalii-de-barbaro.read\" target=\"_blank\">\n\t\t\t\t\t\t<span class=\"elementor-button-content-wrapper\">\n\t\t\t\t\t\t<span class=\"elementor-button-text\">Przeczytaj -<\/span>\n\t\t<\/span>\n\t\t\t\t\t<\/a>\n\t\t<\/div>\n\t\t\t\t<\/div>\n\t\t\t\t<\/div>\n\t\t\t\t<\/div>\n\t\t\t\t\t<\/div>\n\t\t\t\t<\/div>\n\t\t<div class=\"elementor-element elementor-element-10acb35 e-flex e-con-boxed e-con e-parent\" data-id=\"10acb35\" data-element_type=\"container\" data-settings=\"{&quot;background_background&quot;:&quot;classic&quot;}\" data-core-v316-plus=\"true\">\n\t\t\t\t\t<div class=\"e-con-inner\">\n\t\t<div class=\"elementor-element elementor-element-75e9882 e-con-full e-flex e-con e-child\" data-id=\"75e9882\" data-element_type=\"container\">\n\t\t\t\t<div class=\"elementor-element elementor-element-b913659 elementor-widget elementor-widget-image\" data-id=\"b913659\" data-element_type=\"widget\" data-widget_type=\"image.default\">\n\t\t\t\t<div class=\"elementor-widget-container\">\n\t\t\t\t\t\t\t\t\t\t\t\t\t<img loading=\"lazy\" decoding=\"async\" width=\"1001\" height=\"561\" src=\"https:\/\/urbanmagia.com\/wp-content\/uploads\/2025\/05\/urban_magia3.jpg\" class=\"attachment-full size-full wp-image-7926\" alt=\"\" srcset=\"https:\/\/urbanmagia.com\/wp-content\/uploads\/2025\/05\/urban_magia3.jpg 1001w, https:\/\/urbanmagia.com\/wp-content\/uploads\/2025\/05\/urban_magia3-300x168.jpg 300w, https:\/\/urbanmagia.com\/wp-content\/uploads\/2025\/05\/urban_magia3-768x430.jpg 768w, https:\/\/urbanmagia.com\/wp-content\/uploads\/2025\/05\/urban_magia3-18x10.jpg 18w, https:\/\/urbanmagia.com\/wp-content\/uploads\/2025\/05\/urban_magia3-600x336.jpg 600w\" sizes=\"(max-width: 1001px) 100vw, 1001px\" \/>\t\t\t\t\t\t\t\t\t\t\t\t\t<\/div>\n\t\t\t\t<\/div>\n\t\t\t\t<\/div>\n\t\t<div class=\"elementor-element elementor-element-998df0a e-con-full e-flex e-con e-child\" data-id=\"998df0a\" data-element_type=\"container\">\n\t\t\t\t<div class=\"elementor-element elementor-element-1f3a6af elementor-widget elementor-widget-heading\" data-id=\"1f3a6af\" data-element_type=\"widget\" data-widget_type=\"heading.default\">\n\t\t\t\t<div class=\"elementor-widget-container\">\n\t\t\t<h2 class=\"elementor-heading-title elementor-size-default\">Moda na s\u0142owia\u0144sko\u015b\u0107<\/h2>\t\t<\/div>\n\t\t\t\t<\/div>\n\t\t\t\t<div class=\"elementor-element elementor-element-1579294 elementor-widget elementor-widget-text-editor\" data-id=\"1579294\" data-element_type=\"widget\" data-widget_type=\"text-editor.default\">\n\t\t\t\t<div class=\"elementor-widget-container\">\n\t\t\t\t\t\t\t<p><span style=\"font-weight: 400;\">Rozmowa w programie Pytanie Na \u015aniadanie o praktykowaniu rytua\u0142\u00f3w w trakcie r\u00f3nonocy jesiennej. Ja proponuj\u0119 uwa\u017cn\u0105 obserwacj\u0119 cykli przyrody ni\u017c kierowanie si\u0119 gotowymi przepisami.\u00a0 \u00a0<\/span><\/p>\t\t\t\t\t\t<\/div>\n\t\t\t\t<\/div>\n\t\t\t\t<div class=\"elementor-element elementor-element-7a51227 elementor-widget elementor-widget-button\" data-id=\"7a51227\" data-element_type=\"widget\" data-widget_type=\"button.default\">\n\t\t\t\t<div class=\"elementor-widget-container\">\n\t\t\t\t\t<div class=\"elementor-button-wrapper\">\n\t\t\t<a class=\"elementor-button elementor-button-link elementor-size-sm\" href=\"https:\/\/pytanienasniadanie.tvp.pl\/82433542\/moda-na-slowianskosc?fbclid=IwY2xjawFfibFleHRuA2FlbQIxMAABHd5XsXPg-j-OdnYHx0MQRh1Wxh-cfl0ZDfM2GD3T1r3O1uXxxWQAC2wkmQ_aem_tWJ8vh1xUOuEPnznwfxGdQ\" target=\"_blank\">\n\t\t\t\t\t\t<span class=\"elementor-button-content-wrapper\">\n\t\t\t\t\t\t<span class=\"elementor-button-text\">Ogl\u0105daj - <\/span>\n\t\t<\/span>\n\t\t\t\t\t<\/a>\n\t\t<\/div>\n\t\t\t\t<\/div>\n\t\t\t\t<\/div>\n\t\t\t\t<\/div>\n\t\t\t\t\t<\/div>\n\t\t\t\t<\/div>\n\t\t<div class=\"elementor-element elementor-element-8bd0c79 e-flex e-con-boxed e-con e-parent\" data-id=\"8bd0c79\" data-element_type=\"container\" data-settings=\"{&quot;background_background&quot;:&quot;classic&quot;}\" data-core-v316-plus=\"true\">\n\t\t\t\t\t<div class=\"e-con-inner\">\n\t\t<div class=\"elementor-element elementor-element-7c3c67a e-con-full e-flex e-con e-child\" data-id=\"7c3c67a\" data-element_type=\"container\">\n\t\t\t\t<div class=\"elementor-element elementor-element-6098434 elementor-widget elementor-widget-image\" data-id=\"6098434\" data-element_type=\"widget\" data-widget_type=\"image.default\">\n\t\t\t\t<div class=\"elementor-widget-container\">\n\t\t\t\t\t\t\t\t\t\t\t\t\t<img loading=\"lazy\" decoding=\"async\" width=\"689\" height=\"375\" src=\"https:\/\/urbanmagia.com\/wp-content\/uploads\/2024\/06\/warsztaty-Motanek-kopia.jpg\" class=\"attachment-full size-full wp-image-7556\" alt=\"\" srcset=\"https:\/\/urbanmagia.com\/wp-content\/uploads\/2024\/06\/warsztaty-Motanek-kopia.jpg 689w, https:\/\/urbanmagia.com\/wp-content\/uploads\/2024\/06\/warsztaty-Motanek-kopia-300x163.jpg 300w, https:\/\/urbanmagia.com\/wp-content\/uploads\/2024\/06\/warsztaty-Motanek-kopia-18x10.jpg 18w, https:\/\/urbanmagia.com\/wp-content\/uploads\/2024\/06\/warsztaty-Motanek-kopia-600x327.jpg 600w\" sizes=\"(max-width: 689px) 100vw, 689px\" \/>\t\t\t\t\t\t\t\t\t\t\t\t\t<\/div>\n\t\t\t\t<\/div>\n\t\t\t\t<\/div>\n\t\t<div class=\"elementor-element elementor-element-534af2e e-con-full e-flex e-con e-child\" data-id=\"534af2e\" data-element_type=\"container\">\n\t\t\t\t<div class=\"elementor-element elementor-element-a79fdda elementor-widget elementor-widget-heading\" data-id=\"a79fdda\" data-element_type=\"widget\" data-widget_type=\"heading.default\">\n\t\t\t\t<div class=\"elementor-widget-container\">\n\t\t\t<h2 class=\"elementor-heading-title elementor-size-default\">O Warsztatach Motanek, kt\u00f3re prowadzi\u0142am w Muzeum Etnograficznym w Krakowie<\/h2>\t\t<\/div>\n\t\t\t\t<\/div>\n\t\t\t\t<div class=\"elementor-element elementor-element-891d402 elementor-widget elementor-widget-button\" data-id=\"891d402\" data-element_type=\"widget\" data-widget_type=\"button.default\">\n\t\t\t\t<div class=\"elementor-widget-container\">\n\t\t\t\t\t<div class=\"elementor-button-wrapper\">\n\t\t\t<a class=\"elementor-button elementor-button-link elementor-size-sm\" href=\"https:\/\/etnomuzeum.eu\/wydarzenia\/warsztaty-tworzenia-motanek-z-halyna-khanenko-mykhailiuk-i-katarzyna-dorota\" target=\"_blank\">\n\t\t\t\t\t\t<span class=\"elementor-button-content-wrapper\">\n\t\t\t\t\t\t<span class=\"elementor-button-text\">Przeczytaj -<\/span>\n\t\t<\/span>\n\t\t\t\t\t<\/a>\n\t\t<\/div>\n\t\t\t\t<\/div>\n\t\t\t\t<\/div>\n\t\t\t\t<\/div>\n\t\t\t\t\t<\/div>\n\t\t\t\t<\/div>\n\t\t<div class=\"elementor-element elementor-element-5006fa5 e-flex e-con-boxed e-con e-parent\" data-id=\"5006fa5\" data-element_type=\"container\" data-settings=\"{&quot;background_background&quot;:&quot;classic&quot;}\" data-core-v316-plus=\"true\">\n\t\t\t\t\t<div class=\"e-con-inner\">\n\t\t<div class=\"elementor-element elementor-element-220da96 e-con-full e-flex e-con e-child\" data-id=\"220da96\" data-element_type=\"container\">\n\t\t\t\t<div class=\"elementor-element elementor-element-b121338 elementor-widget elementor-widget-image\" data-id=\"b121338\" data-element_type=\"widget\" data-widget_type=\"image.default\">\n\t\t\t\t<div class=\"elementor-widget-container\">\n\t\t\t\t\t\t\t\t\t\t\t\t\t<img loading=\"lazy\" decoding=\"async\" width=\"1600\" height=\"1067\" src=\"https:\/\/urbanmagia.com\/wp-content\/uploads\/2024\/06\/mkjuozpy70i.jpg\" class=\"attachment-full size-full wp-image-7565\" alt=\"\" srcset=\"https:\/\/urbanmagia.com\/wp-content\/uploads\/2024\/06\/mkjuozpy70i.jpg 1600w, https:\/\/urbanmagia.com\/wp-content\/uploads\/2024\/06\/mkjuozpy70i-300x200.jpg 300w, https:\/\/urbanmagia.com\/wp-content\/uploads\/2024\/06\/mkjuozpy70i-1024x683.jpg 1024w, https:\/\/urbanmagia.com\/wp-content\/uploads\/2024\/06\/mkjuozpy70i-768x512.jpg 768w, https:\/\/urbanmagia.com\/wp-content\/uploads\/2024\/06\/mkjuozpy70i-1536x1024.jpg 1536w, https:\/\/urbanmagia.com\/wp-content\/uploads\/2024\/06\/mkjuozpy70i-18x12.jpg 18w, https:\/\/urbanmagia.com\/wp-content\/uploads\/2024\/06\/mkjuozpy70i-600x400.jpg 600w\" sizes=\"(max-width: 1600px) 100vw, 1600px\" \/>\t\t\t\t\t\t\t\t\t\t\t\t\t<\/div>\n\t\t\t\t<\/div>\n\t\t\t\t<\/div>\n\t\t<div class=\"elementor-element elementor-element-4187a92 e-con-full e-flex e-con e-child\" data-id=\"4187a92\" data-element_type=\"container\">\n\t\t\t\t<div class=\"elementor-element elementor-element-02ae8ec elementor-widget elementor-widget-heading\" data-id=\"02ae8ec\" data-element_type=\"widget\" data-widget_type=\"heading.default\">\n\t\t\t\t<div class=\"elementor-widget-container\">\n\t\t\t<h2 class=\"elementor-heading-title elementor-size-default\">Festiwal Kobiet. Heroina. Bohaterka 2023\n- prowadzi\u0142am warsztat r\u0119kodzielniczy<\/h2>\t\t<\/div>\n\t\t\t\t<\/div>\n\t\t\t\t<div class=\"elementor-element elementor-element-5e0ebf3 elementor-widget elementor-widget-button\" data-id=\"5e0ebf3\" data-element_type=\"widget\" data-widget_type=\"button.default\">\n\t\t\t\t<div class=\"elementor-widget-container\">\n\t\t\t\t\t<div class=\"elementor-button-wrapper\">\n\t\t\t<a class=\"elementor-button elementor-button-link elementor-size-sm\" href=\"https:\/\/krakowpomaga.pl\/festiwal-kobiet-heroina-bohaterka-2023\/\" target=\"_blank\">\n\t\t\t\t\t\t<span class=\"elementor-button-content-wrapper\">\n\t\t\t\t\t\t<span class=\"elementor-button-text\">Przeczytaj -<\/span>\n\t\t<\/span>\n\t\t\t\t\t<\/a>\n\t\t<\/div>\n\t\t\t\t<\/div>\n\t\t\t\t<\/div>\n\t\t\t\t<\/div>\n\t\t\t\t\t<\/div>\n\t\t\t\t<\/div>\n\t\t<div class=\"elementor-element elementor-element-9237b16 e-con-full e-flex e-con e-parent\" data-id=\"9237b16\" data-element_type=\"container\" data-settings=\"{&quot;background_background&quot;:&quot;classic&quot;}\" data-core-v316-plus=\"true\">\n\t\t<div class=\"elementor-element elementor-element-8408ded e-flex e-con-boxed e-con e-child\" data-id=\"8408ded\" data-element_type=\"container\" data-settings=\"{&quot;background_background&quot;:&quot;classic&quot;}\">\n\t\t\t\t\t<div class=\"e-con-inner\">\n\t\t\t\t<div class=\"elementor-element elementor-element-690e143 elementor-widget elementor-widget-text-editor\" data-id=\"690e143\" data-element_type=\"widget\" data-widget_type=\"text-editor.default\">\n\t\t\t\t<div class=\"elementor-widget-container\">\n\t\t\t\t\t\t\t<h3>O\u017cywiam kawa\u0142eczek po kawa\u0142eczku nasz\u0105 wsp\u00f3ln\u0105 tradycj\u0119.<\/h3><h3>Z\u0142ap co\u015b dla siebie \ud83d\ude42<\/h3>\t\t\t\t\t\t<\/div>\n\t\t\t\t<\/div>\n\t\t\t\t<div class=\"elementor-element elementor-element-560679b elementor-align-center elementor-mobile-align-center elementor-widget elementor-widget-button\" data-id=\"560679b\" data-element_type=\"widget\" data-widget_type=\"button.default\">\n\t\t\t\t<div class=\"elementor-widget-container\">\n\t\t\t\t\t<div class=\"elementor-button-wrapper\">\n\t\t\t<a class=\"elementor-button elementor-button-link elementor-size-sm\" href=\"https:\/\/dashboard.mailerlite.com\/forms\/797950\/112704161291700021\/share\" target=\"_blank\">\n\t\t\t\t\t\t<span class=\"elementor-button-content-wrapper\">\n\t\t\t\t\t\t<span class=\"elementor-button-text\">Zapisz si\u0119 na UrbanMagiczny Newsletter<\/span>\n\t\t<\/span>\n\t\t\t\t\t<\/a>\n\t\t<\/div>\n\t\t\t\t<\/div>\n\t\t\t\t<\/div>\n\t\t\t\t\t<\/div>\n\t\t\t\t<\/div>\n\t\t\t\t<\/div>\n\t\t\t\t<\/div>","protected":false},"excerpt":{"rendered":"<p>Spotkanie wok\u00f3\u0142 Lalek Mocy &#8211; tych S\u0142owia\u0144kich jak i Totemicznych. Spotkanie wok\u00f3\u0142 Lalek Mocy &#8211; tych S\u0142owia\u0144kich jak i Totemicznych. Rozmowa w programie Pytanie na \u015aniadanie o mocach motanek.\u00a0\u00a0\u00a0 Ogl\u0105daj &#8211; O odkryciu tradycjnych motanek i \u017ar\u00f3d\u0142e inspiracji do pracy. Rozmowa o tym jak i gdzie odkry\u0142am Lalaki Mocy oraz o poszukiwaniu \u017ar\u00f3de\u0142 inspiracji do&#8230;<\/p>","protected":false},"author":1,"featured_media":0,"parent":0,"menu_order":0,"comment_status":"closed","ping_status":"closed","template":"elementor_header_footer","meta":{"footnotes":""},"class_list":["post-7499","page","type-page","status-publish","hentry"],"jetpack_sharing_enabled":true,"_links":{"self":[{"href":"https:\/\/urbanmagia.com\/en\/wp-json\/wp\/v2\/pages\/7499","targetHints":{"allow":["GET"]}}],"collection":[{"href":"https:\/\/urbanmagia.com\/en\/wp-json\/wp\/v2\/pages"}],"about":[{"href":"https:\/\/urbanmagia.com\/en\/wp-json\/wp\/v2\/types\/page"}],"author":[{"embeddable":true,"href":"https:\/\/urbanmagia.com\/en\/wp-json\/wp\/v2\/users\/1"}],"replies":[{"embeddable":true,"href":"https:\/\/urbanmagia.com\/en\/wp-json\/wp\/v2\/comments?post=7499"}],"version-history":[{"count":82,"href":"https:\/\/urbanmagia.com\/en\/wp-json\/wp\/v2\/pages\/7499\/revisions"}],"predecessor-version":[{"id":8236,"href":"https:\/\/urbanmagia.com\/en\/wp-json\/wp\/v2\/pages\/7499\/revisions\/8236"}],"wp:attachment":[{"href":"https:\/\/urbanmagia.com\/en\/wp-json\/wp\/v2\/media?parent=7499"}],"curies":[{"name":"wp","href":"https:\/\/api.w.org\/{rel}","templated":true}]}}