{"id":7306,"date":"2024-05-28T18:13:00","date_gmt":"2024-05-28T18:13:00","guid":{"rendered":"https:\/\/urbanmagia.pl\/?page_id=7306"},"modified":"2025-06-16T14:09:35","modified_gmt":"2025-06-16T14:09:35","slug":"totemiczne","status":"publish","type":"page","link":"https:\/\/urbanmagia.com\/en\/totemiczne\/","title":{"rendered":"Totemiczne"},"content":{"rendered":"<div data-elementor-type=\"wp-page\" data-elementor-id=\"7306\" class=\"elementor elementor-7306\">\n\t\t\t\t\t\t<section class=\"elementor-section elementor-top-section elementor-element elementor-element-c727ced elementor-section-boxed elementor-section-height-default elementor-section-height-default\" data-id=\"c727ced\" data-element_type=\"section\">\n\t\t\t\t\t\t<div class=\"elementor-container elementor-column-gap-default\">\n\t\t\t\t\t<div class=\"elementor-column elementor-col-100 elementor-top-column elementor-element elementor-element-d6d0f32\" data-id=\"d6d0f32\" data-element_type=\"column\">\n\t\t\t<div class=\"elementor-widget-wrap elementor-element-populated\">\n\t\t\t\t\t\t<div class=\"elementor-element elementor-element-7d645ef elementor-widget elementor-widget-neuron-breadcrumbs\" data-id=\"7d645ef\" data-element_type=\"widget\" data-widget_type=\"neuron-breadcrumbs.default\">\n\t\t\t\t<div class=\"elementor-widget-container\">\n\t\t\t\n\t\t\t<div class=\"m-neuron-breadcrumbs\" aria-label=\"You are here:\">\n\t\t\t\t<span class=\"m-neuron-breadcrumbs__item\"><a href=\"https:\/\/urbanmagia.com\/en\/lalki-mocy\/\">Home<\/a><\/span> <span class=\"m-neuron-breadcrumbs__separator\"> <\/span> <span class=\"m-neuron-breadcrumbs__item\" aria-current=\"page\">Totemiczne<\/span>\t\t\t<\/div>\n\n\t\t   \t\t<\/div>\n\t\t\t\t<\/div>\n\t\t\t\t<div class=\"elementor-element elementor-element-1579fd6 elementor-widget elementor-widget-heading\" data-id=\"1579fd6\" data-element_type=\"widget\" data-widget_type=\"heading.default\">\n\t\t\t\t<div class=\"elementor-widget-container\">\n\t\t\t<style>\/*! elementor - v3.20.0 - 20-03-2024 *\/\n.elementor-heading-title{padding:0;margin:0;line-height:1}.elementor-widget-heading .elementor-heading-title[class*=elementor-size-]>a{color:inherit;font-size:inherit;line-height:inherit}.elementor-widget-heading .elementor-heading-title.elementor-size-small{font-size:15px}.elementor-widget-heading .elementor-heading-title.elementor-size-medium{font-size:19px}.elementor-widget-heading .elementor-heading-title.elementor-size-large{font-size:29px}.elementor-widget-heading .elementor-heading-title.elementor-size-xl{font-size:39px}.elementor-widget-heading .elementor-heading-title.elementor-size-xxl{font-size:59px}<\/style><h1 class=\"elementor-heading-title elementor-size-default\">Lalki Totemiczne<\/h1>\t\t<\/div>\n\t\t\t\t<\/div>\n\t\t\t\t<div class=\"elementor-element elementor-element-ed635b9 elementor-widget-divider--view-line elementor-widget elementor-widget-divider\" data-id=\"ed635b9\" data-element_type=\"widget\" data-widget_type=\"divider.default\">\n\t\t\t\t<div class=\"elementor-widget-container\">\n\t\t\t<style>\/*! elementor - v3.20.0 - 20-03-2024 *\/\n.elementor-widget-divider{--divider-border-style:none;--divider-border-width:1px;--divider-color:#0c0d0e;--divider-icon-size:20px;--divider-element-spacing:10px;--divider-pattern-height:24px;--divider-pattern-size:20px;--divider-pattern-url:none;--divider-pattern-repeat:repeat-x}.elementor-widget-divider .elementor-divider{display:flex}.elementor-widget-divider .elementor-divider__text{font-size:15px;line-height:1;max-width:95%}.elementor-widget-divider .elementor-divider__element{margin:0 var(--divider-element-spacing);flex-shrink:0}.elementor-widget-divider .elementor-icon{font-size:var(--divider-icon-size)}.elementor-widget-divider .elementor-divider-separator{display:flex;margin:0;direction:ltr}.elementor-widget-divider--view-line_icon .elementor-divider-separator,.elementor-widget-divider--view-line_text .elementor-divider-separator{align-items:center}.elementor-widget-divider--view-line_icon .elementor-divider-separator:after,.elementor-widget-divider--view-line_icon .elementor-divider-separator:before,.elementor-widget-divider--view-line_text .elementor-divider-separator:after,.elementor-widget-divider--view-line_text .elementor-divider-separator:before{display:block;content:\"\";border-block-end:0;flex-grow:1;border-block-start:var(--divider-border-width) var(--divider-border-style) var(--divider-color)}.elementor-widget-divider--element-align-left .elementor-divider .elementor-divider-separator>.elementor-divider__svg:first-of-type{flex-grow:0;flex-shrink:100}.elementor-widget-divider--element-align-left .elementor-divider-separator:before{content:none}.elementor-widget-divider--element-align-left .elementor-divider__element{margin-left:0}.elementor-widget-divider--element-align-right .elementor-divider .elementor-divider-separator>.elementor-divider__svg:last-of-type{flex-grow:0;flex-shrink:100}.elementor-widget-divider--element-align-right .elementor-divider-separator:after{content:none}.elementor-widget-divider--element-align-right .elementor-divider__element{margin-right:0}.elementor-widget-divider--element-align-start .elementor-divider .elementor-divider-separator>.elementor-divider__svg:first-of-type{flex-grow:0;flex-shrink:100}.elementor-widget-divider--element-align-start .elementor-divider-separator:before{content:none}.elementor-widget-divider--element-align-start .elementor-divider__element{margin-inline-start:0}.elementor-widget-divider--element-align-end .elementor-divider .elementor-divider-separator>.elementor-divider__svg:last-of-type{flex-grow:0;flex-shrink:100}.elementor-widget-divider--element-align-end .elementor-divider-separator:after{content:none}.elementor-widget-divider--element-align-end .elementor-divider__element{margin-inline-end:0}.elementor-widget-divider:not(.elementor-widget-divider--view-line_text):not(.elementor-widget-divider--view-line_icon) .elementor-divider-separator{border-block-start:var(--divider-border-width) var(--divider-border-style) var(--divider-color)}.elementor-widget-divider--separator-type-pattern{--divider-border-style:none}.elementor-widget-divider--separator-type-pattern.elementor-widget-divider--view-line .elementor-divider-separator,.elementor-widget-divider--separator-type-pattern:not(.elementor-widget-divider--view-line) .elementor-divider-separator:after,.elementor-widget-divider--separator-type-pattern:not(.elementor-widget-divider--view-line) .elementor-divider-separator:before,.elementor-widget-divider--separator-type-pattern:not([class*=elementor-widget-divider--view]) .elementor-divider-separator{width:100%;min-height:var(--divider-pattern-height);-webkit-mask-size:var(--divider-pattern-size) 100%;mask-size:var(--divider-pattern-size) 100%;-webkit-mask-repeat:var(--divider-pattern-repeat);mask-repeat:var(--divider-pattern-repeat);background-color:var(--divider-color);-webkit-mask-image:var(--divider-pattern-url);mask-image:var(--divider-pattern-url)}.elementor-widget-divider--no-spacing{--divider-pattern-size:auto}.elementor-widget-divider--bg-round{--divider-pattern-repeat:round}.rtl .elementor-widget-divider .elementor-divider__text{direction:rtl}.e-con-inner>.elementor-widget-divider,.e-con>.elementor-widget-divider{width:var(--container-widget-width,100%);--flex-grow:var(--container-widget-flex-grow)}<\/style>\t\t<div class=\"elementor-divider\">\n\t\t\t<span class=\"elementor-divider-separator\">\n\t\t\t\t\t\t<\/span>\n\t\t<\/div>\n\t\t\t\t<\/div>\n\t\t\t\t<\/div>\n\t\t\t\t<div class=\"elementor-element elementor-element-a63c9c8 l-neuron-grid-wrapper--columns__3 l-neuron-grid-wrapper-tablet--columns__2 l-neuron-grid-wrapper-mobile--columns__1 m-neuron-posts--thumbnail-top m-neuron-posts--layout-grid elementor-invisible elementor-widget elementor-widget-neuron-posts\" data-id=\"a63c9c8\" data-element_type=\"widget\" data-settings=\"{&quot;row_gap&quot;:{&quot;unit&quot;:&quot;px&quot;,&quot;size&quot;:56,&quot;sizes&quot;:[]},&quot;row_gap_tablet&quot;:{&quot;unit&quot;:&quot;px&quot;,&quot;size&quot;:48,&quot;sizes&quot;:[]},&quot;row_gap_mobile&quot;:{&quot;unit&quot;:&quot;px&quot;,&quot;size&quot;:32,&quot;sizes&quot;:[]},&quot;image_animation_hover&quot;:&quot;zoom-in&quot;,&quot;columns&quot;:&quot;3&quot;,&quot;columns_tablet&quot;:&quot;2&quot;,&quot;columns_mobile&quot;:&quot;1&quot;,&quot;carousel&quot;:&quot;no&quot;,&quot;layout&quot;:&quot;grid&quot;,&quot;pagination&quot;:&quot;none&quot;,&quot;animation&quot;:&quot;yes&quot;,&quot;neuron_animations&quot;:&quot;h-neuron-animation--slideUp&quot;,&quot;neuron_animations_duration&quot;:&quot;animated&quot;,&quot;animation_delay&quot;:0}\" data-widget_type=\"neuron-posts.default\">\n\t\t\t\t<div class=\"elementor-widget-container\">\n\t\t\t\t\t<div class=\"m-neuron-filters\" aria-label=\"Filters\">\n\t\t\t<ul >\n\t\t\t\t\t\t\t\t\t<li class=\"m-neuron-filters__item active\" data-filter=\"*\">Zobacz wszystkie<\/li>\n\t\t\t\t\n\t\t\t\t\t\t\t\t\t<li class=\"m-neuron-filters__item\" data-filter=\"portfolio_category-lalki-totemiczne\">Lalki Totemiczne<\/li>\n\t\t\t\t\t\t\t<\/ul>\n\t\t<\/div>\n\t\t\t\t\t\t\t\t<div class=\"l-neuron-grid\" data-masonry-id=\"ce6ed30b1b4ae0bc6426b2c75cb1cdcf\">\n\t\t\t\t\t\t\t\t\t\t\t\t<article class=\"l-neuron-grid__item h-neuron-animation--wow m-neuron-post post-6307 portfolio type-portfolio status-publish has-post-thumbnail hentry portfolio_category-lalki-totemiczne\" data-id=\"6307\">\n\t\t\t\t\t\t\t\t<div class=\"m-neuron-post__inner m-neuron-post__inner--classic\">\n        \n        <a class=\"m-neuron-post__thumbnail--link\"  href=\"https:\/\/urbanmagia.com\/en\/portfolio\/czarna-perla\/\"><div class=\"m-neuron-post__thumbnail\"><img fetchpriority=\"high\" decoding=\"async\" width=\"1600\" height=\"1067\" src=\"https:\/\/urbanmagia.com\/wp-content\/uploads\/2024\/04\/czarna_perla_7.jpg\" class=\"attachment-full size-full wp-post-image\" alt=\"\" srcset=\"https:\/\/urbanmagia.com\/wp-content\/uploads\/2024\/04\/czarna_perla_7.jpg 1600w, https:\/\/urbanmagia.com\/wp-content\/uploads\/2024\/04\/czarna_perla_7-300x200.jpg 300w, https:\/\/urbanmagia.com\/wp-content\/uploads\/2024\/04\/czarna_perla_7-1024x683.jpg 1024w, https:\/\/urbanmagia.com\/wp-content\/uploads\/2024\/04\/czarna_perla_7-768x512.jpg 768w, https:\/\/urbanmagia.com\/wp-content\/uploads\/2024\/04\/czarna_perla_7-1536x1024.jpg 1536w, https:\/\/urbanmagia.com\/wp-content\/uploads\/2024\/04\/czarna_perla_7-600x400.jpg 600w\" sizes=\"(max-width: 1600px) 100vw, 1600px\" \/><\/div><\/a><h4 class=\"m-neuron-post__title\"><a href=\"https:\/\/urbanmagia.com\/en\/portfolio\/czarna-perla\/\">Czarna Per\u0142a &#8211; Przewodniczka Przemijania<\/a><\/h4><div class=\"m-neuron-post__read-more\"><a href=\"https:\/\/urbanmagia.com\/en\/portfolio\/czarna-perla\/\"><span>Zobacz<\/span><span class=\"m-neuron-post__read-more--icon\"><\/span><\/a><\/div>        \n    <\/div>\t\t\t\t\t\t\t<\/article>\n\t\t\t\t\t\t\t\t\t\t\t\t\t\t<article class=\"l-neuron-grid__item h-neuron-animation--wow m-neuron-post post-6322 portfolio type-portfolio status-publish has-post-thumbnail hentry portfolio_category-lalki-totemiczne\" data-id=\"6322\">\n\t\t\t\t\t\t\t\t<div class=\"m-neuron-post__inner m-neuron-post__inner--classic\">\n        \n        <a class=\"m-neuron-post__thumbnail--link\"  href=\"https:\/\/urbanmagia.com\/en\/portfolio\/korzonka\/\"><div class=\"m-neuron-post__thumbnail\"><img decoding=\"async\" width=\"900\" height=\"1245\" src=\"https:\/\/urbanmagia.com\/wp-content\/uploads\/2024\/04\/Korzonka_2-.jpg\" class=\"attachment-full size-full wp-post-image\" alt=\"Korzonka - totemiczna lalka mocy, \u0142\u0105czniczka z osobistym \u017ar\u00f3d\u0142em mocy\" srcset=\"https:\/\/urbanmagia.com\/wp-content\/uploads\/2024\/04\/Korzonka_2-.jpg 900w, https:\/\/urbanmagia.com\/wp-content\/uploads\/2024\/04\/Korzonka_2--217x300.jpg 217w, https:\/\/urbanmagia.com\/wp-content\/uploads\/2024\/04\/Korzonka_2--740x1024.jpg 740w, https:\/\/urbanmagia.com\/wp-content\/uploads\/2024\/04\/Korzonka_2--768x1062.jpg 768w, https:\/\/urbanmagia.com\/wp-content\/uploads\/2024\/04\/Korzonka_2--600x830.jpg 600w\" sizes=\"(max-width: 900px) 100vw, 900px\" \/><\/div><\/a><h4 class=\"m-neuron-post__title\"><a href=\"https:\/\/urbanmagia.com\/en\/portfolio\/korzonka\/\">Korzonka &#8211; \u0141\u0105czniczka z Osobistym \u0179r\u00f3d\u0142em Mocy<\/a><\/h4><div class=\"m-neuron-post__read-more\"><a href=\"https:\/\/urbanmagia.com\/en\/portfolio\/korzonka\/\"><span>Zobacz<\/span><span class=\"m-neuron-post__read-more--icon\"><\/span><\/a><\/div>        \n    <\/div>\t\t\t\t\t\t\t<\/article>\n\t\t\t\t\t\t\t\t\t\t\t\t\t\t<article class=\"l-neuron-grid__item h-neuron-animation--wow m-neuron-post post-6344 portfolio type-portfolio status-publish has-post-thumbnail hentry portfolio_category-lalki-totemiczne\" data-id=\"6344\">\n\t\t\t\t\t\t\t\t<div class=\"m-neuron-post__inner m-neuron-post__inner--classic\">\n        \n        <a class=\"m-neuron-post__thumbnail--link\"  href=\"https:\/\/urbanmagia.com\/en\/portfolio\/zielony-mezczyzna\/\"><div class=\"m-neuron-post__thumbnail\"><img decoding=\"async\" width=\"960\" height=\"960\" src=\"https:\/\/urbanmagia.com\/wp-content\/uploads\/2024\/05\/Zielony-Mezczyzna_9.jpg\" class=\"attachment-full size-full wp-post-image\" alt=\"\" srcset=\"https:\/\/urbanmagia.com\/wp-content\/uploads\/2024\/05\/Zielony-Mezczyzna_9.jpg 960w, https:\/\/urbanmagia.com\/wp-content\/uploads\/2024\/05\/Zielony-Mezczyzna_9-300x300.jpg 300w, https:\/\/urbanmagia.com\/wp-content\/uploads\/2024\/05\/Zielony-Mezczyzna_9-150x150.jpg 150w, https:\/\/urbanmagia.com\/wp-content\/uploads\/2024\/05\/Zielony-Mezczyzna_9-768x768.jpg 768w, https:\/\/urbanmagia.com\/wp-content\/uploads\/2024\/05\/Zielony-Mezczyzna_9-600x600.jpg 600w, https:\/\/urbanmagia.com\/wp-content\/uploads\/2024\/05\/Zielony-Mezczyzna_9-100x100.jpg 100w\" sizes=\"(max-width: 960px) 100vw, 960px\" \/><\/div><\/a><h4 class=\"m-neuron-post__title\"><a href=\"https:\/\/urbanmagia.com\/en\/portfolio\/zielony-mezczyzna\/\">Zielony M\u0119\u017cczyzna \u2013 Moc Pokojowego Wzorca M\u0119skiego<\/a><\/h4><div class=\"m-neuron-post__read-more\"><a href=\"https:\/\/urbanmagia.com\/en\/portfolio\/zielony-mezczyzna\/\"><span>Zobacz<\/span><span class=\"m-neuron-post__read-more--icon\"><\/span><\/a><\/div>        \n    <\/div>\t\t\t\t\t\t\t<\/article>\n\t\t\t\t\t\t\t\t\t\t\t\t\t\t<article class=\"l-neuron-grid__item h-neuron-animation--wow m-neuron-post post-6356 portfolio type-portfolio status-publish has-post-thumbnail hentry portfolio_category-lalki-totemiczne\" data-id=\"6356\">\n\t\t\t\t\t\t\t\t<div class=\"m-neuron-post__inner m-neuron-post__inner--classic\">\n        \n        <a class=\"m-neuron-post__thumbnail--link\"  href=\"https:\/\/urbanmagia.com\/en\/portfolio\/nietoperzynka\/\"><div class=\"m-neuron-post__thumbnail\"><img loading=\"lazy\" decoding=\"async\" width=\"1000\" height=\"1036\" src=\"https:\/\/urbanmagia.com\/wp-content\/uploads\/2024\/05\/Nietoperzynka_2.jpg\" class=\"attachment-full size-full wp-post-image\" alt=\"\" srcset=\"https:\/\/urbanmagia.com\/wp-content\/uploads\/2024\/05\/Nietoperzynka_2.jpg 1000w, https:\/\/urbanmagia.com\/wp-content\/uploads\/2024\/05\/Nietoperzynka_2-290x300.jpg 290w, https:\/\/urbanmagia.com\/wp-content\/uploads\/2024\/05\/Nietoperzynka_2-988x1024.jpg 988w, https:\/\/urbanmagia.com\/wp-content\/uploads\/2024\/05\/Nietoperzynka_2-768x796.jpg 768w, https:\/\/urbanmagia.com\/wp-content\/uploads\/2024\/05\/Nietoperzynka_2-600x622.jpg 600w\" sizes=\"(max-width: 1000px) 100vw, 1000px\" \/><\/div><\/a><h4 class=\"m-neuron-post__title\"><a href=\"https:\/\/urbanmagia.com\/en\/portfolio\/nietoperzynka\/\">Nietoperzynka\u00a0&#8211; Przewodniczka Radykalnego Po\u017cegnania i Odrodzenie w Nowym<\/a><\/h4><div class=\"m-neuron-post__read-more\"><a href=\"https:\/\/urbanmagia.com\/en\/portfolio\/nietoperzynka\/\"><span>Zobacz<\/span><span class=\"m-neuron-post__read-more--icon\"><\/span><\/a><\/div>        \n    <\/div>\t\t\t\t\t\t\t<\/article>\n\t\t\t\t\t\t\t\t\t\t\t\t\t\t<article class=\"l-neuron-grid__item h-neuron-animation--wow m-neuron-post post-6368 portfolio type-portfolio status-publish has-post-thumbnail hentry portfolio_category-lalki-totemiczne\" data-id=\"6368\">\n\t\t\t\t\t\t\t\t<div class=\"m-neuron-post__inner m-neuron-post__inner--classic\">\n        \n        <a class=\"m-neuron-post__thumbnail--link\"  href=\"https:\/\/urbanmagia.com\/en\/portfolio\/nowinka\/\"><div class=\"m-neuron-post__thumbnail\"><img loading=\"lazy\" decoding=\"async\" width=\"1600\" height=\"1483\" src=\"https:\/\/urbanmagia.com\/wp-content\/uploads\/2024\/05\/Nowinka_urban_magia.jpg\" class=\"attachment-full size-full wp-post-image\" alt=\"\" srcset=\"https:\/\/urbanmagia.com\/wp-content\/uploads\/2024\/05\/Nowinka_urban_magia.jpg 1600w, https:\/\/urbanmagia.com\/wp-content\/uploads\/2024\/05\/Nowinka_urban_magia-300x278.jpg 300w, https:\/\/urbanmagia.com\/wp-content\/uploads\/2024\/05\/Nowinka_urban_magia-1024x949.jpg 1024w, https:\/\/urbanmagia.com\/wp-content\/uploads\/2024\/05\/Nowinka_urban_magia-768x712.jpg 768w, https:\/\/urbanmagia.com\/wp-content\/uploads\/2024\/05\/Nowinka_urban_magia-1536x1424.jpg 1536w, https:\/\/urbanmagia.com\/wp-content\/uploads\/2024\/05\/Nowinka_urban_magia-600x556.jpg 600w\" sizes=\"(max-width: 1600px) 100vw, 1600px\" \/><\/div><\/a><h4 class=\"m-neuron-post__title\"><a href=\"https:\/\/urbanmagia.com\/en\/portfolio\/nowinka\/\">Nowinka &#8211; Lalka Nowego Pocz\u0105tku<\/a><\/h4><div class=\"m-neuron-post__read-more\"><a href=\"https:\/\/urbanmagia.com\/en\/portfolio\/nowinka\/\"><span>Zobacz<\/span><span class=\"m-neuron-post__read-more--icon\"><\/span><\/a><\/div>        \n    <\/div>\t\t\t\t\t\t\t<\/article>\n\t\t\t\t\t\t\t\t\t\t\t\t\t\t<article class=\"l-neuron-grid__item h-neuron-animation--wow m-neuron-post post-6380 portfolio type-portfolio status-publish has-post-thumbnail hentry portfolio_category-lalki-totemiczne\" data-id=\"6380\">\n\t\t\t\t\t\t\t\t<div class=\"m-neuron-post__inner m-neuron-post__inner--classic\">\n        \n        <a class=\"m-neuron-post__thumbnail--link\"  href=\"https:\/\/urbanmagia.com\/en\/portfolio\/indywidualna\/\"><div class=\"m-neuron-post__thumbnail\"><img loading=\"lazy\" decoding=\"async\" width=\"1472\" height=\"1967\" src=\"https:\/\/urbanmagia.com\/wp-content\/uploads\/2024\/05\/Istota-las-i-jezioro1.jpg\" class=\"attachment-full size-full wp-post-image\" alt=\"\" srcset=\"https:\/\/urbanmagia.com\/wp-content\/uploads\/2024\/05\/Istota-las-i-jezioro1.jpg 1472w, https:\/\/urbanmagia.com\/wp-content\/uploads\/2024\/05\/Istota-las-i-jezioro1-225x300.jpg 225w, https:\/\/urbanmagia.com\/wp-content\/uploads\/2024\/05\/Istota-las-i-jezioro1-766x1024.jpg 766w, https:\/\/urbanmagia.com\/wp-content\/uploads\/2024\/05\/Istota-las-i-jezioro1-768x1026.jpg 768w, https:\/\/urbanmagia.com\/wp-content\/uploads\/2024\/05\/Istota-las-i-jezioro1-1149x1536.jpg 1149w, https:\/\/urbanmagia.com\/wp-content\/uploads\/2024\/05\/Istota-las-i-jezioro1-600x802.jpg 600w\" sizes=\"(max-width: 1472px) 100vw, 1472px\" \/><\/div><\/a><h4 class=\"m-neuron-post__title\"><a href=\"https:\/\/urbanmagia.com\/en\/portfolio\/indywidualna\/\">Twoja Indywidualna Lalka Totemiczna<\/a><\/h4><div class=\"m-neuron-post__read-more\"><a href=\"https:\/\/urbanmagia.com\/en\/portfolio\/indywidualna\/\"><span>Zobacz<\/span><span class=\"m-neuron-post__read-more--icon\"><\/span><\/a><\/div>        \n    <\/div>\t\t\t\t\t\t\t<\/article>\n\t\t\t\t\t\t\t\t\t\t\t\t\t\t<article class=\"l-neuron-grid__item h-neuron-animation--wow m-neuron-post post-6395 portfolio type-portfolio status-publish has-post-thumbnail hentry portfolio_category-lalki-totemiczne\" data-id=\"6395\">\n\t\t\t\t\t\t\t\t<div class=\"m-neuron-post__inner m-neuron-post__inner--classic\">\n        \n        <a class=\"m-neuron-post__thumbnail--link\"  href=\"https:\/\/urbanmagia.com\/en\/portfolio\/wilczynka\/\"><div class=\"m-neuron-post__thumbnail\"><img loading=\"lazy\" decoding=\"async\" width=\"1600\" height=\"1021\" src=\"https:\/\/urbanmagia.com\/wp-content\/uploads\/2024\/05\/Wilczynka_1.jpg\" class=\"attachment-full size-full wp-post-image\" alt=\"\" srcset=\"https:\/\/urbanmagia.com\/wp-content\/uploads\/2024\/05\/Wilczynka_1.jpg 1600w, https:\/\/urbanmagia.com\/wp-content\/uploads\/2024\/05\/Wilczynka_1-300x191.jpg 300w, https:\/\/urbanmagia.com\/wp-content\/uploads\/2024\/05\/Wilczynka_1-1024x653.jpg 1024w, https:\/\/urbanmagia.com\/wp-content\/uploads\/2024\/05\/Wilczynka_1-768x490.jpg 768w, https:\/\/urbanmagia.com\/wp-content\/uploads\/2024\/05\/Wilczynka_1-1536x980.jpg 1536w, https:\/\/urbanmagia.com\/wp-content\/uploads\/2024\/05\/Wilczynka_1-600x383.jpg 600w\" sizes=\"(max-width: 1600px) 100vw, 1600px\" \/><\/div><\/a><h4 class=\"m-neuron-post__title\"><a href=\"https:\/\/urbanmagia.com\/en\/portfolio\/wilczynka\/\">Wilczynka &#8211; Przewodniczka Pierwotnej Kobieco\u015bci<\/a><\/h4><div class=\"m-neuron-post__read-more\"><a href=\"https:\/\/urbanmagia.com\/en\/portfolio\/wilczynka\/\"><span>Zobacz<\/span><span class=\"m-neuron-post__read-more--icon\"><\/span><\/a><\/div>        \n    <\/div>\t\t\t\t\t\t\t<\/article>\n\t\t\t\t\t\t\t\t\t\t\t\t\t\t<article class=\"l-neuron-grid__item h-neuron-animation--wow m-neuron-post post-7488 portfolio type-portfolio status-publish has-post-thumbnail hentry portfolio_category-lalki-totemiczne\" data-id=\"7488\">\n\t\t\t\t\t\t\t\t<div class=\"m-neuron-post__inner m-neuron-post__inner--classic\">\n        \n        <a class=\"m-neuron-post__thumbnail--link\"  href=\"https:\/\/urbanmagia.com\/en\/portfolio\/podwojna\/\"><div class=\"m-neuron-post__thumbnail\"><img loading=\"lazy\" decoding=\"async\" width=\"1800\" height=\"1275\" src=\"https:\/\/urbanmagia.com\/wp-content\/uploads\/2024\/06\/podwojna.jpg\" class=\"attachment-full size-full wp-post-image\" alt=\"\" srcset=\"https:\/\/urbanmagia.com\/wp-content\/uploads\/2024\/06\/podwojna.jpg 1800w, https:\/\/urbanmagia.com\/wp-content\/uploads\/2024\/06\/podwojna-300x213.jpg 300w, https:\/\/urbanmagia.com\/wp-content\/uploads\/2024\/06\/podwojna-1024x725.jpg 1024w, https:\/\/urbanmagia.com\/wp-content\/uploads\/2024\/06\/podwojna-768x544.jpg 768w, https:\/\/urbanmagia.com\/wp-content\/uploads\/2024\/06\/podwojna-1536x1088.jpg 1536w, https:\/\/urbanmagia.com\/wp-content\/uploads\/2024\/06\/podwojna-18x12.jpg 18w, https:\/\/urbanmagia.com\/wp-content\/uploads\/2024\/06\/podwojna-600x425.jpg 600w\" sizes=\"(max-width: 1800px) 100vw, 1800px\" \/><\/div><\/a><h4 class=\"m-neuron-post__title\"><a href=\"https:\/\/urbanmagia.com\/en\/portfolio\/podwojna\/\">Podw\u00f3jna &#8211; \u0141\u0105cz\u0105ca to, co Rozdzielone<\/a><\/h4><div class=\"m-neuron-post__read-more\"><a href=\"https:\/\/urbanmagia.com\/en\/portfolio\/podwojna\/\"><span>Zobacz<\/span><span class=\"m-neuron-post__read-more--icon\"><\/span><\/a><\/div>        \n    <\/div>\t\t\t\t\t\t\t<\/article>\n\t\t\t\t\t\t\t\t\t\t\t<\/div>\n\t\t\t\n\t\t\t\t<\/div>\n\t\t\t\t<\/div>\n\t\t\t\t\t<\/div>\n\t\t<\/div>\n\t\t\t\t\t<\/div>\n\t\t<\/section>\n\t\t\t\t<\/div>","protected":false},"excerpt":{"rendered":"<p>Home Totemiczne Lalki Totemiczne Zobacz wszystkie Lalki Totemiczne Czarna Per\u0142a &#8211; Przewodniczka Przemijania Zobacz Korzonka &#8211; \u0141\u0105czniczka z Osobistym \u0179r\u00f3d\u0142em Mocy Zobacz Zielony M\u0119\u017cczyzna \u2013 Moc Pokojowego Wzorca M\u0119skiego Zobacz Nietoperzynka\u00a0&#8211; Przewodniczka Radykalnego Po\u017cegnania i Odrodzenie w Nowym Zobacz Nowinka &#8211; Lalka Nowego Pocz\u0105tku Zobacz Twoja Indywidualna Lalka Totemiczna Zobacz Wilczynka &#8211; Przewodniczka Pierwotnej Kobieco\u015bci&#8230;<\/p>","protected":false},"author":1,"featured_media":0,"parent":0,"menu_order":0,"comment_status":"closed","ping_status":"closed","template":"elementor_header_footer","meta":{"footnotes":""},"class_list":["post-7306","page","type-page","status-publish","hentry"],"jetpack_sharing_enabled":true,"_links":{"self":[{"href":"https:\/\/urbanmagia.com\/en\/wp-json\/wp\/v2\/pages\/7306","targetHints":{"allow":["GET"]}}],"collection":[{"href":"https:\/\/urbanmagia.com\/en\/wp-json\/wp\/v2\/pages"}],"about":[{"href":"https:\/\/urbanmagia.com\/en\/wp-json\/wp\/v2\/types\/page"}],"author":[{"embeddable":true,"href":"https:\/\/urbanmagia.com\/en\/wp-json\/wp\/v2\/users\/1"}],"replies":[{"embeddable":true,"href":"https:\/\/urbanmagia.com\/en\/wp-json\/wp\/v2\/comments?post=7306"}],"version-history":[{"count":8,"href":"https:\/\/urbanmagia.com\/en\/wp-json\/wp\/v2\/pages\/7306\/revisions"}],"predecessor-version":[{"id":8044,"href":"https:\/\/urbanmagia.com\/en\/wp-json\/wp\/v2\/pages\/7306\/revisions\/8044"}],"wp:attachment":[{"href":"https:\/\/urbanmagia.com\/en\/wp-json\/wp\/v2\/media?parent=7306"}],"curies":[{"name":"wp","href":"https:\/\/api.w.org\/{rel}","templated":true}]}}