{"id":7300,"date":"2024-05-28T18:11:16","date_gmt":"2024-05-28T18:11:16","guid":{"rendered":"https:\/\/urbanmagia.pl\/?page_id=7300"},"modified":"2025-06-16T14:02:55","modified_gmt":"2025-06-16T14:02:55","slug":"slowianskie","status":"publish","type":"page","link":"https:\/\/urbanmagia.com\/en\/slowianskie\/","title":{"rendered":"S\u0142owia\u0144skie"},"content":{"rendered":"<div data-elementor-type=\"wp-page\" data-elementor-id=\"7300\" class=\"elementor elementor-7300\">\n\t\t\t\t\t\t<section class=\"elementor-section elementor-top-section elementor-element elementor-element-5a06621 elementor-section-boxed elementor-section-height-default elementor-section-height-default\" data-id=\"5a06621\" data-element_type=\"section\">\n\t\t\t\t\t\t<div class=\"elementor-container elementor-column-gap-default\">\n\t\t\t\t\t<div class=\"elementor-column elementor-col-100 elementor-top-column elementor-element elementor-element-2c1277c\" data-id=\"2c1277c\" data-element_type=\"column\">\n\t\t\t<div class=\"elementor-widget-wrap elementor-element-populated\">\n\t\t\t\t\t\t<div class=\"elementor-element elementor-element-e032ed9 elementor-widget elementor-widget-neuron-breadcrumbs\" data-id=\"e032ed9\" data-element_type=\"widget\" data-widget_type=\"neuron-breadcrumbs.default\">\n\t\t\t\t<div class=\"elementor-widget-container\">\n\t\t\t\n\t\t\t<div class=\"m-neuron-breadcrumbs\" aria-label=\"You are here:\">\n\t\t\t\t<span class=\"m-neuron-breadcrumbs__item\"><a href=\"https:\/\/urbanmagia.com\/en\/lalki-mocy\/\">Home<\/a><\/span> <span class=\"m-neuron-breadcrumbs__separator\"> <\/span> <span class=\"m-neuron-breadcrumbs__item\" aria-current=\"page\">S\u0142owia\u0144skie<\/span>\t\t\t<\/div>\n\n\t\t   \t\t<\/div>\n\t\t\t\t<\/div>\n\t\t\t\t<div class=\"elementor-element elementor-element-831ea66 elementor-widget elementor-widget-heading\" data-id=\"831ea66\" data-element_type=\"widget\" data-widget_type=\"heading.default\">\n\t\t\t\t<div class=\"elementor-widget-container\">\n\t\t\t<style>\/*! elementor - v3.20.0 - 20-03-2024 *\/\n.elementor-heading-title{padding:0;margin:0;line-height:1}.elementor-widget-heading .elementor-heading-title[class*=elementor-size-]>a{color:inherit;font-size:inherit;line-height:inherit}.elementor-widget-heading .elementor-heading-title.elementor-size-small{font-size:15px}.elementor-widget-heading .elementor-heading-title.elementor-size-medium{font-size:19px}.elementor-widget-heading .elementor-heading-title.elementor-size-large{font-size:29px}.elementor-widget-heading .elementor-heading-title.elementor-size-xl{font-size:39px}.elementor-widget-heading .elementor-heading-title.elementor-size-xxl{font-size:59px}<\/style><h1 class=\"elementor-heading-title elementor-size-default\">S\u0142owia\u0144skie Lalki Mocy<\/h1>\t\t<\/div>\n\t\t\t\t<\/div>\n\t\t\t\t<div class=\"elementor-element elementor-element-84c83b7 elementor-widget-divider--view-line elementor-widget elementor-widget-divider\" data-id=\"84c83b7\" data-element_type=\"widget\" data-widget_type=\"divider.default\">\n\t\t\t\t<div class=\"elementor-widget-container\">\n\t\t\t<style>\/*! elementor - v3.20.0 - 20-03-2024 *\/\n.elementor-widget-divider{--divider-border-style:none;--divider-border-width:1px;--divider-color:#0c0d0e;--divider-icon-size:20px;--divider-element-spacing:10px;--divider-pattern-height:24px;--divider-pattern-size:20px;--divider-pattern-url:none;--divider-pattern-repeat:repeat-x}.elementor-widget-divider .elementor-divider{display:flex}.elementor-widget-divider .elementor-divider__text{font-size:15px;line-height:1;max-width:95%}.elementor-widget-divider .elementor-divider__element{margin:0 var(--divider-element-spacing);flex-shrink:0}.elementor-widget-divider .elementor-icon{font-size:var(--divider-icon-size)}.elementor-widget-divider .elementor-divider-separator{display:flex;margin:0;direction:ltr}.elementor-widget-divider--view-line_icon .elementor-divider-separator,.elementor-widget-divider--view-line_text .elementor-divider-separator{align-items:center}.elementor-widget-divider--view-line_icon .elementor-divider-separator:after,.elementor-widget-divider--view-line_icon .elementor-divider-separator:before,.elementor-widget-divider--view-line_text .elementor-divider-separator:after,.elementor-widget-divider--view-line_text .elementor-divider-separator:before{display:block;content:\"\";border-block-end:0;flex-grow:1;border-block-start:var(--divider-border-width) var(--divider-border-style) var(--divider-color)}.elementor-widget-divider--element-align-left .elementor-divider .elementor-divider-separator>.elementor-divider__svg:first-of-type{flex-grow:0;flex-shrink:100}.elementor-widget-divider--element-align-left .elementor-divider-separator:before{content:none}.elementor-widget-divider--element-align-left .elementor-divider__element{margin-left:0}.elementor-widget-divider--element-align-right .elementor-divider .elementor-divider-separator>.elementor-divider__svg:last-of-type{flex-grow:0;flex-shrink:100}.elementor-widget-divider--element-align-right .elementor-divider-separator:after{content:none}.elementor-widget-divider--element-align-right .elementor-divider__element{margin-right:0}.elementor-widget-divider--element-align-start .elementor-divider .elementor-divider-separator>.elementor-divider__svg:first-of-type{flex-grow:0;flex-shrink:100}.elementor-widget-divider--element-align-start .elementor-divider-separator:before{content:none}.elementor-widget-divider--element-align-start .elementor-divider__element{margin-inline-start:0}.elementor-widget-divider--element-align-end .elementor-divider .elementor-divider-separator>.elementor-divider__svg:last-of-type{flex-grow:0;flex-shrink:100}.elementor-widget-divider--element-align-end .elementor-divider-separator:after{content:none}.elementor-widget-divider--element-align-end .elementor-divider__element{margin-inline-end:0}.elementor-widget-divider:not(.elementor-widget-divider--view-line_text):not(.elementor-widget-divider--view-line_icon) .elementor-divider-separator{border-block-start:var(--divider-border-width) var(--divider-border-style) var(--divider-color)}.elementor-widget-divider--separator-type-pattern{--divider-border-style:none}.elementor-widget-divider--separator-type-pattern.elementor-widget-divider--view-line .elementor-divider-separator,.elementor-widget-divider--separator-type-pattern:not(.elementor-widget-divider--view-line) .elementor-divider-separator:after,.elementor-widget-divider--separator-type-pattern:not(.elementor-widget-divider--view-line) .elementor-divider-separator:before,.elementor-widget-divider--separator-type-pattern:not([class*=elementor-widget-divider--view]) .elementor-divider-separator{width:100%;min-height:var(--divider-pattern-height);-webkit-mask-size:var(--divider-pattern-size) 100%;mask-size:var(--divider-pattern-size) 100%;-webkit-mask-repeat:var(--divider-pattern-repeat);mask-repeat:var(--divider-pattern-repeat);background-color:var(--divider-color);-webkit-mask-image:var(--divider-pattern-url);mask-image:var(--divider-pattern-url)}.elementor-widget-divider--no-spacing{--divider-pattern-size:auto}.elementor-widget-divider--bg-round{--divider-pattern-repeat:round}.rtl .elementor-widget-divider .elementor-divider__text{direction:rtl}.e-con-inner>.elementor-widget-divider,.e-con>.elementor-widget-divider{width:var(--container-widget-width,100%);--flex-grow:var(--container-widget-flex-grow)}<\/style>\t\t<div class=\"elementor-divider\">\n\t\t\t<span class=\"elementor-divider-separator\">\n\t\t\t\t\t\t<\/span>\n\t\t<\/div>\n\t\t\t\t<\/div>\n\t\t\t\t<\/div>\n\t\t\t\t<div class=\"elementor-element elementor-element-c50bb09 l-neuron-grid-wrapper--columns__3 l-neuron-grid-wrapper-tablet--columns__2 l-neuron-grid-wrapper-mobile--columns__1 m-neuron-posts--thumbnail-top m-neuron-posts--layout-grid elementor-invisible elementor-widget elementor-widget-neuron-posts\" data-id=\"c50bb09\" data-element_type=\"widget\" data-settings=\"{&quot;row_gap&quot;:{&quot;unit&quot;:&quot;px&quot;,&quot;size&quot;:56,&quot;sizes&quot;:[]},&quot;row_gap_tablet&quot;:{&quot;unit&quot;:&quot;px&quot;,&quot;size&quot;:48,&quot;sizes&quot;:[]},&quot;row_gap_mobile&quot;:{&quot;unit&quot;:&quot;px&quot;,&quot;size&quot;:32,&quot;sizes&quot;:[]},&quot;image_animation_hover&quot;:&quot;zoom-in&quot;,&quot;columns&quot;:&quot;3&quot;,&quot;columns_tablet&quot;:&quot;2&quot;,&quot;columns_mobile&quot;:&quot;1&quot;,&quot;carousel&quot;:&quot;no&quot;,&quot;layout&quot;:&quot;grid&quot;,&quot;pagination&quot;:&quot;none&quot;,&quot;animation&quot;:&quot;yes&quot;,&quot;neuron_animations&quot;:&quot;h-neuron-animation--slideUp&quot;,&quot;neuron_animations_duration&quot;:&quot;animated&quot;,&quot;animation_delay&quot;:0}\" data-widget_type=\"neuron-posts.default\">\n\t\t\t\t<div class=\"elementor-widget-container\">\n\t\t\t\t\t<div class=\"m-neuron-filters\" aria-label=\"Filters\">\n\t\t\t<ul >\n\t\t\t\t\t\t\t\t\t<li class=\"m-neuron-filters__item active\" data-filter=\"*\">Zobacz wszystkie<\/li>\n\t\t\t\t\n\t\t\t\t\t\t\t\t\t<li class=\"m-neuron-filters__item\" data-filter=\"portfolio_category-slowianskie-lalki-mocy\">S\u0142owia\u0144skie Lalki Mocy<\/li>\n\t\t\t\t\t\t\t\t\t<li class=\"m-neuron-filters__item\" data-filter=\"portfolio_category-lalki-totemiczne\">Lalki Totemiczne<\/li>\n\t\t\t\t\t\t\t<\/ul>\n\t\t<\/div>\n\t\t\t\t\t\t\t\t<div class=\"l-neuron-grid\" data-masonry-id=\"a523d40cdaf329f18f347195b999906f\">\n\t\t\t\t\t\t\t\t\t\t\t\t<article class=\"l-neuron-grid__item h-neuron-animation--wow m-neuron-post post-183 portfolio type-portfolio status-publish has-post-thumbnail hentry portfolio_category-slowianskie-lalki-mocy\" data-id=\"183\">\n\t\t\t\t\t\t\t\t<div class=\"m-neuron-post__inner m-neuron-post__inner--classic\">\n        \n        <a class=\"m-neuron-post__thumbnail--link\"  href=\"https:\/\/urbanmagia.com\/en\/portfolio\/zadanica\/\"><div class=\"m-neuron-post__thumbnail\"><img fetchpriority=\"high\" decoding=\"async\" width=\"1600\" height=\"1099\" src=\"https:\/\/urbanmagia.com\/wp-content\/uploads\/2021\/09\/Zadanica2_Archiwum_urban_Magii2_72.jpg\" class=\"attachment-full size-full wp-post-image\" alt=\"\" srcset=\"https:\/\/urbanmagia.com\/wp-content\/uploads\/2021\/09\/Zadanica2_Archiwum_urban_Magii2_72.jpg 1600w, https:\/\/urbanmagia.com\/wp-content\/uploads\/2021\/09\/Zadanica2_Archiwum_urban_Magii2_72-300x206.jpg 300w, https:\/\/urbanmagia.com\/wp-content\/uploads\/2021\/09\/Zadanica2_Archiwum_urban_Magii2_72-1024x703.jpg 1024w, https:\/\/urbanmagia.com\/wp-content\/uploads\/2021\/09\/Zadanica2_Archiwum_urban_Magii2_72-768x528.jpg 768w, https:\/\/urbanmagia.com\/wp-content\/uploads\/2021\/09\/Zadanica2_Archiwum_urban_Magii2_72-1536x1055.jpg 1536w, https:\/\/urbanmagia.com\/wp-content\/uploads\/2021\/09\/Zadanica2_Archiwum_urban_Magii2_72-600x412.jpg 600w\" sizes=\"(max-width: 1600px) 100vw, 1600px\" \/><\/div><\/a><h4 class=\"m-neuron-post__title\"><a href=\"https:\/\/urbanmagia.com\/en\/portfolio\/zadanica\/\">\u017badanica \u2013 Stra\u017cniczka Marze\u0144<\/a><\/h4><div class=\"m-neuron-post__read-more\"><a href=\"https:\/\/urbanmagia.com\/en\/portfolio\/zadanica\/\"><span>Zobacz<\/span><span class=\"m-neuron-post__read-more--icon\"><\/span><\/a><\/div>        \n    <\/div>\t\t\t\t\t\t\t<\/article>\n\t\t\t\t\t\t\t\t\t\t\t\t\t\t<article class=\"l-neuron-grid__item h-neuron-animation--wow m-neuron-post post-6144 portfolio type-portfolio status-publish has-post-thumbnail hentry portfolio_category-slowianskie-lalki-mocy\" data-id=\"6144\">\n\t\t\t\t\t\t\t\t<div class=\"m-neuron-post__inner m-neuron-post__inner--classic\">\n        \n        <a class=\"m-neuron-post__thumbnail--link\"  href=\"https:\/\/urbanmagia.com\/en\/portfolio\/podrozka\/\"><div class=\"m-neuron-post__thumbnail\"><img decoding=\"async\" width=\"1600\" height=\"1268\" src=\"https:\/\/urbanmagia.com\/wp-content\/uploads\/2024\/04\/Podrozka_4.jpg\" class=\"attachment-full size-full wp-post-image\" alt=\"\" srcset=\"https:\/\/urbanmagia.com\/wp-content\/uploads\/2024\/04\/Podrozka_4.jpg 1600w, https:\/\/urbanmagia.com\/wp-content\/uploads\/2024\/04\/Podrozka_4-300x238.jpg 300w, https:\/\/urbanmagia.com\/wp-content\/uploads\/2024\/04\/Podrozka_4-1024x812.jpg 1024w, https:\/\/urbanmagia.com\/wp-content\/uploads\/2024\/04\/Podrozka_4-768x609.jpg 768w, https:\/\/urbanmagia.com\/wp-content\/uploads\/2024\/04\/Podrozka_4-1536x1217.jpg 1536w, https:\/\/urbanmagia.com\/wp-content\/uploads\/2024\/04\/Podrozka_4-600x476.jpg 600w\" sizes=\"(max-width: 1600px) 100vw, 1600px\" \/><\/div><\/a><h4 class=\"m-neuron-post__title\"><a href=\"https:\/\/urbanmagia.com\/en\/portfolio\/podrozka\/\">Podr\u00f3\u017cka &#8211; Przewodniczka Intuicji<\/a><\/h4><div class=\"m-neuron-post__read-more\"><a href=\"https:\/\/urbanmagia.com\/en\/portfolio\/podrozka\/\"><span>Zobacz<\/span><span class=\"m-neuron-post__read-more--icon\"><\/span><\/a><\/div>        \n    <\/div>\t\t\t\t\t\t\t<\/article>\n\t\t\t\t\t\t\t\t\t\t\t\t\t\t<article class=\"l-neuron-grid__item h-neuron-animation--wow m-neuron-post post-6162 portfolio type-portfolio status-publish has-post-thumbnail hentry portfolio_category-slowianskie-lalki-mocy\" data-id=\"6162\">\n\t\t\t\t\t\t\t\t<div class=\"m-neuron-post__inner m-neuron-post__inner--classic\">\n        \n        <a class=\"m-neuron-post__thumbnail--link\"  href=\"https:\/\/urbanmagia.com\/en\/portfolio\/ziarnuszka\/\"><div class=\"m-neuron-post__thumbnail\"><img decoding=\"async\" width=\"1600\" height=\"1200\" src=\"https:\/\/urbanmagia.com\/wp-content\/uploads\/2024\/04\/Ziarnuszki_1.jpg\" class=\"attachment-full size-full wp-post-image\" alt=\"\" srcset=\"https:\/\/urbanmagia.com\/wp-content\/uploads\/2024\/04\/Ziarnuszki_1.jpg 1600w, https:\/\/urbanmagia.com\/wp-content\/uploads\/2024\/04\/Ziarnuszki_1-300x225.jpg 300w, https:\/\/urbanmagia.com\/wp-content\/uploads\/2024\/04\/Ziarnuszki_1-1024x768.jpg 1024w, https:\/\/urbanmagia.com\/wp-content\/uploads\/2024\/04\/Ziarnuszki_1-768x576.jpg 768w, https:\/\/urbanmagia.com\/wp-content\/uploads\/2024\/04\/Ziarnuszki_1-1536x1152.jpg 1536w, https:\/\/urbanmagia.com\/wp-content\/uploads\/2024\/04\/Ziarnuszki_1-600x450.jpg 600w\" sizes=\"(max-width: 1600px) 100vw, 1600px\" \/><\/div><\/a><h4 class=\"m-neuron-post__title\"><a href=\"https:\/\/urbanmagia.com\/en\/portfolio\/ziarnuszka\/\">Ziarnuszka &#8211; Opiekunka Serca Domu<\/a><\/h4><div class=\"m-neuron-post__read-more\"><a href=\"https:\/\/urbanmagia.com\/en\/portfolio\/ziarnuszka\/\"><span>Zobacz<\/span><span class=\"m-neuron-post__read-more--icon\"><\/span><\/a><\/div>        \n    <\/div>\t\t\t\t\t\t\t<\/article>\n\t\t\t\t\t\t\t\t\t\t\t\t\t\t<article class=\"l-neuron-grid__item h-neuron-animation--wow m-neuron-post post-6200 portfolio type-portfolio status-publish has-post-thumbnail hentry portfolio_category-slowianskie-lalki-mocy\" data-id=\"6200\">\n\t\t\t\t\t\t\t\t<div class=\"m-neuron-post__inner m-neuron-post__inner--classic\">\n        \n        <a class=\"m-neuron-post__thumbnail--link\"  href=\"https:\/\/urbanmagia.com\/en\/portfolio\/karmicielka\/\"><div class=\"m-neuron-post__thumbnail\"><img loading=\"lazy\" decoding=\"async\" width=\"1600\" height=\"1067\" src=\"https:\/\/urbanmagia.com\/wp-content\/uploads\/2024\/04\/Karmicielka_5.jpg\" class=\"attachment-full size-full wp-post-image\" alt=\"\" srcset=\"https:\/\/urbanmagia.com\/wp-content\/uploads\/2024\/04\/Karmicielka_5.jpg 1600w, https:\/\/urbanmagia.com\/wp-content\/uploads\/2024\/04\/Karmicielka_5-300x200.jpg 300w, https:\/\/urbanmagia.com\/wp-content\/uploads\/2024\/04\/Karmicielka_5-1024x683.jpg 1024w, https:\/\/urbanmagia.com\/wp-content\/uploads\/2024\/04\/Karmicielka_5-768x512.jpg 768w, https:\/\/urbanmagia.com\/wp-content\/uploads\/2024\/04\/Karmicielka_5-1536x1024.jpg 1536w, https:\/\/urbanmagia.com\/wp-content\/uploads\/2024\/04\/Karmicielka_5-600x400.jpg 600w\" sizes=\"(max-width: 1600px) 100vw, 1600px\" \/><\/div><\/a><h4 class=\"m-neuron-post__title\"><a href=\"https:\/\/urbanmagia.com\/en\/portfolio\/karmicielka\/\">Karmicielka\u00a0&#8211; Lalka Obfito\u015bci<\/a><\/h4><div class=\"m-neuron-post__read-more\"><a href=\"https:\/\/urbanmagia.com\/en\/portfolio\/karmicielka\/\"><span>Zobacz<\/span><span class=\"m-neuron-post__read-more--icon\"><\/span><\/a><\/div>        \n    <\/div>\t\t\t\t\t\t\t<\/article>\n\t\t\t\t\t\t\t\t\t\t\t\t\t\t<article class=\"l-neuron-grid__item h-neuron-animation--wow m-neuron-post post-6214 portfolio type-portfolio status-publish has-post-thumbnail hentry portfolio_category-slowianskie-lalki-mocy\" data-id=\"6214\">\n\t\t\t\t\t\t\t\t<div class=\"m-neuron-post__inner m-neuron-post__inner--classic\">\n        \n        <a class=\"m-neuron-post__thumbnail--link\"  href=\"https:\/\/urbanmagia.com\/en\/portfolio\/lalka-przejscia\/\"><div class=\"m-neuron-post__thumbnail\"><img loading=\"lazy\" decoding=\"async\" width=\"1600\" height=\"1348\" src=\"https:\/\/urbanmagia.com\/wp-content\/uploads\/2024\/04\/Lalka_przejscia-kopia-2.jpg\" class=\"attachment-full size-full wp-post-image\" alt=\"\" srcset=\"https:\/\/urbanmagia.com\/wp-content\/uploads\/2024\/04\/Lalka_przejscia-kopia-2.jpg 1600w, https:\/\/urbanmagia.com\/wp-content\/uploads\/2024\/04\/Lalka_przejscia-kopia-2-300x253.jpg 300w, https:\/\/urbanmagia.com\/wp-content\/uploads\/2024\/04\/Lalka_przejscia-kopia-2-1024x863.jpg 1024w, https:\/\/urbanmagia.com\/wp-content\/uploads\/2024\/04\/Lalka_przejscia-kopia-2-768x647.jpg 768w, https:\/\/urbanmagia.com\/wp-content\/uploads\/2024\/04\/Lalka_przejscia-kopia-2-1536x1294.jpg 1536w, https:\/\/urbanmagia.com\/wp-content\/uploads\/2024\/04\/Lalka_przejscia-kopia-2-600x506.jpg 600w\" sizes=\"(max-width: 1600px) 100vw, 1600px\" \/><\/div><\/a><h4 class=\"m-neuron-post__title\"><a href=\"https:\/\/urbanmagia.com\/en\/portfolio\/lalka-przejscia\/\">Lalka Przej\u015bcia &#8211; Przewodniczka Transformacji<\/a><\/h4><div class=\"m-neuron-post__read-more\"><a href=\"https:\/\/urbanmagia.com\/en\/portfolio\/lalka-przejscia\/\"><span>Zobacz<\/span><span class=\"m-neuron-post__read-more--icon\"><\/span><\/a><\/div>        \n    <\/div>\t\t\t\t\t\t\t<\/article>\n\t\t\t\t\t\t\t\t\t\t\t\t\t\t<article class=\"l-neuron-grid__item h-neuron-animation--wow m-neuron-post post-6229 portfolio type-portfolio status-publish has-post-thumbnail hentry portfolio_category-slowianskie-lalki-mocy\" data-id=\"6229\">\n\t\t\t\t\t\t\t\t<div class=\"m-neuron-post__inner m-neuron-post__inner--classic\">\n        \n        <a class=\"m-neuron-post__thumbnail--link\"  href=\"https:\/\/urbanmagia.com\/en\/portfolio\/nierozlaczki\/\"><div class=\"m-neuron-post__thumbnail\"><img loading=\"lazy\" decoding=\"async\" width=\"1600\" height=\"1154\" src=\"https:\/\/urbanmagia.com\/wp-content\/uploads\/2024\/04\/nierozlaczki-kopia-kopia-2.jpg\" class=\"attachment-full size-full wp-post-image\" alt=\"\" srcset=\"https:\/\/urbanmagia.com\/wp-content\/uploads\/2024\/04\/nierozlaczki-kopia-kopia-2.jpg 1600w, https:\/\/urbanmagia.com\/wp-content\/uploads\/2024\/04\/nierozlaczki-kopia-kopia-2-300x216.jpg 300w, https:\/\/urbanmagia.com\/wp-content\/uploads\/2024\/04\/nierozlaczki-kopia-kopia-2-1024x739.jpg 1024w, https:\/\/urbanmagia.com\/wp-content\/uploads\/2024\/04\/nierozlaczki-kopia-kopia-2-768x554.jpg 768w, https:\/\/urbanmagia.com\/wp-content\/uploads\/2024\/04\/nierozlaczki-kopia-kopia-2-1536x1108.jpg 1536w, https:\/\/urbanmagia.com\/wp-content\/uploads\/2024\/04\/nierozlaczki-kopia-kopia-2-600x433.jpg 600w\" sizes=\"(max-width: 1600px) 100vw, 1600px\" \/><\/div><\/a><h4 class=\"m-neuron-post__title\"><a href=\"https:\/\/urbanmagia.com\/en\/portfolio\/nierozlaczki\/\">Nieroz\u0142\u0105czki &#8211; Lalki mi\u0142o\u015bci dla par<\/a><\/h4><div class=\"m-neuron-post__read-more\"><a href=\"https:\/\/urbanmagia.com\/en\/portfolio\/nierozlaczki\/\"><span>Zobacz<\/span><span class=\"m-neuron-post__read-more--icon\"><\/span><\/a><\/div>        \n    <\/div>\t\t\t\t\t\t\t<\/article>\n\t\t\t\t\t\t\t\t\t\t\t\t\t\t<article class=\"l-neuron-grid__item h-neuron-animation--wow m-neuron-post post-6252 portfolio type-portfolio status-publish has-post-thumbnail hentry portfolio_category-slowianskie-lalki-mocy\" data-id=\"6252\">\n\t\t\t\t\t\t\t\t<div class=\"m-neuron-post__inner m-neuron-post__inner--classic\">\n        \n        <a class=\"m-neuron-post__thumbnail--link\"  href=\"https:\/\/urbanmagia.com\/en\/portfolio\/otulaczki\/\"><div class=\"m-neuron-post__thumbnail\"><img loading=\"lazy\" decoding=\"async\" width=\"1100\" height=\"983\" src=\"https:\/\/urbanmagia.com\/wp-content\/uploads\/2024\/04\/Otulaczki_1.jpg\" class=\"attachment-full size-full wp-post-image\" alt=\"\" srcset=\"https:\/\/urbanmagia.com\/wp-content\/uploads\/2024\/04\/Otulaczki_1.jpg 1100w, https:\/\/urbanmagia.com\/wp-content\/uploads\/2024\/04\/Otulaczki_1-300x268.jpg 300w, https:\/\/urbanmagia.com\/wp-content\/uploads\/2024\/04\/Otulaczki_1-1024x915.jpg 1024w, https:\/\/urbanmagia.com\/wp-content\/uploads\/2024\/04\/Otulaczki_1-768x686.jpg 768w, https:\/\/urbanmagia.com\/wp-content\/uploads\/2024\/04\/Otulaczki_1-600x536.jpg 600w\" sizes=\"(max-width: 1100px) 100vw, 1100px\" \/><\/div><\/a><h4 class=\"m-neuron-post__title\"><a href=\"https:\/\/urbanmagia.com\/en\/portfolio\/otulaczki\/\">Otulaczki \u2013 Lalki ochronne dla dzieci<\/a><\/h4><div class=\"m-neuron-post__read-more\"><a href=\"https:\/\/urbanmagia.com\/en\/portfolio\/otulaczki\/\"><span>Zobacz<\/span><span class=\"m-neuron-post__read-more--icon\"><\/span><\/a><\/div>        \n    <\/div>\t\t\t\t\t\t\t<\/article>\n\t\t\t\t\t\t\t\t\t\t\t\t\t\t<article class=\"l-neuron-grid__item h-neuron-animation--wow m-neuron-post post-6273 portfolio type-portfolio status-publish has-post-thumbnail hentry portfolio_category-slowianskie-lalki-mocy\" data-id=\"6273\">\n\t\t\t\t\t\t\t\t<div class=\"m-neuron-post__inner m-neuron-post__inner--classic\">\n        \n        <a class=\"m-neuron-post__thumbnail--link\"  href=\"https:\/\/urbanmagia.com\/en\/portfolio\/podaruszka\/\"><div class=\"m-neuron-post__thumbnail\"><img loading=\"lazy\" decoding=\"async\" width=\"1600\" height=\"1067\" src=\"https:\/\/urbanmagia.com\/wp-content\/uploads\/2024\/04\/podaruszka_1.jpg\" class=\"attachment-full size-full wp-post-image\" alt=\"\" srcset=\"https:\/\/urbanmagia.com\/wp-content\/uploads\/2024\/04\/podaruszka_1.jpg 1600w, https:\/\/urbanmagia.com\/wp-content\/uploads\/2024\/04\/podaruszka_1-300x200.jpg 300w, https:\/\/urbanmagia.com\/wp-content\/uploads\/2024\/04\/podaruszka_1-1024x683.jpg 1024w, https:\/\/urbanmagia.com\/wp-content\/uploads\/2024\/04\/podaruszka_1-768x512.jpg 768w, https:\/\/urbanmagia.com\/wp-content\/uploads\/2024\/04\/podaruszka_1-1536x1024.jpg 1536w, https:\/\/urbanmagia.com\/wp-content\/uploads\/2024\/04\/podaruszka_1-600x400.jpg 600w\" sizes=\"(max-width: 1600px) 100vw, 1600px\" \/><\/div><\/a><h4 class=\"m-neuron-post__title\"><a href=\"https:\/\/urbanmagia.com\/en\/portfolio\/podaruszka\/\">Podaruszka &#8211; Lalka do podarowania<\/a><\/h4><div class=\"m-neuron-post__read-more\"><a href=\"https:\/\/urbanmagia.com\/en\/portfolio\/podaruszka\/\"><span>Zobacz<\/span><span class=\"m-neuron-post__read-more--icon\"><\/span><\/a><\/div>        \n    <\/div>\t\t\t\t\t\t\t<\/article>\n\t\t\t\t\t\t\t\t\t\t\t\t\t\t<article class=\"l-neuron-grid__item h-neuron-animation--wow m-neuron-post post-6307 portfolio type-portfolio status-publish has-post-thumbnail hentry portfolio_category-lalki-totemiczne\" data-id=\"6307\">\n\t\t\t\t\t\t\t\t<div class=\"m-neuron-post__inner m-neuron-post__inner--classic\">\n        \n        <a class=\"m-neuron-post__thumbnail--link\"  href=\"https:\/\/urbanmagia.com\/en\/portfolio\/czarna-perla\/\"><div class=\"m-neuron-post__thumbnail\"><img loading=\"lazy\" decoding=\"async\" width=\"1600\" height=\"1067\" src=\"https:\/\/urbanmagia.com\/wp-content\/uploads\/2024\/04\/czarna_perla_7.jpg\" class=\"attachment-full size-full wp-post-image\" alt=\"\" srcset=\"https:\/\/urbanmagia.com\/wp-content\/uploads\/2024\/04\/czarna_perla_7.jpg 1600w, https:\/\/urbanmagia.com\/wp-content\/uploads\/2024\/04\/czarna_perla_7-300x200.jpg 300w, https:\/\/urbanmagia.com\/wp-content\/uploads\/2024\/04\/czarna_perla_7-1024x683.jpg 1024w, https:\/\/urbanmagia.com\/wp-content\/uploads\/2024\/04\/czarna_perla_7-768x512.jpg 768w, https:\/\/urbanmagia.com\/wp-content\/uploads\/2024\/04\/czarna_perla_7-1536x1024.jpg 1536w, https:\/\/urbanmagia.com\/wp-content\/uploads\/2024\/04\/czarna_perla_7-600x400.jpg 600w\" sizes=\"(max-width: 1600px) 100vw, 1600px\" \/><\/div><\/a><h4 class=\"m-neuron-post__title\"><a href=\"https:\/\/urbanmagia.com\/en\/portfolio\/czarna-perla\/\">Czarna Per\u0142a &#8211; Przewodniczka Przemijania<\/a><\/h4><div class=\"m-neuron-post__read-more\"><a href=\"https:\/\/urbanmagia.com\/en\/portfolio\/czarna-perla\/\"><span>Zobacz<\/span><span class=\"m-neuron-post__read-more--icon\"><\/span><\/a><\/div>        \n    <\/div>\t\t\t\t\t\t\t<\/article>\n\t\t\t\t\t\t\t\t\t\t\t<\/div>\n\t\t\t\n\t\t\t\t<\/div>\n\t\t\t\t<\/div>\n\t\t\t\t\t<\/div>\n\t\t<\/div>\n\t\t\t\t\t<\/div>\n\t\t<\/section>\n\t\t\t\t<\/div>","protected":false},"excerpt":{"rendered":"<p>Home S\u0142owia\u0144skie S\u0142owia\u0144skie Lalki Mocy Zobacz wszystkie S\u0142owia\u0144skie Lalki Mocy Lalki Totemiczne \u017badanica \u2013 Stra\u017cniczka Marze\u0144 Zobacz Podr\u00f3\u017cka &#8211; Przewodniczka Intuicji Zobacz Ziarnuszka &#8211; Opiekunka Serca Domu Zobacz Karmicielka\u00a0&#8211; Lalka Obfito\u015bci Zobacz Lalka Przej\u015bcia &#8211; Przewodniczka Transformacji Zobacz Nieroz\u0142\u0105czki &#8211; Lalki mi\u0142o\u015bci dla par Zobacz Otulaczki \u2013 Lalki ochronne dla dzieci Zobacz Podaruszka &#8211; Lalka&#8230;<\/p>","protected":false},"author":1,"featured_media":0,"parent":0,"menu_order":0,"comment_status":"closed","ping_status":"closed","template":"elementor_header_footer","meta":{"footnotes":""},"class_list":["post-7300","page","type-page","status-publish","hentry"],"jetpack_sharing_enabled":true,"_links":{"self":[{"href":"https:\/\/urbanmagia.com\/en\/wp-json\/wp\/v2\/pages\/7300","targetHints":{"allow":["GET"]}}],"collection":[{"href":"https:\/\/urbanmagia.com\/en\/wp-json\/wp\/v2\/pages"}],"about":[{"href":"https:\/\/urbanmagia.com\/en\/wp-json\/wp\/v2\/types\/page"}],"author":[{"embeddable":true,"href":"https:\/\/urbanmagia.com\/en\/wp-json\/wp\/v2\/users\/1"}],"replies":[{"embeddable":true,"href":"https:\/\/urbanmagia.com\/en\/wp-json\/wp\/v2\/comments?post=7300"}],"version-history":[{"count":8,"href":"https:\/\/urbanmagia.com\/en\/wp-json\/wp\/v2\/pages\/7300\/revisions"}],"predecessor-version":[{"id":8035,"href":"https:\/\/urbanmagia.com\/en\/wp-json\/wp\/v2\/pages\/7300\/revisions\/8035"}],"wp:attachment":[{"href":"https:\/\/urbanmagia.com\/en\/wp-json\/wp\/v2\/media?parent=7300"}],"curies":[{"name":"wp","href":"https:\/\/api.w.org\/{rel}","templated":true}]}}