{"id":6544,"date":"2024-05-02T14:40:19","date_gmt":"2024-05-02T14:40:19","guid":{"rendered":"https:\/\/urbanmagia.pl\/?page_id=6544"},"modified":"2024-05-29T11:16:43","modified_gmt":"2024-05-29T11:16:43","slug":"przymiarki-weselne","status":"publish","type":"page","link":"https:\/\/urbanmagia.com\/en\/przymiarki-weselne\/","title":{"rendered":"Przymiarki weselne"},"content":{"rendered":"<div data-elementor-type=\"wp-page\" data-elementor-id=\"6544\" class=\"elementor elementor-6544\">\n\t\t\t\t<div class=\"elementor-element elementor-element-0840f99 e-flex e-con-boxed e-con e-parent\" data-id=\"0840f99\" data-element_type=\"container\" data-core-v316-plus=\"true\">\n\t\t\t\t\t<div class=\"e-con-inner\">\n\t\t\t\t<div class=\"elementor-element elementor-element-0740217 elementor-widget elementor-widget-text-editor\" data-id=\"0740217\" data-element_type=\"widget\" data-widget_type=\"text-editor.default\">\n\t\t\t\t<div class=\"elementor-widget-container\">\n\t\t\t<style>\/*! elementor - v3.20.0 - 20-03-2024 *\/\n.elementor-widget-text-editor.elementor-drop-cap-view-stacked .elementor-drop-cap{background-color:#69727d;color:#fff}.elementor-widget-text-editor.elementor-drop-cap-view-framed .elementor-drop-cap{color:#69727d;border:3px solid;background-color:transparent}.elementor-widget-text-editor:not(.elementor-drop-cap-view-default) .elementor-drop-cap{margin-top:8px}.elementor-widget-text-editor:not(.elementor-drop-cap-view-default) .elementor-drop-cap-letter{width:1em;height:1em}.elementor-widget-text-editor .elementor-drop-cap{float:left;text-align:center;line-height:1;font-size:50px}.elementor-widget-text-editor .elementor-drop-cap-letter{display:inline-block}<\/style>\t\t\t\t<h1>PRZYMIARKI WESELNE, czyli o Weselu Inaczej<\/h1>\t\t\t\t\t\t<\/div>\n\t\t\t\t<\/div>\n\t\t\t\t<div class=\"elementor-element elementor-element-b6bbf97 elementor-widget elementor-widget-text-editor\" data-id=\"b6bbf97\" data-element_type=\"widget\" data-widget_type=\"text-editor.default\">\n\t\t\t\t<div class=\"elementor-widget-container\">\n\t\t\t\t\t\t\t<p><span style=\"font-weight: 400;\">W Przymiarkach Weselnych wzi\u0119\u0142am pod lup\u0119 tematyk\u0119 weseln\u0105. Zada\u0142am sobie podstawowe pytania o poszczeg\u00f3lne elementy tego jednego z najstarszych znanych ludzko\u015bci obrz\u0119d\u00f3w, kt\u00f3re powtarzamy nie zawsze znaj\u0105c znaczenie poszczeg\u00f3lnych element\u00f3w, gest\u00f3w czy przedmiot\u00f3w. Zastanawia\u0142o mnie dlaczego ka\u017cdy go\u015b\u0107 musi zje\u015b\u0107 kawa\u0142ek tortu weselnego? Czemu s\u0142u\u017c\u0105 spro\u015bne zabawy podczas oczepin? Dlaczego panna m\u0142oda ma zawsze bukiet kwiat\u00f3w? Po co para m\u0142oda rozbija kieliszki na progu, gdy wypije powitaln\u0105 w\u00f3dk\u0119?<\/span><\/p>\t\t\t\t\t\t<\/div>\n\t\t\t\t<\/div>\n\t\t\t\t\t<\/div>\n\t\t\t\t<\/div>\n\t\t\t\t<section class=\"elementor-section elementor-top-section elementor-element elementor-element-1ff52dd elementor-section-boxed elementor-section-height-default elementor-section-height-default\" data-id=\"1ff52dd\" data-element_type=\"section\">\n\t\t\t\t\t\t<div class=\"elementor-container elementor-column-gap-default\">\n\t\t\t\t\t<div class=\"elementor-column elementor-col-100 elementor-top-column elementor-element elementor-element-54db0b0\" data-id=\"54db0b0\" data-element_type=\"column\">\n\t\t\t<div class=\"elementor-widget-wrap elementor-element-populated\">\n\t\t\t\t\t\t<div class=\"elementor-element elementor-element-c5a01f9 elementor-invisible elementor-widget elementor-widget-image\" data-id=\"c5a01f9\" data-element_type=\"widget\" data-settings=\"{&quot;_animation&quot;:&quot;h-neuron-animation--clipUp&quot;}\" data-widget_type=\"image.default\">\n\t\t\t\t<div class=\"elementor-widget-container\">\n\t\t\t<style>\/*! elementor - v3.20.0 - 20-03-2024 *\/\n.elementor-widget-image{text-align:center}.elementor-widget-image a{display:inline-block}.elementor-widget-image a img[src$=\".svg\"]{width:48px}.elementor-widget-image img{vertical-align:middle;display:inline-block}<\/style>\t\t\t\t\t\t\t\t\t\t<img fetchpriority=\"high\" decoding=\"async\" width=\"1600\" height=\"1066\" src=\"https:\/\/urbanmagia.com\/wp-content\/uploads\/2024\/05\/przymiarki_weselne_2.jpg\" class=\"attachment-full size-full wp-image-7025\" alt=\"\" srcset=\"https:\/\/urbanmagia.com\/wp-content\/uploads\/2024\/05\/przymiarki_weselne_2.jpg 1600w, https:\/\/urbanmagia.com\/wp-content\/uploads\/2024\/05\/przymiarki_weselne_2-300x200.jpg 300w, https:\/\/urbanmagia.com\/wp-content\/uploads\/2024\/05\/przymiarki_weselne_2-1024x682.jpg 1024w, https:\/\/urbanmagia.com\/wp-content\/uploads\/2024\/05\/przymiarki_weselne_2-768x512.jpg 768w, https:\/\/urbanmagia.com\/wp-content\/uploads\/2024\/05\/przymiarki_weselne_2-1536x1023.jpg 1536w, https:\/\/urbanmagia.com\/wp-content\/uploads\/2024\/05\/przymiarki_weselne_2-600x400.jpg 600w\" sizes=\"(max-width: 1600px) 100vw, 1600px\" \/>\t\t\t\t\t\t\t\t\t\t\t\t\t<\/div>\n\t\t\t\t<\/div>\n\t\t\t\t\t<\/div>\n\t\t<\/div>\n\t\t\t\t\t<\/div>\n\t\t<\/section>\n\t\t\t\t<section class=\"elementor-section elementor-top-section elementor-element elementor-element-c0d8a30 animated-fast elementor-section-boxed elementor-section-height-default elementor-section-height-default elementor-invisible\" data-id=\"c0d8a30\" data-element_type=\"section\" data-settings=\"{&quot;animation&quot;:&quot;h-neuron-animation--fadeIn&quot;}\">\n\t\t\t\t\t\t<div class=\"elementor-container elementor-column-gap-default\">\n\t\t\t\t\t<div class=\"elementor-column elementor-col-50 elementor-top-column elementor-element elementor-element-43021ed\" data-id=\"43021ed\" data-element_type=\"column\">\n\t\t\t<div class=\"elementor-widget-wrap elementor-element-populated\">\n\t\t\t\t\t\t<div class=\"elementor-element elementor-element-03b13ac elementor-widget elementor-widget-heading\" data-id=\"03b13ac\" data-element_type=\"widget\" data-widget_type=\"heading.default\">\n\t\t\t\t<div class=\"elementor-widget-container\">\n\t\t\t<style>\/*! elementor - v3.20.0 - 20-03-2024 *\/\n.elementor-heading-title{padding:0;margin:0;line-height:1}.elementor-widget-heading .elementor-heading-title[class*=elementor-size-]>a{color:inherit;font-size:inherit;line-height:inherit}.elementor-widget-heading .elementor-heading-title.elementor-size-small{font-size:15px}.elementor-widget-heading .elementor-heading-title.elementor-size-medium{font-size:19px}.elementor-widget-heading .elementor-heading-title.elementor-size-large{font-size:29px}.elementor-widget-heading .elementor-heading-title.elementor-size-xl{font-size:39px}.elementor-widget-heading .elementor-heading-title.elementor-size-xxl{font-size:59px}<\/style><h3 class=\"elementor-heading-title elementor-size-default\">Na te i inne pytania odpowiedzieli\u015bmy w Przymiarkach Weselnych.<\/h3>\t\t<\/div>\n\t\t\t\t<\/div>\n\t\t\t\t\t<\/div>\n\t\t<\/div>\n\t\t\t\t<div class=\"elementor-column elementor-col-50 elementor-top-column elementor-element elementor-element-0f50a73\" data-id=\"0f50a73\" data-element_type=\"column\">\n\t\t\t<div class=\"elementor-widget-wrap elementor-element-populated\">\n\t\t\t\t\t\t<div class=\"elementor-element elementor-element-45c0a15 elementor-widget elementor-widget-text-editor\" data-id=\"45c0a15\" data-element_type=\"widget\" data-widget_type=\"text-editor.default\">\n\t\t\t\t<div class=\"elementor-widget-container\">\n\t\t\t\t\t\t\t<p><span style=\"font-weight: 400;\">Pisz\u0105c <\/span><span style=\"font-weight: 400;\">\u201e<\/span><span style=\"font-weight: 400;\">my<\/span><span style=\"font-weight: 400;\">\u201d<\/span><span style=\"font-weight: 400;\"> mam na my\u015bli osoby, kt\u00f3re zaprosi\u0142am do uczestniczenia w ca\u0142ym wydarzeniu. Projekt zak\u0142ada\u0142 stworzenie scenariusza ceremonii weselnej opartej o elementy tradycyjnego obrz\u0119du w tym pie\u015bni w taki spos\u00f3b, by by\u0142y one zrozumia\u0142e dla wsp\u00f3\u0142czesnych weselnik\u00f3w i mog\u0142y uwzgl\u0119dnia\u0107 potrzeby wsp\u00f3\u0142czesnej m\u0142odej pary. Podczas warsztat\u00f3w online i na \u017cywo, w trakcie rozm\u00f3w z ekspertkami oraz poszukiwa\u0144 w literaturze, powsta\u0142 scenariusz w kilku wariantach, mo\u017cliwy do wykorzystania przez dowoln\u0105 m\u0142od\u0105 par\u0119. Spisane zosta\u0142y tak\u017ce podstawowe poj\u0119cia opisuj\u0105ce zagadnienia oko\u0142oweselne, role i funkcje poszczeg\u00f3lnych os\u00f3b w ceremonii, a tak\u017ce symbole i przedmioty niezb\u0119dne w obrz\u0119dzie weselnym.<\/span><\/p>\t\t\t\t\t\t<\/div>\n\t\t\t\t<\/div>\n\t\t\t\t<div class=\"elementor-element elementor-element-c803ed3 elementor-widget elementor-widget-text-editor\" data-id=\"c803ed3\" data-element_type=\"widget\" data-widget_type=\"text-editor.default\">\n\t\t\t\t<div class=\"elementor-widget-container\">\n\t\t\t\t\t\t\t<p><span style=\"font-weight: 400;\">W procesie przygotowywania scenariusza zgodzili\u015bmy si\u0119 ca\u0142\u0105 grup\u0105 jednog\u0142o\u015bnie, \u017ce zostawimy tradycyjn\u0105 muzyk\u0119, ale przepiszemy na nowo s\u0142owa wybranych pie\u015bni.\u00a0<\/span><\/p><p><span style=\"font-weight: 400;\">Melodie uznali\u015bmy za starsze od tekst\u00f3w i ocenili\u015bmy, \u017ce dobrze prowadz\u0105 przez przemian\u0119 Pary M\u0142odej w Ma\u0142\u017ce\u0144stwo, natomiast s\u0142owa wyda\u0142y si\u0119 nam echem czas\u00f3w, kiedy \u015blub by\u0142 elementem treningu Panny M\u0142odej do roli ca\u0142kowicie podporz\u0105dkowanej domowi pana m\u0142odego. Zmiana by\u0142a konieczna. Dla nas wyd\u017awi\u0119k tekst\u00f3w by\u0142 opresyjny dla kobiet i krzywdz\u0105cy dla m\u0119\u017cczyzn. Naszym zdaniem s\u0142owa nie nios\u0142y tre\u015bci adekwatnych do wsp\u00f3\u0142czesnych potrzeb. W my\u015bl r\u00f3wnouprawnienia, dodali\u015bmy r\u00f3wnie\u017c oczepiny dla Pana M\u0142odego, kt\u00f3rego przemiana w m\u0119\u017ca jest naszym zdaniem tak samo wa\u017cna, jak przemiana Panny M\u0142odej w \u017bon\u0119. Stworzyli\u015bmy patchworkow\u0105 pie\u015b\u0144 w\u0142\u0105czaj\u0105c\u0105 dzieci z poprzednich ma\u0142\u017ce\u0144stw. Wszystko to, co powsta\u0142o na papierze, postanowili\u015bmy sprawdzi\u0107 w praktyce.<\/span><\/p>\t\t\t\t\t\t<\/div>\n\t\t\t\t<\/div>\n\t\t\t\t\t<\/div>\n\t\t<\/div>\n\t\t\t\t\t<\/div>\n\t\t<\/section>\n\t\t<div class=\"elementor-element elementor-element-e7215d5 e-flex e-con-boxed e-con e-parent\" data-id=\"e7215d5\" data-element_type=\"container\" data-core-v316-plus=\"true\">\n\t\t\t\t\t<div class=\"e-con-inner\">\n\t\t\t\t<div class=\"elementor-element elementor-element-804cf98 animated-fast l-neuron-grid-wrapper--columns__2 m-neuron-gallery--layout-masonry l-neuron-grid-wrapper-tablet--columns__2 l-neuron-grid-wrapper-mobile--columns__2 m-neuron-gallery--overlay-none l-neuron-grid-wrapper--offset-no elementor-invisible elementor-widget elementor-widget-neuron-gallery\" data-id=\"804cf98\" data-element_type=\"widget\" data-settings=\"{&quot;row_gap&quot;:{&quot;unit&quot;:&quot;px&quot;,&quot;size&quot;:30,&quot;sizes&quot;:[]},&quot;row_gap_tablet&quot;:{&quot;unit&quot;:&quot;rem&quot;,&quot;size&quot;:3.5,&quot;sizes&quot;:[]},&quot;row_gap_mobile&quot;:{&quot;unit&quot;:&quot;rem&quot;,&quot;size&quot;:2,&quot;sizes&quot;:[]},&quot;neuron_animations&quot;:&quot;h-neuron-animation--fadeIn&quot;,&quot;neuron_animations_duration&quot;:&quot;animated-fast&quot;,&quot;_animation&quot;:&quot;h-neuron-animation--fadeIn&quot;,&quot;columns&quot;:&quot;2&quot;,&quot;layout&quot;:&quot;masonry&quot;,&quot;columns_tablet&quot;:&quot;2&quot;,&quot;columns_mobile&quot;:&quot;2&quot;,&quot;carousel&quot;:&quot;no&quot;,&quot;animation_delay&quot;:0,&quot;image_animation_hover&quot;:&quot;none&quot;}\" data-widget_type=\"neuron-gallery.default\">\n\t\t\t\t<div class=\"elementor-widget-container\">\n\t\t\t\t\n\t\t\n\t\t\t\t<div class=\"l-neuron-grid\" data-masonry-id=\"a20d03eeba9c2c9fd7012733771a6850\">\n\t\t\t\t\t\t\t\t\t\t\t<a class=\"l-neuron-grid__item m-neuron-gallery__item\" data-elementor-open-lightbox=\"yes\" data-elementor-lightbox-slideshow=\"all-804cf98\" data-id=\"7029\" href=\"https:\/\/urbanmagia.com\/wp-content\/uploads\/2024\/05\/przymiarki_weselne3.jpg\" data-elementor-lightbox-title=\"\">\n\n\t\t\t\t\t\t\t<div class=\"m-neuron-gallery__inner\">\n\n\t\t\t\t\t\t\t\t\n\t\t\t\t\t\t\t\t<div class=\"m-neuron-gallery__thumbnail--link\">\n\t\t\t\t\t\t\t\t\t<div class=\"m-neuron-gallery__thumbnail\">\n\t\t\t\t\t\t\t\t\t\t<img decoding=\"async\" src=\"https:\/\/urbanmagia.com\/wp-content\/uploads\/2024\/05\/przymiarki_weselne3.jpg\" \/>\n\t\t\t\t\t\t\t\t\t<\/div>\n\t\t\t\t\t\t\t\t\t\t\t\t\t\t\t\t\t<\/div>\n\t\t\t\t\t\t\t\t\n\t\t\t\t\t\t\t\t\n\t\t\t\t\t\t\t<\/div>\n\n\t\t\t\t\t\t<\/a>\n\n\t\t\t\t\t\t\n\t\t\t\t\t\t\t\t\t\t\t<a class=\"l-neuron-grid__item m-neuron-gallery__item\" data-elementor-open-lightbox=\"yes\" data-elementor-lightbox-slideshow=\"all-804cf98\" data-id=\"7030\" href=\"https:\/\/urbanmagia.com\/wp-content\/uploads\/2024\/05\/przymiarki_weselne_8.jpg\" data-elementor-lightbox-title=\"\">\n\n\t\t\t\t\t\t\t<div class=\"m-neuron-gallery__inner\">\n\n\t\t\t\t\t\t\t\t\n\t\t\t\t\t\t\t\t<div class=\"m-neuron-gallery__thumbnail--link\">\n\t\t\t\t\t\t\t\t\t<div class=\"m-neuron-gallery__thumbnail\">\n\t\t\t\t\t\t\t\t\t\t<img decoding=\"async\" src=\"https:\/\/urbanmagia.com\/wp-content\/uploads\/2024\/05\/przymiarki_weselne_8.jpg\" \/>\n\t\t\t\t\t\t\t\t\t<\/div>\n\t\t\t\t\t\t\t\t\t\t\t\t\t\t\t\t\t<\/div>\n\t\t\t\t\t\t\t\t\n\t\t\t\t\t\t\t\t\n\t\t\t\t\t\t\t<\/div>\n\n\t\t\t\t\t\t<\/a>\n\n\t\t\t\t\t\t\n\t\t\t\t\t\t\t\t\t\t\t<a class=\"l-neuron-grid__item m-neuron-gallery__item\" data-elementor-open-lightbox=\"yes\" data-elementor-lightbox-slideshow=\"all-804cf98\" data-id=\"7031\" href=\"https:\/\/urbanmagia.com\/wp-content\/uploads\/2024\/05\/przymiarki_weselne4-1.jpg\" data-elementor-lightbox-title=\"\">\n\n\t\t\t\t\t\t\t<div class=\"m-neuron-gallery__inner\">\n\n\t\t\t\t\t\t\t\t\n\t\t\t\t\t\t\t\t<div class=\"m-neuron-gallery__thumbnail--link\">\n\t\t\t\t\t\t\t\t\t<div class=\"m-neuron-gallery__thumbnail\">\n\t\t\t\t\t\t\t\t\t\t<img decoding=\"async\" src=\"https:\/\/urbanmagia.com\/wp-content\/uploads\/2024\/05\/przymiarki_weselne4-1.jpg\" \/>\n\t\t\t\t\t\t\t\t\t<\/div>\n\t\t\t\t\t\t\t\t\t\t\t\t\t\t\t\t\t<\/div>\n\t\t\t\t\t\t\t\t\n\t\t\t\t\t\t\t\t\n\t\t\t\t\t\t\t<\/div>\n\n\t\t\t\t\t\t<\/a>\n\n\t\t\t\t\t\t\n\t\t\t\t\t\t\t\t\t\t\t<a class=\"l-neuron-grid__item m-neuron-gallery__item\" data-elementor-open-lightbox=\"yes\" data-elementor-lightbox-slideshow=\"all-804cf98\" data-id=\"7033\" href=\"https:\/\/urbanmagia.com\/wp-content\/uploads\/2024\/05\/przymiarki_weselne7-1.jpg\" data-elementor-lightbox-title=\"\">\n\n\t\t\t\t\t\t\t<div class=\"m-neuron-gallery__inner\">\n\n\t\t\t\t\t\t\t\t\n\t\t\t\t\t\t\t\t<div class=\"m-neuron-gallery__thumbnail--link\">\n\t\t\t\t\t\t\t\t\t<div class=\"m-neuron-gallery__thumbnail\">\n\t\t\t\t\t\t\t\t\t\t<img decoding=\"async\" src=\"https:\/\/urbanmagia.com\/wp-content\/uploads\/2024\/05\/przymiarki_weselne7-1.jpg\" \/>\n\t\t\t\t\t\t\t\t\t<\/div>\n\t\t\t\t\t\t\t\t\t\t\t\t\t\t\t\t\t<\/div>\n\t\t\t\t\t\t\t\t\n\t\t\t\t\t\t\t\t\n\t\t\t\t\t\t\t<\/div>\n\n\t\t\t\t\t\t<\/a>\n\n\t\t\t\t\t\t\n\t\t\t\t\t\t\t\t\t<\/div>\n\n\t\t\t\t\t\t\t<\/div>\n\t\t\t\t<\/div>\n\t\t\t\t\t<\/div>\n\t\t\t\t<\/div>\n\t\t\t\t<section class=\"elementor-section elementor-top-section elementor-element elementor-element-a89d461 elementor-section-boxed elementor-section-height-default elementor-section-height-default\" data-id=\"a89d461\" data-element_type=\"section\">\n\t\t\t\t\t\t<div class=\"elementor-container elementor-column-gap-default\">\n\t\t\t\t\t<div class=\"elementor-column elementor-col-100 elementor-top-column elementor-element elementor-element-a6f3b9c\" data-id=\"a6f3b9c\" data-element_type=\"column\">\n\t\t\t<div class=\"elementor-widget-wrap elementor-element-populated\">\n\t\t\t\t\t\t<section class=\"elementor-section elementor-inner-section elementor-element elementor-element-71cd36b elementor-section-boxed elementor-section-height-default elementor-section-height-default\" data-id=\"71cd36b\" data-element_type=\"section\">\n\t\t\t\t\t\t<div class=\"elementor-container elementor-column-gap-no\">\n\t\t\t\t\t<div class=\"elementor-column elementor-col-100 elementor-inner-column elementor-element elementor-element-50e3277\" data-id=\"50e3277\" data-element_type=\"column\">\n\t\t\t<div class=\"elementor-widget-wrap elementor-element-populated\">\n\t\t\t\t\t\t<div class=\"elementor-element elementor-element-5470f79 elementor-widget elementor-widget-heading\" data-id=\"5470f79\" data-element_type=\"widget\" data-widget_type=\"heading.default\">\n\t\t\t\t<div class=\"elementor-widget-container\">\n\t\t\t<h2 class=\"elementor-heading-title elementor-size-default\">Tym sposobem powsta\u0142a uwsp\u00f3\u0142cze\u015bniona ceremonia za\u015blubin.<\/h2>\t\t<\/div>\n\t\t\t\t<\/div>\n\t\t\t\t<div class=\"elementor-element elementor-element-bc71e58 elementor-widget elementor-widget-text-editor\" data-id=\"bc71e58\" data-element_type=\"widget\" data-widget_type=\"text-editor.default\">\n\t\t\t\t<div class=\"elementor-widget-container\">\n\t\t\t\t\t\t\t<p><span style=\"font-weight: 400;\">Pa\u0144stwem m\u0142odym zosta\u0142am ja i m\u00f3j narzeczony, Leszek \u0141uczyn. Pocz\u0105tkowo z niema\u0142ymi w\u0105tpliwo\u015bciami, ale z czasem z coraz wi\u0119kszym przekonaniem, stan\u0119li\u015bmy w centrum wydarze\u0144. Poczuli\u015bmy oboje (oraz cz\u0142onkowie grupy Przymiarkowej), \u017ce najlepiej b\u0119dzie sprawdzi\u0107 od \u015brodka, czy od\u015bwie\u017cony rytua\u0142 zadzia\u0142a. Naszym zdaniem wspaniale spe\u0142ni\u0142 swoje zadanie. Mo\u017cecie oceni\u0107 sami tutaj, na <\/span><span style=\"text-decoration: underline;\"><a href=\"https:\/\/www.youtube.com\/watch?v=WxeKLD9cXYY&amp;t=1s\"><span style=\"font-weight: 400;\">filmie z ceremonii.<\/span><\/a><span style=\"font-weight: 400;\">\u00a0\u00a0<\/span><\/span><\/p>\t\t\t\t\t\t<\/div>\n\t\t\t\t<\/div>\n\t\t\t\t<div class=\"elementor-element elementor-element-249564c elementor-widget elementor-widget-video\" data-id=\"249564c\" data-element_type=\"widget\" data-settings=\"{&quot;youtube_url&quot;:&quot;https:\\\/\\\/www.youtube.com\\\/watch?v=WxeKLD9cXYY&amp;t=1s&quot;,&quot;video_type&quot;:&quot;youtube&quot;,&quot;controls&quot;:&quot;yes&quot;}\" data-widget_type=\"video.default\">\n\t\t\t\t<div class=\"elementor-widget-container\">\n\t\t\t<style>\/*! elementor - v3.20.0 - 20-03-2024 *\/\n.elementor-widget-video .elementor-widget-container{overflow:hidden;transform:translateZ(0)}.elementor-widget-video .elementor-wrapper{aspect-ratio:var(--video-aspect-ratio)}.elementor-widget-video .elementor-wrapper iframe,.elementor-widget-video .elementor-wrapper video{height:100%;width:100%;display:flex;border:none;background-color:#000}@supports not (aspect-ratio:1\/1){.elementor-widget-video .elementor-wrapper{position:relative;overflow:hidden;height:0;padding-bottom:calc(100% \/ var(--video-aspect-ratio))}.elementor-widget-video .elementor-wrapper iframe,.elementor-widget-video .elementor-wrapper video{position:absolute;top:0;right:0;bottom:0;left:0}}.elementor-widget-video .elementor-open-inline .elementor-custom-embed-image-overlay{position:absolute;top:0;right:0;bottom:0;left:0;background-size:cover;background-position:50%}.elementor-widget-video .elementor-custom-embed-image-overlay{cursor:pointer;text-align:center}.elementor-widget-video .elementor-custom-embed-image-overlay:hover .elementor-custom-embed-play i{opacity:1}.elementor-widget-video .elementor-custom-embed-image-overlay img{display:block;width:100%;aspect-ratio:var(--video-aspect-ratio);-o-object-fit:cover;object-fit:cover;-o-object-position:center center;object-position:center center}@supports not (aspect-ratio:1\/1){.elementor-widget-video .elementor-custom-embed-image-overlay{position:relative;overflow:hidden;height:0;padding-bottom:calc(100% \/ var(--video-aspect-ratio))}.elementor-widget-video .elementor-custom-embed-image-overlay img{position:absolute;top:0;right:0;bottom:0;left:0}}.elementor-widget-video .e-hosted-video .elementor-video{-o-object-fit:cover;object-fit:cover}.e-con-inner>.elementor-widget-video,.e-con>.elementor-widget-video{width:var(--container-widget-width);--flex-grow:var(--container-widget-flex-grow)}<\/style>\t\t<div class=\"elementor-wrapper elementor-open-inline\">\n\t\t\t<div class=\"elementor-video\"><\/div>\t\t<\/div>\n\t\t\t\t<\/div>\n\t\t\t\t<\/div>\n\t\t\t\t<div class=\"elementor-element elementor-element-8f68b49 elementor-widget elementor-widget-text-editor\" data-id=\"8f68b49\" data-element_type=\"widget\" data-widget_type=\"text-editor.default\">\n\t\t\t\t<div class=\"elementor-widget-container\">\n\t\t\t\t\t\t\t<p><span style=\"font-weight: 400;\">Zainteresowanych tematem zapraszam do grupy, <\/span><a href=\"https:\/\/www.facebook.com\/groups\/272934973858124\"><span style=\"font-weight: 400;\">Przymiarki Weslene<\/span><\/a><span style=\"font-weight: 400;\">, na Facebooku. Tam mo\u017cna si\u0119 zapozna\u0107 ze scenariuszem i nagranymi warsztatami, kt\u00f3re przyczyni\u0142y si\u0119 do realizacji pomys\u0142u. Polecam te\u017c rozmowy, kt\u00f3re mo\u017cna przes\u0142ucha\u0107 na<\/span><a href=\"https:\/\/soundcloud.com\/urban_magia\"><span style=\"font-weight: 400;\"> soundcloud Urban Magii <\/span><\/a><span style=\"font-weight: 400;\">na temat pie\u015bni obrz\u0119dowych i innych temat\u00f3w oko\u0142o weselnych.\u00a0<\/span><\/p>\t\t\t\t\t\t<\/div>\n\t\t\t\t<\/div>\n\t\t\t\t<div class=\"elementor-element elementor-element-e5eabcd elementor-widget elementor-widget-text-editor\" data-id=\"e5eabcd\" data-element_type=\"widget\" data-widget_type=\"text-editor.default\">\n\t\t\t\t<div class=\"elementor-widget-container\">\n\t\t\t\t\t\t\t<h4><span style=\"font-weight: 400;\">Je\u015bli masz pytania <span style=\"text-decoration: underline;\"><strong><a href=\"https:\/\/urbanmagia.com\/en\/kontakt\/\">-&gt; pisz \u015bmia\u0142o<\/a><\/strong><\/span><\/span><\/h4><h4>\u00a0<\/h4><h4><i><span style=\"font-weight: 400;\">Przymiarki Weselne to projekt zrealizowany w ramach programu stypendialnego Ministra Kultury i Dziedzictwa Narodowego \u2013 Kultura w sieci.<\/span><\/i><\/h4>\t\t\t\t\t\t<\/div>\n\t\t\t\t<\/div>\n\t\t\t\t\t<\/div>\n\t\t<\/div>\n\t\t\t\t\t<\/div>\n\t\t<\/section>\n\t\t\t\t\t<\/div>\n\t\t<\/div>\n\t\t\t\t\t<\/div>\n\t\t<\/section>\n\t\t\t\t<\/div>","protected":false},"excerpt":{"rendered":"<p>PRZYMIARKI WESELNE, czyli o Weselu Inaczej W Przymiarkach Weselnych wzi\u0119\u0142am pod lup\u0119 tematyk\u0119 weseln\u0105. Zada\u0142am sobie podstawowe pytania o poszczeg\u00f3lne elementy tego jednego z najstarszych znanych ludzko\u015bci obrz\u0119d\u00f3w, kt\u00f3re powtarzamy nie zawsze znaj\u0105c znaczenie poszczeg\u00f3lnych element\u00f3w, gest\u00f3w czy przedmiot\u00f3w. Zastanawia\u0142o mnie dlaczego ka\u017cdy go\u015b\u0107 musi zje\u015b\u0107 kawa\u0142ek tortu weselnego? Czemu s\u0142u\u017c\u0105 spro\u015bne zabawy podczas oczepin?&#8230;<\/p>","protected":false},"author":1,"featured_media":7025,"parent":0,"menu_order":0,"comment_status":"closed","ping_status":"closed","template":"elementor_header_footer","meta":{"footnotes":""},"class_list":["post-6544","page","type-page","status-publish","has-post-thumbnail","hentry"],"jetpack_sharing_enabled":true,"_links":{"self":[{"href":"https:\/\/urbanmagia.com\/en\/wp-json\/wp\/v2\/pages\/6544","targetHints":{"allow":["GET"]}}],"collection":[{"href":"https:\/\/urbanmagia.com\/en\/wp-json\/wp\/v2\/pages"}],"about":[{"href":"https:\/\/urbanmagia.com\/en\/wp-json\/wp\/v2\/types\/page"}],"author":[{"embeddable":true,"href":"https:\/\/urbanmagia.com\/en\/wp-json\/wp\/v2\/users\/1"}],"replies":[{"embeddable":true,"href":"https:\/\/urbanmagia.com\/en\/wp-json\/wp\/v2\/comments?post=6544"}],"version-history":[{"count":14,"href":"https:\/\/urbanmagia.com\/en\/wp-json\/wp\/v2\/pages\/6544\/revisions"}],"predecessor-version":[{"id":7046,"href":"https:\/\/urbanmagia.com\/en\/wp-json\/wp\/v2\/pages\/6544\/revisions\/7046"}],"wp:featuredmedia":[{"embeddable":true,"href":"https:\/\/urbanmagia.com\/en\/wp-json\/wp\/v2\/media\/7025"}],"wp:attachment":[{"href":"https:\/\/urbanmagia.com\/en\/wp-json\/wp\/v2\/media?parent=6544"}],"curies":[{"name":"wp","href":"https:\/\/api.w.org\/{rel}","templated":true}]}}