{"id":6541,"date":"2024-05-02T14:28:26","date_gmt":"2024-05-02T14:28:26","guid":{"rendered":"https:\/\/urbanmagia.pl\/?page_id=6541"},"modified":"2024-06-07T11:28:13","modified_gmt":"2024-06-07T11:28:13","slug":"tradycyjne-pajaki","status":"publish","type":"page","link":"https:\/\/urbanmagia.com\/en\/tradycyjne-pajaki\/","title":{"rendered":"Tradycyjne Paj\u0105ki"},"content":{"rendered":"<div data-elementor-type=\"wp-page\" data-elementor-id=\"6541\" class=\"elementor elementor-6541\">\n\t\t\t\t\t\t<section class=\"elementor-section elementor-top-section elementor-element elementor-element-c3f191f elementor-section-boxed elementor-section-height-default elementor-section-height-default\" data-id=\"c3f191f\" data-element_type=\"section\">\n\t\t\t\t\t\t<div class=\"elementor-container elementor-column-gap-default\">\n\t\t\t\t\t<div class=\"elementor-column elementor-col-100 elementor-top-column elementor-element elementor-element-3de360b\" data-id=\"3de360b\" data-element_type=\"column\">\n\t\t\t<div class=\"elementor-widget-wrap elementor-element-populated\">\n\t\t\t\t\t\t<div class=\"elementor-element elementor-element-460f4f3 elementor-widget elementor-widget-neuron-breadcrumbs\" data-id=\"460f4f3\" data-element_type=\"widget\" data-widget_type=\"neuron-breadcrumbs.default\">\n\t\t\t\t<div class=\"elementor-widget-container\">\n\t\t\t\n\t\t\t<div class=\"m-neuron-breadcrumbs\" aria-label=\"You are here:\">\n\t\t\t\t<span class=\"m-neuron-breadcrumbs__item\"><a href=\"https:\/\/neuronthemes.com\/manila\/\">Home<\/a><\/span> <span class=\"m-neuron-breadcrumbs__separator\"> <\/span> <span class=\"m-neuron-breadcrumbs__item\" aria-current=\"page\">Tradycyjne Paj\u0105ki<\/span>\t\t\t<\/div>\n\n\t\t   \t\t<\/div>\n\t\t\t\t<\/div>\n\t\t\t\t<div class=\"elementor-element elementor-element-2d889f9 elementor-widget elementor-widget-heading\" data-id=\"2d889f9\" data-element_type=\"widget\" data-widget_type=\"heading.default\">\n\t\t\t\t<div class=\"elementor-widget-container\">\n\t\t\t<style>\/*! elementor - v3.20.0 - 20-03-2024 *\/\n.elementor-heading-title{padding:0;margin:0;line-height:1}.elementor-widget-heading .elementor-heading-title[class*=elementor-size-]>a{color:inherit;font-size:inherit;line-height:inherit}.elementor-widget-heading .elementor-heading-title.elementor-size-small{font-size:15px}.elementor-widget-heading .elementor-heading-title.elementor-size-medium{font-size:19px}.elementor-widget-heading .elementor-heading-title.elementor-size-large{font-size:29px}.elementor-widget-heading .elementor-heading-title.elementor-size-xl{font-size:39px}.elementor-widget-heading .elementor-heading-title.elementor-size-xxl{font-size:59px}<\/style><h1 class=\"elementor-heading-title elementor-size-default\">Tradycyjne Paj\u0105ki<\/h1>\t\t<\/div>\n\t\t\t\t<\/div>\n\t\t\t\t<div class=\"elementor-element elementor-element-1ab6181 elementor-widget-divider--view-line elementor-widget elementor-widget-divider\" data-id=\"1ab6181\" data-element_type=\"widget\" data-widget_type=\"divider.default\">\n\t\t\t\t<div class=\"elementor-widget-container\">\n\t\t\t<style>\/*! elementor - v3.20.0 - 20-03-2024 *\/\n.elementor-widget-divider{--divider-border-style:none;--divider-border-width:1px;--divider-color:#0c0d0e;--divider-icon-size:20px;--divider-element-spacing:10px;--divider-pattern-height:24px;--divider-pattern-size:20px;--divider-pattern-url:none;--divider-pattern-repeat:repeat-x}.elementor-widget-divider .elementor-divider{display:flex}.elementor-widget-divider .elementor-divider__text{font-size:15px;line-height:1;max-width:95%}.elementor-widget-divider .elementor-divider__element{margin:0 var(--divider-element-spacing);flex-shrink:0}.elementor-widget-divider .elementor-icon{font-size:var(--divider-icon-size)}.elementor-widget-divider .elementor-divider-separator{display:flex;margin:0;direction:ltr}.elementor-widget-divider--view-line_icon .elementor-divider-separator,.elementor-widget-divider--view-line_text .elementor-divider-separator{align-items:center}.elementor-widget-divider--view-line_icon .elementor-divider-separator:after,.elementor-widget-divider--view-line_icon .elementor-divider-separator:before,.elementor-widget-divider--view-line_text .elementor-divider-separator:after,.elementor-widget-divider--view-line_text .elementor-divider-separator:before{display:block;content:\"\";border-block-end:0;flex-grow:1;border-block-start:var(--divider-border-width) var(--divider-border-style) var(--divider-color)}.elementor-widget-divider--element-align-left .elementor-divider .elementor-divider-separator>.elementor-divider__svg:first-of-type{flex-grow:0;flex-shrink:100}.elementor-widget-divider--element-align-left .elementor-divider-separator:before{content:none}.elementor-widget-divider--element-align-left .elementor-divider__element{margin-left:0}.elementor-widget-divider--element-align-right .elementor-divider .elementor-divider-separator>.elementor-divider__svg:last-of-type{flex-grow:0;flex-shrink:100}.elementor-widget-divider--element-align-right .elementor-divider-separator:after{content:none}.elementor-widget-divider--element-align-right .elementor-divider__element{margin-right:0}.elementor-widget-divider--element-align-start .elementor-divider .elementor-divider-separator>.elementor-divider__svg:first-of-type{flex-grow:0;flex-shrink:100}.elementor-widget-divider--element-align-start .elementor-divider-separator:before{content:none}.elementor-widget-divider--element-align-start .elementor-divider__element{margin-inline-start:0}.elementor-widget-divider--element-align-end .elementor-divider .elementor-divider-separator>.elementor-divider__svg:last-of-type{flex-grow:0;flex-shrink:100}.elementor-widget-divider--element-align-end .elementor-divider-separator:after{content:none}.elementor-widget-divider--element-align-end .elementor-divider__element{margin-inline-end:0}.elementor-widget-divider:not(.elementor-widget-divider--view-line_text):not(.elementor-widget-divider--view-line_icon) .elementor-divider-separator{border-block-start:var(--divider-border-width) var(--divider-border-style) var(--divider-color)}.elementor-widget-divider--separator-type-pattern{--divider-border-style:none}.elementor-widget-divider--separator-type-pattern.elementor-widget-divider--view-line .elementor-divider-separator,.elementor-widget-divider--separator-type-pattern:not(.elementor-widget-divider--view-line) .elementor-divider-separator:after,.elementor-widget-divider--separator-type-pattern:not(.elementor-widget-divider--view-line) .elementor-divider-separator:before,.elementor-widget-divider--separator-type-pattern:not([class*=elementor-widget-divider--view]) .elementor-divider-separator{width:100%;min-height:var(--divider-pattern-height);-webkit-mask-size:var(--divider-pattern-size) 100%;mask-size:var(--divider-pattern-size) 100%;-webkit-mask-repeat:var(--divider-pattern-repeat);mask-repeat:var(--divider-pattern-repeat);background-color:var(--divider-color);-webkit-mask-image:var(--divider-pattern-url);mask-image:var(--divider-pattern-url)}.elementor-widget-divider--no-spacing{--divider-pattern-size:auto}.elementor-widget-divider--bg-round{--divider-pattern-repeat:round}.rtl .elementor-widget-divider .elementor-divider__text{direction:rtl}.e-con-inner>.elementor-widget-divider,.e-con>.elementor-widget-divider{width:var(--container-widget-width,100%);--flex-grow:var(--container-widget-flex-grow)}<\/style>\t\t<div class=\"elementor-divider\">\n\t\t\t<span class=\"elementor-divider-separator\">\n\t\t\t\t\t\t<\/span>\n\t\t<\/div>\n\t\t\t\t<\/div>\n\t\t\t\t<\/div>\n\t\t\t\t<div class=\"elementor-element elementor-element-3737b70 l-neuron-grid-wrapper--columns__3 l-neuron-grid-wrapper-tablet--columns__2 l-neuron-grid-wrapper-mobile--columns__1 m-neuron-posts--thumbnail-top m-neuron-posts--layout-grid elementor-invisible elementor-widget elementor-widget-neuron-posts\" data-id=\"3737b70\" data-element_type=\"widget\" data-settings=\"{&quot;row_gap&quot;:{&quot;unit&quot;:&quot;px&quot;,&quot;size&quot;:56,&quot;sizes&quot;:[]},&quot;row_gap_tablet&quot;:{&quot;unit&quot;:&quot;px&quot;,&quot;size&quot;:48,&quot;sizes&quot;:[]},&quot;row_gap_mobile&quot;:{&quot;unit&quot;:&quot;px&quot;,&quot;size&quot;:32,&quot;sizes&quot;:[]},&quot;image_animation_hover&quot;:&quot;zoom-in&quot;,&quot;columns&quot;:&quot;3&quot;,&quot;columns_tablet&quot;:&quot;2&quot;,&quot;columns_mobile&quot;:&quot;1&quot;,&quot;carousel&quot;:&quot;no&quot;,&quot;layout&quot;:&quot;grid&quot;,&quot;pagination&quot;:&quot;none&quot;,&quot;animation&quot;:&quot;yes&quot;,&quot;neuron_animations&quot;:&quot;h-neuron-animation--slideUp&quot;,&quot;neuron_animations_duration&quot;:&quot;animated&quot;,&quot;animation_delay&quot;:0}\" data-widget_type=\"neuron-posts.default\">\n\t\t\t\t<div class=\"elementor-widget-container\">\n\t\t\t\t\t<div class=\"m-neuron-filters\" aria-label=\"Filters\">\n\t\t\t<ul >\n\t\t\t\t\t\t\t\t\t<li class=\"m-neuron-filters__item active\" data-filter=\"*\">Zobacz wszystkie<\/li>\n\t\t\t\t\n\t\t\t\t\t\t\t\t\t<li class=\"m-neuron-filters__item\" data-filter=\"portfolio_category-tradycyjne-pajaki\">Tradycyjne Paj\u0105ki<\/li>\n\t\t\t\t\t\t\t<\/ul>\n\t\t<\/div>\n\t\t\t\t\t\t\t\t<div class=\"l-neuron-grid\" data-masonry-id=\"1af53d4b111c329e2a9b4220e549e5df\">\n\t\t\t\t\t\t\t\t\t\t\t\t<article class=\"l-neuron-grid__item h-neuron-animation--wow m-neuron-post post-7267 portfolio type-portfolio status-publish has-post-thumbnail hentry portfolio_category-tradycyjne-pajaki\" data-id=\"7267\">\n\t\t\t\t\t\t\t\t<div class=\"m-neuron-post__inner m-neuron-post__inner--classic\">\n        \n        <a class=\"m-neuron-post__thumbnail--link\"  href=\"https:\/\/urbanmagia.com\/en\/portfolio\/pajak-krystaliczny\/\"><div class=\"m-neuron-post__thumbnail\"><img fetchpriority=\"high\" decoding=\"async\" width=\"1800\" height=\"1352\" src=\"https:\/\/urbanmagia.com\/wp-content\/uploads\/2024\/05\/pajak_krystaliczny3.jpg\" class=\"attachment-full size-full wp-post-image\" alt=\"\" srcset=\"https:\/\/urbanmagia.com\/wp-content\/uploads\/2024\/05\/pajak_krystaliczny3.jpg 1800w, https:\/\/urbanmagia.com\/wp-content\/uploads\/2024\/05\/pajak_krystaliczny3-300x225.jpg 300w, https:\/\/urbanmagia.com\/wp-content\/uploads\/2024\/05\/pajak_krystaliczny3-1024x769.jpg 1024w, https:\/\/urbanmagia.com\/wp-content\/uploads\/2024\/05\/pajak_krystaliczny3-768x577.jpg 768w, https:\/\/urbanmagia.com\/wp-content\/uploads\/2024\/05\/pajak_krystaliczny3-1536x1154.jpg 1536w, https:\/\/urbanmagia.com\/wp-content\/uploads\/2024\/05\/pajak_krystaliczny3-600x451.jpg 600w\" sizes=\"(max-width: 1800px) 100vw, 1800px\" \/><\/div><\/a><h4 class=\"m-neuron-post__title\"><a href=\"https:\/\/urbanmagia.com\/en\/portfolio\/pajak-krystaliczny\/\">Paj\u0105k Krystaliczny<\/a><\/h4><div class=\"m-neuron-post__read-more\"><a href=\"https:\/\/urbanmagia.com\/en\/portfolio\/pajak-krystaliczny\/\"><span>Zobacz<\/span><span class=\"m-neuron-post__read-more--icon\"><\/span><\/a><\/div>        \n    <\/div>\t\t\t\t\t\t\t<\/article>\n\t\t\t\t\t\t\t\t\t\t\t\t\t\t<article class=\"l-neuron-grid__item h-neuron-animation--wow m-neuron-post post-7324 portfolio type-portfolio status-publish has-post-thumbnail hentry portfolio_category-tradycyjne-pajaki\" data-id=\"7324\">\n\t\t\t\t\t\t\t\t<div class=\"m-neuron-post__inner m-neuron-post__inner--classic\">\n        \n        <a class=\"m-neuron-post__thumbnail--link\"  href=\"https:\/\/urbanmagia.com\/en\/portfolio\/pajak-obreczowy\/\"><div class=\"m-neuron-post__thumbnail\"><img decoding=\"async\" width=\"1800\" height=\"1351\" src=\"https:\/\/urbanmagia.com\/wp-content\/uploads\/2025\/12\/pajak-obreczowy-ze-wstazkami.webp\" class=\"attachment-full size-full wp-post-image\" alt=\"\" srcset=\"https:\/\/urbanmagia.com\/wp-content\/uploads\/2025\/12\/pajak-obreczowy-ze-wstazkami.webp 1800w, https:\/\/urbanmagia.com\/wp-content\/uploads\/2025\/12\/pajak-obreczowy-ze-wstazkami-300x225.webp 300w, https:\/\/urbanmagia.com\/wp-content\/uploads\/2025\/12\/pajak-obreczowy-ze-wstazkami-1024x769.webp 1024w, https:\/\/urbanmagia.com\/wp-content\/uploads\/2025\/12\/pajak-obreczowy-ze-wstazkami-768x576.webp 768w, https:\/\/urbanmagia.com\/wp-content\/uploads\/2025\/12\/pajak-obreczowy-ze-wstazkami-1536x1153.webp 1536w, https:\/\/urbanmagia.com\/wp-content\/uploads\/2025\/12\/pajak-obreczowy-ze-wstazkami-16x12.webp 16w, https:\/\/urbanmagia.com\/wp-content\/uploads\/2025\/12\/pajak-obreczowy-ze-wstazkami-1320x991.webp 1320w, https:\/\/urbanmagia.com\/wp-content\/uploads\/2025\/12\/pajak-obreczowy-ze-wstazkami-600x450.webp 600w\" sizes=\"(max-width: 1800px) 100vw, 1800px\" \/><\/div><\/a><h4 class=\"m-neuron-post__title\"><a href=\"https:\/\/urbanmagia.com\/en\/portfolio\/pajak-obreczowy\/\">Paj\u0105k Obr\u0119czowy<\/a><\/h4><div class=\"m-neuron-post__read-more\"><a href=\"https:\/\/urbanmagia.com\/en\/portfolio\/pajak-obreczowy\/\"><span>Zobacz<\/span><span class=\"m-neuron-post__read-more--icon\"><\/span><\/a><\/div>        \n    <\/div>\t\t\t\t\t\t\t<\/article>\n\t\t\t\t\t\t\t\t\t\t\t\t\t\t<article class=\"l-neuron-grid__item h-neuron-animation--wow m-neuron-post post-7333 portfolio type-portfolio status-publish has-post-thumbnail hentry portfolio_category-tradycyjne-pajaki\" data-id=\"7333\">\n\t\t\t\t\t\t\t\t<div class=\"m-neuron-post__inner m-neuron-post__inner--classic\">\n        \n        <a class=\"m-neuron-post__thumbnail--link\"  href=\"https:\/\/urbanmagia.com\/en\/portfolio\/pajak-ostroslupowy\/\"><div class=\"m-neuron-post__thumbnail\"><img decoding=\"async\" width=\"1000\" height=\"1336\" src=\"https:\/\/urbanmagia.com\/wp-content\/uploads\/2024\/05\/pajak_ostroslupowt5.jpg\" class=\"attachment-full size-full wp-post-image\" alt=\"\" srcset=\"https:\/\/urbanmagia.com\/wp-content\/uploads\/2024\/05\/pajak_ostroslupowt5.jpg 1000w, https:\/\/urbanmagia.com\/wp-content\/uploads\/2024\/05\/pajak_ostroslupowt5-225x300.jpg 225w, https:\/\/urbanmagia.com\/wp-content\/uploads\/2024\/05\/pajak_ostroslupowt5-766x1024.jpg 766w, https:\/\/urbanmagia.com\/wp-content\/uploads\/2024\/05\/pajak_ostroslupowt5-768x1026.jpg 768w, https:\/\/urbanmagia.com\/wp-content\/uploads\/2024\/05\/pajak_ostroslupowt5-600x802.jpg 600w\" sizes=\"(max-width: 1000px) 100vw, 1000px\" \/><\/div><\/a><h4 class=\"m-neuron-post__title\"><a href=\"https:\/\/urbanmagia.com\/en\/portfolio\/pajak-ostroslupowy\/\">Paj\u0105k Ostros\u0142upowy<\/a><\/h4><div class=\"m-neuron-post__read-more\"><a href=\"https:\/\/urbanmagia.com\/en\/portfolio\/pajak-ostroslupowy\/\"><span>Zobacz<\/span><span class=\"m-neuron-post__read-more--icon\"><\/span><\/a><\/div>        \n    <\/div>\t\t\t\t\t\t\t<\/article>\n\t\t\t\t\t\t\t\t\t\t\t\t\t\t<article class=\"l-neuron-grid__item h-neuron-animation--wow m-neuron-post post-7343 portfolio type-portfolio status-publish has-post-thumbnail hentry portfolio_category-tradycyjne-pajaki\" data-id=\"7343\">\n\t\t\t\t\t\t\t\t<div class=\"m-neuron-post__inner m-neuron-post__inner--classic\">\n        \n        <a class=\"m-neuron-post__thumbnail--link\"  href=\"https:\/\/urbanmagia.com\/en\/portfolio\/pajak-tarczowy\/\"><div class=\"m-neuron-post__thumbnail\"><img loading=\"lazy\" decoding=\"async\" width=\"1769\" height=\"1347\" src=\"https:\/\/urbanmagia.com\/wp-content\/uploads\/2024\/05\/pajak-tarvczowy-dobry-roxzmiar.webp\" class=\"attachment-full size-full wp-post-image\" alt=\"paj\u0105k wykonany na tarczy wytkanej kolorowymi ni\u0107mi i w\u0142\u00f3czkami, ozdobiony kalinkami czyli ozdobami z kolorowych bibu\u0142\" srcset=\"https:\/\/urbanmagia.com\/wp-content\/uploads\/2024\/05\/pajak-tarvczowy-dobry-roxzmiar.webp 1769w, https:\/\/urbanmagia.com\/wp-content\/uploads\/2024\/05\/pajak-tarvczowy-dobry-roxzmiar-300x228.webp 300w, https:\/\/urbanmagia.com\/wp-content\/uploads\/2024\/05\/pajak-tarvczowy-dobry-roxzmiar-1024x780.webp 1024w, https:\/\/urbanmagia.com\/wp-content\/uploads\/2024\/05\/pajak-tarvczowy-dobry-roxzmiar-768x585.webp 768w, https:\/\/urbanmagia.com\/wp-content\/uploads\/2024\/05\/pajak-tarvczowy-dobry-roxzmiar-1536x1170.webp 1536w, https:\/\/urbanmagia.com\/wp-content\/uploads\/2024\/05\/pajak-tarvczowy-dobry-roxzmiar-16x12.webp 16w, https:\/\/urbanmagia.com\/wp-content\/uploads\/2024\/05\/pajak-tarvczowy-dobry-roxzmiar-1320x1005.webp 1320w, https:\/\/urbanmagia.com\/wp-content\/uploads\/2024\/05\/pajak-tarvczowy-dobry-roxzmiar-600x457.webp 600w\" sizes=\"(max-width: 1769px) 100vw, 1769px\" \/><\/div><\/a><h4 class=\"m-neuron-post__title\"><a href=\"https:\/\/urbanmagia.com\/en\/portfolio\/pajak-tarczowy\/\">Paj\u0105k Tarczowy<\/a><\/h4><div class=\"m-neuron-post__read-more\"><a href=\"https:\/\/urbanmagia.com\/en\/portfolio\/pajak-tarczowy\/\"><span>Zobacz<\/span><span class=\"m-neuron-post__read-more--icon\"><\/span><\/a><\/div>        \n    <\/div>\t\t\t\t\t\t\t<\/article>\n\t\t\t\t\t\t\t\t\t\t\t<\/div>\n\t\t\t\n\t\t\t\t<\/div>\n\t\t\t\t<\/div>\n\t\t\t\t\t<\/div>\n\t\t<\/div>\n\t\t\t\t\t<\/div>\n\t\t<\/section>\n\t\t\t\t<\/div>","protected":false},"excerpt":{"rendered":"<p>Home Tradycyjne Paj\u0105ki Tradycyjne Paj\u0105ki Zobacz wszystkie Paj\u0105ki Paj\u0105k Krystaliczny Zobacz Paj\u0105k Obr\u0119czowy Zobacz Paj\u0105k Ostros\u0142upowy Zobacz Paj\u0105k Tarczowy Zobacz<\/p>","protected":false},"author":1,"featured_media":0,"parent":0,"menu_order":0,"comment_status":"closed","ping_status":"closed","template":"elementor_header_footer","meta":{"footnotes":""},"class_list":["post-6541","page","type-page","status-publish","hentry"],"jetpack_sharing_enabled":true,"_links":{"self":[{"href":"https:\/\/urbanmagia.com\/en\/wp-json\/wp\/v2\/pages\/6541","targetHints":{"allow":["GET"]}}],"collection":[{"href":"https:\/\/urbanmagia.com\/en\/wp-json\/wp\/v2\/pages"}],"about":[{"href":"https:\/\/urbanmagia.com\/en\/wp-json\/wp\/v2\/types\/page"}],"author":[{"embeddable":true,"href":"https:\/\/urbanmagia.com\/en\/wp-json\/wp\/v2\/users\/1"}],"replies":[{"embeddable":true,"href":"https:\/\/urbanmagia.com\/en\/wp-json\/wp\/v2\/comments?post=6541"}],"version-history":[{"count":28,"href":"https:\/\/urbanmagia.com\/en\/wp-json\/wp\/v2\/pages\/6541\/revisions"}],"predecessor-version":[{"id":7715,"href":"https:\/\/urbanmagia.com\/en\/wp-json\/wp\/v2\/pages\/6541\/revisions\/7715"}],"wp:attachment":[{"href":"https:\/\/urbanmagia.com\/en\/wp-json\/wp\/v2\/media?parent=6541"}],"curies":[{"name":"wp","href":"https:\/\/api.w.org\/{rel}","templated":true}]}}