{"id":6538,"date":"2024-05-02T14:26:18","date_gmt":"2024-05-02T14:26:18","guid":{"rendered":"https:\/\/urbanmagia.pl\/?page_id=6538"},"modified":"2025-11-27T09:45:48","modified_gmt":"2025-11-27T09:45:48","slug":"obrzedy-przejscia","status":"publish","type":"page","link":"https:\/\/urbanmagia.com\/en\/obrzedy-przejscia\/","title":{"rendered":"Obrz\u0119dy przej\u015bcia"},"content":{"rendered":"<div data-elementor-type=\"wp-page\" data-elementor-id=\"6538\" class=\"elementor elementor-6538\">\n\t\t\t\t<div class=\"elementor-element elementor-element-0d9b1e3 e-con-full e-flex e-con e-parent\" data-id=\"0d9b1e3\" data-element_type=\"container\" data-core-v316-plus=\"true\">\n\t\t<div class=\"elementor-element elementor-element-5c062e9 e-con-full e-flex e-con e-child\" data-id=\"5c062e9\" data-element_type=\"container\">\n\t\t\t\t<div class=\"elementor-element elementor-element-6687311 elementor-widget elementor-widget-image\" data-id=\"6687311\" data-element_type=\"widget\" data-widget_type=\"image.default\">\n\t\t\t\t<div class=\"elementor-widget-container\">\n\t\t\t<style>\/*! elementor - v3.20.0 - 20-03-2024 *\/\n.elementor-widget-image{text-align:center}.elementor-widget-image a{display:inline-block}.elementor-widget-image a img[src$=\".svg\"]{width:48px}.elementor-widget-image img{vertical-align:middle;display:inline-block}<\/style>\t\t\t\t\t\t\t\t\t\t<img fetchpriority=\"high\" decoding=\"async\" width=\"1024\" height=\"832\" src=\"https:\/\/urbanmagia.com\/wp-content\/uploads\/2024\/04\/Lalka-Przejscia_1-1024x832.jpg\" class=\"attachment-large size-large wp-image-6217\" alt=\"\" srcset=\"https:\/\/urbanmagia.com\/wp-content\/uploads\/2024\/04\/Lalka-Przejscia_1-1024x832.jpg 1024w, https:\/\/urbanmagia.com\/wp-content\/uploads\/2024\/04\/Lalka-Przejscia_1-300x244.jpg 300w, https:\/\/urbanmagia.com\/wp-content\/uploads\/2024\/04\/Lalka-Przejscia_1-768x624.jpg 768w, https:\/\/urbanmagia.com\/wp-content\/uploads\/2024\/04\/Lalka-Przejscia_1-1536x1248.jpg 1536w, https:\/\/urbanmagia.com\/wp-content\/uploads\/2024\/04\/Lalka-Przejscia_1-600x488.jpg 600w, https:\/\/urbanmagia.com\/wp-content\/uploads\/2024\/04\/Lalka-Przejscia_1.jpg 1600w\" sizes=\"(max-width: 1024px) 100vw, 1024px\" \/>\t\t\t\t\t\t\t\t\t\t\t\t\t<\/div>\n\t\t\t\t<\/div>\n\t\t\t\t<div class=\"elementor-element elementor-element-ba898c1 elementor-widget elementor-widget-heading\" data-id=\"ba898c1\" data-element_type=\"widget\" data-widget_type=\"heading.default\">\n\t\t\t\t<div class=\"elementor-widget-container\">\n\t\t\t<style>\/*! elementor - v3.20.0 - 20-03-2024 *\/\n.elementor-heading-title{padding:0;margin:0;line-height:1}.elementor-widget-heading .elementor-heading-title[class*=elementor-size-]>a{color:inherit;font-size:inherit;line-height:inherit}.elementor-widget-heading .elementor-heading-title.elementor-size-small{font-size:15px}.elementor-widget-heading .elementor-heading-title.elementor-size-medium{font-size:19px}.elementor-widget-heading .elementor-heading-title.elementor-size-large{font-size:29px}.elementor-widget-heading .elementor-heading-title.elementor-size-xl{font-size:39px}.elementor-widget-heading .elementor-heading-title.elementor-size-xxl{font-size:59px}<\/style><span class=\"elementor-heading-title elementor-size-default\">foto: Urban Magia<\/span>\t\t<\/div>\n\t\t\t\t<\/div>\n\t\t\t\t<\/div>\n\t\t<div class=\"elementor-element elementor-element-c2f82c0 e-con-full e-flex e-con e-child\" data-id=\"c2f82c0\" data-element_type=\"container\">\n\t\t\t\t<div class=\"elementor-element elementor-element-12f8cb5 elementor-widget elementor-widget-heading\" data-id=\"12f8cb5\" data-element_type=\"widget\" data-widget_type=\"heading.default\">\n\t\t\t\t<div class=\"elementor-widget-container\">\n\t\t\t<h2 class=\"elementor-heading-title elementor-size-default\">Obrz\u0119dy przej\u015bcia <\/h2>\t\t<\/div>\n\t\t\t\t<\/div>\n\t\t\t\t<div class=\"elementor-element elementor-element-3718c6a elementor-widget elementor-widget-text-editor\" data-id=\"3718c6a\" data-element_type=\"widget\" data-widget_type=\"text-editor.default\">\n\t\t\t\t<div class=\"elementor-widget-container\">\n\t\t\t<style>\/*! elementor - v3.20.0 - 20-03-2024 *\/\n.elementor-widget-text-editor.elementor-drop-cap-view-stacked .elementor-drop-cap{background-color:#69727d;color:#fff}.elementor-widget-text-editor.elementor-drop-cap-view-framed .elementor-drop-cap{color:#69727d;border:3px solid;background-color:transparent}.elementor-widget-text-editor:not(.elementor-drop-cap-view-default) .elementor-drop-cap{margin-top:8px}.elementor-widget-text-editor:not(.elementor-drop-cap-view-default) .elementor-drop-cap-letter{width:1em;height:1em}.elementor-widget-text-editor .elementor-drop-cap{float:left;text-align:center;line-height:1;font-size:50px}.elementor-widget-text-editor .elementor-drop-cap-letter{display:inline-block}<\/style>\t\t\t\t<h4>Obrz\u0119dy przej\u015bcia pomagaj\u0105 nazwa\u0107 i organizowa\u0107 procesy wok\u00f3\u0142 zmiany. Mog\u0105 to by\u0107 og\u00f3lnie znane sytuacje jak zmiana stanu cywilnego, urodzenie dziecka czy przeprowadzka, kt\u00f3re s\u0105 wydarzeniami spo\u0142ecznymi. Ale mog\u0105 by\u0107 te\u017c takie, kt\u00f3re nie odbywaj\u0105 si\u0119 w otwarto\u015bci i \u015bwietle dnia.<\/h4>\t\t\t\t\t\t<\/div>\n\t\t\t\t<\/div>\n\t\t\t\t<div class=\"elementor-element elementor-element-e83a71b elementor-widget elementor-widget-text-editor\" data-id=\"e83a71b\" data-element_type=\"widget\" data-widget_type=\"text-editor.default\">\n\t\t\t\t<div class=\"elementor-widget-container\">\n\t\t\t\t\t\t\t<p><span style=\"font-weight: 400;\">My, kobiety przechodzimy o wiele moment\u00f3w transformacji w \u017cyciu. Przechodzimy z dzieci\u0144stwa do \u015bwiata kobiet, kt\u00f3remu towarzyszy pierwsza krew miesi\u0119czna. Pr\u00f3bujemy na nowo si\u0119 odnale\u017a\u0107 po urodzeniu dziecka, rozwodzie czy poronieniu. Potrzebujemy si\u0119 przedefiniowa\u0107, wchodz\u0105c w okres menopauzy. Ka\u017cde z tych wydarze\u0144 ma potencja\u0142 transformacyjny je\u015bli tylko damy sobie na to przestrze\u0144 i obejmiemy go uwa\u017cno\u015bci\u0105. Ka\u017cde z tych wydarze\u0144 wymaga troski i zaopiekowania by mog\u0142o by\u0107 dla nas wspieraj\u0105cym wydarzeniem.\u00a0\u00a0\u00a0<\/span><\/p>\t\t\t\t\t\t<\/div>\n\t\t\t\t<\/div>\n\t\t\t\t<div class=\"elementor-element elementor-element-7f51507 elementor-widget elementor-widget-heading\" data-id=\"7f51507\" data-element_type=\"widget\" data-widget_type=\"heading.default\">\n\t\t\t\t<div class=\"elementor-widget-container\">\n\t\t\t<h2 class=\"elementor-heading-title elementor-size-default\">\nTrzy sk\u0142adowe obrz\u0119du przej\u015bcia. \n<\/h2>\t\t<\/div>\n\t\t\t\t<\/div>\n\t\t\t\t<div class=\"elementor-element elementor-element-562308b elementor-widget elementor-widget-text-editor\" data-id=\"562308b\" data-element_type=\"widget\" data-widget_type=\"text-editor.default\">\n\t\t\t\t<div class=\"elementor-widget-container\">\n\t\t\t\t\t\t\t<p><span style=\"font-weight: 400;\">Ka\u017cdy obrz\u0119d przej\u015bcia sk\u0142ada si\u0119 z 3 faz*, kt\u00f3rych akcenty r\u00f3\u017cnie mog\u0105 si\u0119 rozk\u0142ada\u0107. Ca\u0142o\u015b\u0107 procesu zaczyna si\u0119 od fazy wy\u0142\u0105czenia i po\u017cegnania tego co ju\u017c nie jest aktualne. Wa\u017cne na tym etapie jest precyzyjne nazwanie tego co odchodzi i jest do po\u017cegnania. To jak g\u0142\u0119boki wydech.\u00a0<\/span><\/p><p><span style=\"font-weight: 400;\">Drug\u0105 faz\u0105 jest przej\u015bcie. Jest to czas, w kt\u00f3rym stare struktury czy umowy ju\u017c nie dzia\u0142aj\u0105, ale nowe jeszcze si\u0119 nie pojawi\u0142y. Ten czas pomi\u0119dzy mo\u017cna por\u00f3wna\u0107 do wstrzymania oddechu po wydechu. Tutaj cz\u0119sto nie wiemy, co b\u0119dzie i nie znamy nast\u0119pnym krok\u00f3w. Jest to przestrze\u0144, w kt\u00f3rej osoba przechodz\u0105ca rytua\u0142 czasami jest sfrustrowana, zagubiona b\u0105d\u017a czuje si\u0119 bezbronna. Ten czas wymaga jeszcze wi\u0119kszej troski i uwa\u017cno\u015bci.<\/span><\/p><p><span style=\"font-weight: 400;\">Ostatni\u0105 faz\u0105, kt\u00f3r\u0105 mo\u017cna por\u00f3wna\u0107 do wdechu, jest etap przywitania tego co nowe i co chce si\u0119 zamanifestowa\u0107. Cz\u0119sto jest to nie do ko\u0144ca jasne, przejrzyste czy zrozumia\u0142e, ale tutaj trzeba pami\u0119ta\u0107, o tym, \u017ce nie da si\u0119 nowej roli nauczy\u0107 zaocznie. Nic nie zast\u0105pi naszego w\u0142asnego do\u015bwiadczenia. <\/span><\/p>\t\t\t\t\t\t<\/div>\n\t\t\t\t<\/div>\n\t\t\t\t<\/div>\n\t\t\t\t<\/div>\n\t\t<div class=\"elementor-element elementor-element-57483be e-con-full e-flex e-con e-parent\" data-id=\"57483be\" data-element_type=\"container\" data-core-v316-plus=\"true\">\n\t\t<div class=\"elementor-element elementor-element-91a14dc e-con-full e-flex e-con e-child\" data-id=\"91a14dc\" data-element_type=\"container\">\n\t\t\t\t<div class=\"elementor-element elementor-element-8cc6f1b elementor-widget elementor-widget-heading\" data-id=\"8cc6f1b\" data-element_type=\"widget\" data-widget_type=\"heading.default\">\n\t\t\t\t<div class=\"elementor-widget-container\">\n\t\t\t<h2 class=\"elementor-heading-title elementor-size-default\">Co jest potrzebne, by obrz\u0119d przej\u015bcia si\u0119 odby\u0142?<\/h2>\t\t<\/div>\n\t\t\t\t<\/div>\n\t\t\t\t<div class=\"elementor-element elementor-element-496df8b elementor-widget elementor-widget-text-editor\" data-id=\"496df8b\" data-element_type=\"widget\" data-widget_type=\"text-editor.default\">\n\t\t\t\t<div class=\"elementor-widget-container\">\n\t\t\t\t\t\t\t<p><span style=\"font-weight: 400;\">\u017beby obrz\u0119d przej\u015bcia by\u0142 wspieraj\u0105cy i tre\u015bciwy to pierwsze i najwa\u017cniejsze to potrzebna jest \u015bwiadomo\u015b\u0107 osoby przechodz\u0105cej zmian\u0119, \u017ce si\u0119 jest ona w zmianie, tu\u017c przed b\u0105d\u017a bardzo jej potrzebuje. Drugim elementem jest osoba, kt\u00f3ra asystuje i trzyma przestrze\u0144 zmiany oraz prowadzi ca\u0142y b\u0105d\u017a cz\u0119\u015b\u0107 rytua\u0142u. Najlepiej by by\u0142a to osoba, kt\u00f3ra ma do\u015bwiadczenie z przeprowadzania ludzi przez podobne sytuacje. Drugorz\u0119dne, ale r\u00f3wnie\u017c bardzo istotne s\u0105 przedmioty, elementy garderoby, przedmioty obrz\u0119dowe, kt\u00f3re pomog\u0105 nazwa\u0107 i skontaktowa\u0107 si\u0119 z tym co odchodzi i tym, co si\u0119 przywo\u0142uje.\u00a0<\/span><\/p><p><span style=\"font-weight: 400;\">Bardzo wa\u017cne jest r\u00f3wnie\u017c zabezpieczenie czasu i bezpiecznej przestrzeni by zmiana mog\u0142a si\u0119 dokona\u0107. Nie jest wskazany po\u015bpiech czy skr\u00f3ty. Dobrze kiedy s\u0105 \u015bwiadkowie zmiany, czyli kto\u015b \u017cyczliwy, kto nam towarzyszy. No i ostatnie, ale nie wiem, czy nie najwa\u017cniejsze to zaufanie do prowadzenia, do siebie, do tego co wzywa, do procesu i do prowadz\u0105cej obrz\u0119d osoby. Te wszystkie elementy s\u0105 potrzebne, \u017ceby dany rytua\u0142 by\u0142 obrz\u0119dem przej\u015bcia czy inicjacj\u0105, a nie pust\u0105 ceremoni\u0105 na pokaz. <\/span><\/p>\t\t\t\t\t\t<\/div>\n\t\t\t\t<\/div>\n\t\t\t\t<div class=\"elementor-element elementor-element-7425f9f elementor-widget elementor-widget-heading\" data-id=\"7425f9f\" data-element_type=\"widget\" data-widget_type=\"heading.default\">\n\t\t\t\t<div class=\"elementor-widget-container\">\n\t\t\t<h2 class=\"elementor-heading-title elementor-size-default\">Kobiece obrz\u0119dy przej\u015bcia\n<\/h2>\t\t<\/div>\n\t\t\t\t<\/div>\n\t\t\t\t<div class=\"elementor-element elementor-element-0249c77 elementor-widget elementor-widget-text-editor\" data-id=\"0249c77\" data-element_type=\"widget\" data-widget_type=\"text-editor.default\">\n\t\t\t\t<div class=\"elementor-widget-container\">\n\t\t\t\t\t\t\t<p><span style=\"font-weight: 400;\">O kobiecych obrz\u0119dach przej\u015bcia najwi\u0119cej nauczy\u0142y mnie same kobiety. Asystuj\u0105c siostrom kr\u0119gowym, towarzysz\u0105c kobietom, kt\u00f3re da\u0142y mi si\u0119 poprowadzi\u0107, \u015bwiadkuj\u0105c przy zmianie bliskich mi kobiet, do\u015bwiadczy\u0142am tego, czym mo\u017ce by\u0107 dobrze przeprowadzony obrz\u0119d przej\u015bcia. Du\u017co r\u00f3wnie\u017c nauczy\u0142a mnie Lalka Przej\u015bcia, o czym mo\u017cesz przeczyta\u0107 tutaj.\u00a0<\/span><\/p><p><span style=\"font-weight: 400;\">W jakich obrz\u0119dach towarzysz\u0119?\u00a0\u00a0<\/span><\/p><p><span style=\"font-weight: 400;\">Do tej pory prowadzi\u0142am i trzyma\u0142am przestrze\u0144 zmiany dla kobiet podczas Kr\u0119gu Przedporodowego, wieczoru panie\u0144skiego oraz dla kobiet kr\u0119gowych wchodz\u0105cych w swoje 50 urodziny. Staram si\u0119 odpowiada\u0107 na potrzeby i pro\u015bby wi\u0119c je\u015bli jest co\u015b, o co chcesz mnie zapyta\u0107 &#8211; &gt; pisz \u015bmia\u0142o.\u00a0<\/span><\/p><p><em><span style=\"font-weight: 400;\">*Van Ganepp, znany badacz obrz\u0119d\u00f3w przej\u015bcia nazywa poszczeg\u00f3lne fazy: <\/span><span style=\"font-weight: 400;\">preliminalna liminalna i postliminalna (przed, w i po limenie)<\/span><\/em><\/p>\t\t\t\t\t\t<\/div>\n\t\t\t\t<\/div>\n\t\t\t\t<\/div>\n\t\t<div class=\"elementor-element elementor-element-eeccfb0 e-con-full e-flex e-con e-child\" data-id=\"eeccfb0\" data-element_type=\"container\">\n\t\t\t\t<div class=\"elementor-element elementor-element-8be797b elementor-widget elementor-widget-image\" data-id=\"8be797b\" data-element_type=\"widget\" data-widget_type=\"image.default\">\n\t\t\t\t<div class=\"elementor-widget-container\">\n\t\t\t\t\t\t\t\t\t\t\t\t\t<img decoding=\"async\" width=\"1024\" height=\"863\" src=\"https:\/\/urbanmagia.com\/wp-content\/uploads\/2024\/04\/Lalka_przejscia-kopia-2-1024x863.jpg\" class=\"attachment-large size-large wp-image-6851\" alt=\"\" srcset=\"https:\/\/urbanmagia.com\/wp-content\/uploads\/2024\/04\/Lalka_przejscia-kopia-2-1024x863.jpg 1024w, https:\/\/urbanmagia.com\/wp-content\/uploads\/2024\/04\/Lalka_przejscia-kopia-2-300x253.jpg 300w, https:\/\/urbanmagia.com\/wp-content\/uploads\/2024\/04\/Lalka_przejscia-kopia-2-768x647.jpg 768w, https:\/\/urbanmagia.com\/wp-content\/uploads\/2024\/04\/Lalka_przejscia-kopia-2-1536x1294.jpg 1536w, https:\/\/urbanmagia.com\/wp-content\/uploads\/2024\/04\/Lalka_przejscia-kopia-2-600x506.jpg 600w, https:\/\/urbanmagia.com\/wp-content\/uploads\/2024\/04\/Lalka_przejscia-kopia-2.jpg 1600w\" sizes=\"(max-width: 1024px) 100vw, 1024px\" \/>\t\t\t\t\t\t\t\t\t\t\t\t\t<\/div>\n\t\t\t\t<\/div>\n\t\t\t\t<div class=\"elementor-element elementor-element-488525d elementor-widget elementor-widget-heading\" data-id=\"488525d\" data-element_type=\"widget\" data-widget_type=\"heading.default\">\n\t\t\t\t<div class=\"elementor-widget-container\">\n\t\t\t<span class=\"elementor-heading-title elementor-size-default\">foto. Urban Magia<\/span>\t\t<\/div>\n\t\t\t\t<\/div>\n\t\t\t\t<\/div>\n\t\t\t\t<\/div>\n\t\t\t\t<\/div>","protected":false},"excerpt":{"rendered":"<p>foto: Urban Magia Obrz\u0119dy przej\u015bcia Obrz\u0119dy przej\u015bcia pomagaj\u0105 nazwa\u0107 i organizowa\u0107 procesy wok\u00f3\u0142 zmiany. Mog\u0105 to by\u0107 og\u00f3lnie znane sytuacje jak zmiana stanu cywilnego, urodzenie dziecka czy przeprowadzka, kt\u00f3re s\u0105 wydarzeniami spo\u0142ecznymi. Ale mog\u0105 by\u0107 te\u017c takie, kt\u00f3re nie odbywaj\u0105 si\u0119 w otwarto\u015bci i \u015bwietle dnia. My, kobiety przechodzimy o wiele moment\u00f3w transformacji w \u017cyciu&#8230;.<\/p>","protected":false},"author":1,"featured_media":0,"parent":0,"menu_order":0,"comment_status":"closed","ping_status":"closed","template":"elementor_header_footer","meta":{"footnotes":""},"class_list":["post-6538","page","type-page","status-publish","hentry"],"jetpack_sharing_enabled":true,"_links":{"self":[{"href":"https:\/\/urbanmagia.com\/en\/wp-json\/wp\/v2\/pages\/6538","targetHints":{"allow":["GET"]}}],"collection":[{"href":"https:\/\/urbanmagia.com\/en\/wp-json\/wp\/v2\/pages"}],"about":[{"href":"https:\/\/urbanmagia.com\/en\/wp-json\/wp\/v2\/types\/page"}],"author":[{"embeddable":true,"href":"https:\/\/urbanmagia.com\/en\/wp-json\/wp\/v2\/users\/1"}],"replies":[{"embeddable":true,"href":"https:\/\/urbanmagia.com\/en\/wp-json\/wp\/v2\/comments?post=6538"}],"version-history":[{"count":13,"href":"https:\/\/urbanmagia.com\/en\/wp-json\/wp\/v2\/pages\/6538\/revisions"}],"predecessor-version":[{"id":8727,"href":"https:\/\/urbanmagia.com\/en\/wp-json\/wp\/v2\/pages\/6538\/revisions\/8727"}],"wp:attachment":[{"href":"https:\/\/urbanmagia.com\/en\/wp-json\/wp\/v2\/media?parent=6538"}],"curies":[{"name":"wp","href":"https:\/\/api.w.org\/{rel}","templated":true}]}}