{"id":2099,"date":"2021-10-18T10:37:49","date_gmt":"2021-10-18T10:37:49","guid":{"rendered":"https:\/\/neuronthemes.com\/manila\/?page_id=2099"},"modified":"2025-12-02T15:04:26","modified_gmt":"2025-12-02T15:04:26","slug":"blog","status":"publish","type":"page","link":"https:\/\/urbanmagia.com\/en\/blog\/","title":{"rendered":"Teksty"},"content":{"rendered":"<div data-elementor-type=\"wp-page\" data-elementor-id=\"2099\" class=\"elementor elementor-2099\">\n\t\t\t\t\t\t<section class=\"elementor-section elementor-top-section elementor-element elementor-element-0647fdc elementor-section-boxed elementor-section-height-default elementor-section-height-default\" data-id=\"0647fdc\" data-element_type=\"section\">\n\t\t\t\t\t\t<div class=\"elementor-container elementor-column-gap-default\">\n\t\t\t\t\t<div class=\"elementor-column elementor-col-100 elementor-top-column elementor-element elementor-element-435deb1\" data-id=\"435deb1\" data-element_type=\"column\">\n\t\t\t<div class=\"elementor-widget-wrap elementor-element-populated\">\n\t\t\t\t\t\t<div class=\"elementor-element elementor-element-81123d8 elementor-widget elementor-widget-neuron-breadcrumbs\" data-id=\"81123d8\" data-element_type=\"widget\" data-widget_type=\"neuron-breadcrumbs.default\">\n\t\t\t\t<div class=\"elementor-widget-container\">\n\t\t\t\n\t\t\t<div class=\"m-neuron-breadcrumbs\" aria-label=\"You are here:\">\n\t\t\t\t<span class=\"m-neuron-breadcrumbs__item\"><a href=\"https:\/\/neuronthemes.com\/manila\/\">Home<\/a><\/span> <span class=\"m-neuron-breadcrumbs__separator\"> <\/span> <span class=\"m-neuron-breadcrumbs__item\" aria-current=\"page\">Teksty<\/span>\t\t\t<\/div>\n\n\t\t   \t\t<\/div>\n\t\t\t\t<\/div>\n\t\t\t\t<div class=\"elementor-element elementor-element-ce9f201 elementor-widget elementor-widget-heading\" data-id=\"ce9f201\" data-element_type=\"widget\" data-widget_type=\"heading.default\">\n\t\t\t\t<div class=\"elementor-widget-container\">\n\t\t\t<style>\/*! elementor - v3.20.0 - 20-03-2024 *\/\n.elementor-heading-title{padding:0;margin:0;line-height:1}.elementor-widget-heading .elementor-heading-title[class*=elementor-size-]>a{color:inherit;font-size:inherit;line-height:inherit}.elementor-widget-heading .elementor-heading-title.elementor-size-small{font-size:15px}.elementor-widget-heading .elementor-heading-title.elementor-size-medium{font-size:19px}.elementor-widget-heading .elementor-heading-title.elementor-size-large{font-size:29px}.elementor-widget-heading .elementor-heading-title.elementor-size-xl{font-size:39px}.elementor-widget-heading .elementor-heading-title.elementor-size-xxl{font-size:59px}<\/style><h1 class=\"elementor-heading-title elementor-size-default\">UrbanMagiczny Blog<\/h1>\t\t<\/div>\n\t\t\t\t<\/div>\n\t\t\t\t<div class=\"elementor-element elementor-element-cf57990 elementor-widget-divider--view-line elementor-widget elementor-widget-divider\" data-id=\"cf57990\" data-element_type=\"widget\" data-widget_type=\"divider.default\">\n\t\t\t\t<div class=\"elementor-widget-container\">\n\t\t\t<style>\/*! elementor - v3.20.0 - 20-03-2024 *\/\n.elementor-widget-divider{--divider-border-style:none;--divider-border-width:1px;--divider-color:#0c0d0e;--divider-icon-size:20px;--divider-element-spacing:10px;--divider-pattern-height:24px;--divider-pattern-size:20px;--divider-pattern-url:none;--divider-pattern-repeat:repeat-x}.elementor-widget-divider .elementor-divider{display:flex}.elementor-widget-divider .elementor-divider__text{font-size:15px;line-height:1;max-width:95%}.elementor-widget-divider .elementor-divider__element{margin:0 var(--divider-element-spacing);flex-shrink:0}.elementor-widget-divider .elementor-icon{font-size:var(--divider-icon-size)}.elementor-widget-divider .elementor-divider-separator{display:flex;margin:0;direction:ltr}.elementor-widget-divider--view-line_icon .elementor-divider-separator,.elementor-widget-divider--view-line_text .elementor-divider-separator{align-items:center}.elementor-widget-divider--view-line_icon .elementor-divider-separator:after,.elementor-widget-divider--view-line_icon .elementor-divider-separator:before,.elementor-widget-divider--view-line_text .elementor-divider-separator:after,.elementor-widget-divider--view-line_text .elementor-divider-separator:before{display:block;content:\"\";border-block-end:0;flex-grow:1;border-block-start:var(--divider-border-width) var(--divider-border-style) var(--divider-color)}.elementor-widget-divider--element-align-left .elementor-divider .elementor-divider-separator>.elementor-divider__svg:first-of-type{flex-grow:0;flex-shrink:100}.elementor-widget-divider--element-align-left .elementor-divider-separator:before{content:none}.elementor-widget-divider--element-align-left .elementor-divider__element{margin-left:0}.elementor-widget-divider--element-align-right .elementor-divider .elementor-divider-separator>.elementor-divider__svg:last-of-type{flex-grow:0;flex-shrink:100}.elementor-widget-divider--element-align-right .elementor-divider-separator:after{content:none}.elementor-widget-divider--element-align-right .elementor-divider__element{margin-right:0}.elementor-widget-divider--element-align-start .elementor-divider .elementor-divider-separator>.elementor-divider__svg:first-of-type{flex-grow:0;flex-shrink:100}.elementor-widget-divider--element-align-start .elementor-divider-separator:before{content:none}.elementor-widget-divider--element-align-start .elementor-divider__element{margin-inline-start:0}.elementor-widget-divider--element-align-end .elementor-divider .elementor-divider-separator>.elementor-divider__svg:last-of-type{flex-grow:0;flex-shrink:100}.elementor-widget-divider--element-align-end .elementor-divider-separator:after{content:none}.elementor-widget-divider--element-align-end .elementor-divider__element{margin-inline-end:0}.elementor-widget-divider:not(.elementor-widget-divider--view-line_text):not(.elementor-widget-divider--view-line_icon) .elementor-divider-separator{border-block-start:var(--divider-border-width) var(--divider-border-style) var(--divider-color)}.elementor-widget-divider--separator-type-pattern{--divider-border-style:none}.elementor-widget-divider--separator-type-pattern.elementor-widget-divider--view-line .elementor-divider-separator,.elementor-widget-divider--separator-type-pattern:not(.elementor-widget-divider--view-line) .elementor-divider-separator:after,.elementor-widget-divider--separator-type-pattern:not(.elementor-widget-divider--view-line) .elementor-divider-separator:before,.elementor-widget-divider--separator-type-pattern:not([class*=elementor-widget-divider--view]) .elementor-divider-separator{width:100%;min-height:var(--divider-pattern-height);-webkit-mask-size:var(--divider-pattern-size) 100%;mask-size:var(--divider-pattern-size) 100%;-webkit-mask-repeat:var(--divider-pattern-repeat);mask-repeat:var(--divider-pattern-repeat);background-color:var(--divider-color);-webkit-mask-image:var(--divider-pattern-url);mask-image:var(--divider-pattern-url)}.elementor-widget-divider--no-spacing{--divider-pattern-size:auto}.elementor-widget-divider--bg-round{--divider-pattern-repeat:round}.rtl .elementor-widget-divider .elementor-divider__text{direction:rtl}.e-con-inner>.elementor-widget-divider,.e-con>.elementor-widget-divider{width:var(--container-widget-width,100%);--flex-grow:var(--container-widget-flex-grow)}<\/style>\t\t<div class=\"elementor-divider\">\n\t\t\t<span class=\"elementor-divider-separator\">\n\t\t\t\t\t\t<\/span>\n\t\t<\/div>\n\t\t\t\t<\/div>\n\t\t\t\t<\/div>\n\t\t\t\t<div class=\"elementor-element elementor-element-f239cde l-neuron-grid-wrapper--columns__3 l-neuron-grid-wrapper-tablet--columns__2 l-neuron-grid-wrapper-mobile--columns__1 m-neuron-posts--thumbnail-top m-neuron-posts--layout-grid elementor-invisible elementor-widget elementor-widget-neuron-posts\" data-id=\"f239cde\" data-element_type=\"widget\" data-settings=\"{&quot;row_gap&quot;:{&quot;unit&quot;:&quot;px&quot;,&quot;size&quot;:78,&quot;sizes&quot;:[]},&quot;image_animation_hover&quot;:&quot;zoom-in&quot;,&quot;columns&quot;:&quot;3&quot;,&quot;columns_tablet&quot;:&quot;2&quot;,&quot;columns_mobile&quot;:&quot;1&quot;,&quot;carousel&quot;:&quot;no&quot;,&quot;layout&quot;:&quot;grid&quot;,&quot;pagination&quot;:&quot;none&quot;,&quot;row_gap_tablet&quot;:{&quot;unit&quot;:&quot;px&quot;,&quot;size&quot;:&quot;&quot;,&quot;sizes&quot;:[]},&quot;row_gap_mobile&quot;:{&quot;unit&quot;:&quot;px&quot;,&quot;size&quot;:&quot;&quot;,&quot;sizes&quot;:[]},&quot;animation&quot;:&quot;yes&quot;,&quot;neuron_animations&quot;:&quot;h-neuron-animation--slideUp&quot;,&quot;neuron_animations_duration&quot;:&quot;animated&quot;,&quot;animation_delay&quot;:0}\" data-widget_type=\"neuron-posts.default\">\n\t\t\t\t<div class=\"elementor-widget-container\">\n\t\t\t\t\t<div class=\"m-neuron-filters\" aria-label=\"Filters\">\n\t\t\t<ul >\n\t\t\t\t\t\t\t\t\t<li class=\"m-neuron-filters__item active\" data-filter=\"*\">Wszystkie wpisy<\/li>\n\t\t\t\t\n\t\t\t\t\t\t\t\t\t<li class=\"m-neuron-filters__item\" data-filter=\"category-pajaki\">Paj\u0105ki<\/li>\n\t\t\t\t\t\t\t\t\t<li class=\"m-neuron-filters__item\" data-filter=\"category-lalki-mocy\">Lalki Mocy<\/li>\n\t\t\t\t\t\t\t<\/ul>\n\t\t<\/div>\n\t\t\t\t\t\t\t\t<div class=\"l-neuron-grid\" data-masonry-id=\"6eafe22ecdc492b0bd1365f8b226ed41\">\n\t\t\t\t\t\t\t\t\t\t\t\t<article class=\"l-neuron-grid__item h-neuron-animation--wow m-neuron-post post-9134 post type-post status-publish format-standard has-post-thumbnail hentry category-pajaki\" data-id=\"9134\">\n\t\t\t\t\t\t\t\t<div class=\"m-neuron-post__inner m-neuron-post__inner--classic\">\n        \n        <a class=\"m-neuron-post__thumbnail--link\"  href=\"https:\/\/urbanmagia.com\/en\/pajaki-i-podlazniki-na-nowy-rok\/\"><div class=\"m-neuron-post__thumbnail\"><img fetchpriority=\"high\" decoding=\"async\" width=\"600\" height=\"451\" src=\"https:\/\/urbanmagia.com\/wp-content\/uploads\/2025\/12\/PODLAZNIK.webp\" class=\"attachment-full size-full wp-post-image\" alt=\"wisz\u0105cy nad sto\u0142em pod\u0142a\u017anik z ga\u0142\u0119zi sosny ozdobiony lampeczkami\" srcset=\"https:\/\/urbanmagia.com\/wp-content\/uploads\/2025\/12\/PODLAZNIK.webp 600w, https:\/\/urbanmagia.com\/wp-content\/uploads\/2025\/12\/PODLAZNIK-300x226.webp 300w, https:\/\/urbanmagia.com\/wp-content\/uploads\/2025\/12\/PODLAZNIK-16x12.webp 16w\" sizes=\"(max-width: 600px) 100vw, 600px\" \/><\/div><\/a><span class=\"m-neuron-post__meta-data\"> <span class=\"date\"> December 20, 2025<\/span> <\/span><h4 class=\"m-neuron-post__title\"><a href=\"https:\/\/urbanmagia.com\/en\/pajaki-i-podlazniki-na-nowy-rok\/\">Paj\u0105ki i pod\u0142a\u017cniki na nowy czas, czyli o symbolach wplecionych w paj\u0105ka.<\/a><\/h4><div class=\"m-neuron-post__read-more\"><a href=\"https:\/\/urbanmagia.com\/en\/pajaki-i-podlazniki-na-nowy-rok\/\"><span>Czytaj wi\u0119cej<\/span><span class=\"m-neuron-post__read-more--icon\"><\/span><\/a><\/div>        \n    <\/div>\t\t\t\t\t\t\t<\/article>\n\t\t\t\t\t\t\t\t\t\t\t\t\t\t<article class=\"l-neuron-grid__item h-neuron-animation--wow m-neuron-post post-8064 post type-post status-publish format-standard has-post-thumbnail hentry category-lalki-mocy tag-lalka-mocy tag-motanka tag-strazniczka-marzen tag-zadanica\" data-id=\"8064\">\n\t\t\t\t\t\t\t\t<div class=\"m-neuron-post__inner m-neuron-post__inner--classic\">\n        \n        <a class=\"m-neuron-post__thumbnail--link\"  href=\"https:\/\/urbanmagia.com\/en\/zadanica-tradycyjna-lalka-mocy-straznika-marzen\/\"><div class=\"m-neuron-post__thumbnail\"><img decoding=\"async\" width=\"1600\" height=\"1099\" src=\"https:\/\/urbanmagia.com\/wp-content\/uploads\/2021\/09\/Zadanica2_Archiwum_urban_Magii2_72.jpg\" class=\"attachment-full size-full wp-post-image\" alt=\"\" srcset=\"https:\/\/urbanmagia.com\/wp-content\/uploads\/2021\/09\/Zadanica2_Archiwum_urban_Magii2_72.jpg 1600w, https:\/\/urbanmagia.com\/wp-content\/uploads\/2021\/09\/Zadanica2_Archiwum_urban_Magii2_72-300x206.jpg 300w, https:\/\/urbanmagia.com\/wp-content\/uploads\/2021\/09\/Zadanica2_Archiwum_urban_Magii2_72-1024x703.jpg 1024w, https:\/\/urbanmagia.com\/wp-content\/uploads\/2021\/09\/Zadanica2_Archiwum_urban_Magii2_72-768x528.jpg 768w, https:\/\/urbanmagia.com\/wp-content\/uploads\/2021\/09\/Zadanica2_Archiwum_urban_Magii2_72-1536x1055.jpg 1536w, https:\/\/urbanmagia.com\/wp-content\/uploads\/2021\/09\/Zadanica2_Archiwum_urban_Magii2_72-600x412.jpg 600w\" sizes=\"(max-width: 1600px) 100vw, 1600px\" \/><\/div><\/a><span class=\"m-neuron-post__meta-data\"> <span class=\"date\"> June 20, 2025<\/span> <\/span><h4 class=\"m-neuron-post__title\"><a href=\"https:\/\/urbanmagia.com\/en\/zadanica-tradycyjna-lalka-mocy-straznika-marzen\/\">\u017badanica. Jak formu\u0142owa\u0107 marzenie by si\u0119 spe\u0142ni\u0142o<\/a><\/h4><div class=\"m-neuron-post__read-more\"><a href=\"https:\/\/urbanmagia.com\/en\/zadanica-tradycyjna-lalka-mocy-straznika-marzen\/\"><span>Czytaj wi\u0119cej<\/span><span class=\"m-neuron-post__read-more--icon\"><\/span><\/a><\/div>        \n    <\/div>\t\t\t\t\t\t\t<\/article>\n\t\t\t\t\t\t\t\t\t\t\t\t\t\t<article class=\"l-neuron-grid__item h-neuron-animation--wow m-neuron-post post-7992 post type-post status-publish format-standard has-post-thumbnail hentry category-lalki-mocy tag-lalki-mocy tag-motanka tag-motanki tag-slavic-dolls tag-ziarnuszka\" data-id=\"7992\">\n\t\t\t\t\t\t\t\t<div class=\"m-neuron-post__inner m-neuron-post__inner--classic\">\n        \n        <a class=\"m-neuron-post__thumbnail--link\"  href=\"https:\/\/urbanmagia.com\/en\/ziarnuszka-opiekunka-serca-domu\/\"><div class=\"m-neuron-post__thumbnail\"><img decoding=\"async\" width=\"1600\" height=\"1200\" src=\"https:\/\/urbanmagia.com\/wp-content\/uploads\/2024\/04\/Ziarnuszki_1.jpg\" class=\"attachment-full size-full wp-post-image\" alt=\"\" srcset=\"https:\/\/urbanmagia.com\/wp-content\/uploads\/2024\/04\/Ziarnuszki_1.jpg 1600w, https:\/\/urbanmagia.com\/wp-content\/uploads\/2024\/04\/Ziarnuszki_1-300x225.jpg 300w, https:\/\/urbanmagia.com\/wp-content\/uploads\/2024\/04\/Ziarnuszki_1-1024x768.jpg 1024w, https:\/\/urbanmagia.com\/wp-content\/uploads\/2024\/04\/Ziarnuszki_1-768x576.jpg 768w, https:\/\/urbanmagia.com\/wp-content\/uploads\/2024\/04\/Ziarnuszki_1-1536x1152.jpg 1536w, https:\/\/urbanmagia.com\/wp-content\/uploads\/2024\/04\/Ziarnuszki_1-600x450.jpg 600w\" sizes=\"(max-width: 1600px) 100vw, 1600px\" \/><\/div><\/a><span class=\"m-neuron-post__meta-data\"> <span class=\"date\"> June 16, 2025<\/span> <\/span><h4 class=\"m-neuron-post__title\"><a href=\"https:\/\/urbanmagia.com\/en\/ziarnuszka-opiekunka-serca-domu\/\">Ziarnuszk. Jak znale\u017a\u0107 Serce Domu<\/a><\/h4><div class=\"m-neuron-post__read-more\"><a href=\"https:\/\/urbanmagia.com\/en\/ziarnuszka-opiekunka-serca-domu\/\"><span>Czytaj wi\u0119cej<\/span><span class=\"m-neuron-post__read-more--icon\"><\/span><\/a><\/div>        \n    <\/div>\t\t\t\t\t\t\t<\/article>\n\t\t\t\t\t\t\t\t\t\t\t\t\t\t<article class=\"l-neuron-grid__item h-neuron-animation--wow m-neuron-post post-1844 post type-post status-publish format-standard has-post-thumbnail hentry category-lalki-mocy\" data-id=\"1844\">\n\t\t\t\t\t\t\t\t<div class=\"m-neuron-post__inner m-neuron-post__inner--classic\">\n        \n        <a class=\"m-neuron-post__thumbnail--link\"  href=\"https:\/\/urbanmagia.com\/en\/motanka-stara-jak-swiat\/\"><div class=\"m-neuron-post__thumbnail\"><img loading=\"lazy\" decoding=\"async\" width=\"1600\" height=\"1067\" src=\"https:\/\/urbanmagia.com\/wp-content\/uploads\/2024\/05\/Kasia_Dorota2.jpg\" class=\"attachment-full size-full wp-post-image\" alt=\"\" srcset=\"https:\/\/urbanmagia.com\/wp-content\/uploads\/2024\/05\/Kasia_Dorota2.jpg 1600w, https:\/\/urbanmagia.com\/wp-content\/uploads\/2024\/05\/Kasia_Dorota2-300x200.jpg 300w, https:\/\/urbanmagia.com\/wp-content\/uploads\/2024\/05\/Kasia_Dorota2-1024x683.jpg 1024w, https:\/\/urbanmagia.com\/wp-content\/uploads\/2024\/05\/Kasia_Dorota2-768x512.jpg 768w, https:\/\/urbanmagia.com\/wp-content\/uploads\/2024\/05\/Kasia_Dorota2-1536x1024.jpg 1536w, https:\/\/urbanmagia.com\/wp-content\/uploads\/2024\/05\/Kasia_Dorota2-600x400.jpg 600w\" sizes=\"(max-width: 1600px) 100vw, 1600px\" \/><\/div><\/a><span class=\"m-neuron-post__meta-data\"> <span class=\"date\"> May 17, 2024<\/span> <\/span><h4 class=\"m-neuron-post__title\"><a href=\"https:\/\/urbanmagia.com\/en\/motanka-stara-jak-swiat\/\">Motanka stara jak \u015bwiat<\/a><\/h4><div class=\"m-neuron-post__read-more\"><a href=\"https:\/\/urbanmagia.com\/en\/motanka-stara-jak-swiat\/\"><span>Czytaj wi\u0119cej<\/span><span class=\"m-neuron-post__read-more--icon\"><\/span><\/a><\/div>        \n    <\/div>\t\t\t\t\t\t\t<\/article>\n\t\t\t\t\t\t\t\t\t\t\t\t\t\t<article class=\"l-neuron-grid__item h-neuron-animation--wow m-neuron-post post-1842 post type-post status-publish format-standard has-post-thumbnail hentry category-lalki-mocy tag-lalka-mocy tag-motanka-dla-mezczyzn tag-zielony-mezczyzna\" data-id=\"1842\">\n\t\t\t\t\t\t\t\t<div class=\"m-neuron-post__inner m-neuron-post__inner--classic\">\n        \n        <a class=\"m-neuron-post__thumbnail--link\"  href=\"https:\/\/urbanmagia.com\/en\/motanka-dla-mezczyzny-totemiczny-zielony-mezczyzna\/\"><div class=\"m-neuron-post__thumbnail\"><img loading=\"lazy\" decoding=\"async\" width=\"1916\" height=\"2560\" src=\"https:\/\/urbanmagia.com\/wp-content\/uploads\/2021\/10\/IMG_20220207_110626-1-scaled.jpg\" class=\"attachment-full size-full wp-post-image\" alt=\"\" srcset=\"https:\/\/urbanmagia.com\/wp-content\/uploads\/2021\/10\/IMG_20220207_110626-1-scaled.jpg 1916w, https:\/\/urbanmagia.com\/wp-content\/uploads\/2021\/10\/IMG_20220207_110626-1-224x300.jpg 224w, https:\/\/urbanmagia.com\/wp-content\/uploads\/2021\/10\/IMG_20220207_110626-1-766x1024.jpg 766w, https:\/\/urbanmagia.com\/wp-content\/uploads\/2021\/10\/IMG_20220207_110626-1-768x1026.jpg 768w, https:\/\/urbanmagia.com\/wp-content\/uploads\/2021\/10\/IMG_20220207_110626-1-1149x1536.jpg 1149w, https:\/\/urbanmagia.com\/wp-content\/uploads\/2021\/10\/IMG_20220207_110626-1-1532x2048.jpg 1532w, https:\/\/urbanmagia.com\/wp-content\/uploads\/2021\/10\/IMG_20220207_110626-1-600x802.jpg 600w\" sizes=\"(max-width: 1916px) 100vw, 1916px\" \/><\/div><\/a><span class=\"m-neuron-post__meta-data\"> <span class=\"date\"> May 16, 2024<\/span> <\/span><h4 class=\"m-neuron-post__title\"><a href=\"https:\/\/urbanmagia.com\/en\/motanka-dla-mezczyzny-totemiczny-zielony-mezczyzna\/\">Motanka dla M\u0119\u017cczyzny : Totemiczny Zielony M\u0119\u017cczyzna<\/a><\/h4><div class=\"m-neuron-post__read-more\"><a href=\"https:\/\/urbanmagia.com\/en\/motanka-dla-mezczyzny-totemiczny-zielony-mezczyzna\/\"><span>Czytaj wi\u0119cej<\/span><span class=\"m-neuron-post__read-more--icon\"><\/span><\/a><\/div>        \n    <\/div>\t\t\t\t\t\t\t<\/article>\n\t\t\t\t\t\t\t\t\t\t\t\t\t\t<article class=\"l-neuron-grid__item h-neuron-animation--wow m-neuron-post post-1838 post type-post status-publish format-standard has-post-thumbnail hentry category-lalki-mocy\" data-id=\"1838\">\n\t\t\t\t\t\t\t\t<div class=\"m-neuron-post__inner m-neuron-post__inner--classic\">\n        \n        <a class=\"m-neuron-post__thumbnail--link\"  href=\"https:\/\/urbanmagia.com\/en\/nietoperzynka-odnajdujaca-w-nowym\/\"><div class=\"m-neuron-post__thumbnail\"><img loading=\"lazy\" decoding=\"async\" width=\"1080\" height=\"691\" src=\"https:\/\/urbanmagia.com\/wp-content\/uploads\/2024\/05\/Nietoperzynka3.jpg\" class=\"attachment-full size-full wp-post-image\" alt=\"\" srcset=\"https:\/\/urbanmagia.com\/wp-content\/uploads\/2024\/05\/Nietoperzynka3.jpg 1080w, https:\/\/urbanmagia.com\/wp-content\/uploads\/2024\/05\/Nietoperzynka3-300x192.jpg 300w, https:\/\/urbanmagia.com\/wp-content\/uploads\/2024\/05\/Nietoperzynka3-1024x655.jpg 1024w, https:\/\/urbanmagia.com\/wp-content\/uploads\/2024\/05\/Nietoperzynka3-768x491.jpg 768w, https:\/\/urbanmagia.com\/wp-content\/uploads\/2024\/05\/Nietoperzynka3-600x384.jpg 600w\" sizes=\"(max-width: 1080px) 100vw, 1080px\" \/><\/div><\/a><span class=\"m-neuron-post__meta-data\"> <span class=\"date\"> May 15, 2024<\/span> <\/span><h4 class=\"m-neuron-post__title\"><a href=\"https:\/\/urbanmagia.com\/en\/nietoperzynka-odnajdujaca-w-nowym\/\">Nietoperzynka &#8211; Odnajduj\u0105ca W Nowym<\/a><\/h4><div class=\"m-neuron-post__read-more\"><a href=\"https:\/\/urbanmagia.com\/en\/nietoperzynka-odnajdujaca-w-nowym\/\"><span>Czytaj wi\u0119cej<\/span><span class=\"m-neuron-post__read-more--icon\"><\/span><\/a><\/div>        \n    <\/div>\t\t\t\t\t\t\t<\/article>\n\t\t\t\t\t\t\t\t\t\t\t<\/div>\n\t\t\t\n\t\t\t\t<\/div>\n\t\t\t\t<\/div>\n\t\t\t\t\t<\/div>\n\t\t<\/div>\n\t\t\t\t\t<\/div>\n\t\t<\/section>\n\t\t\t\t<\/div>","protected":false},"excerpt":{"rendered":"<p>Home Teksty UrbanMagiczny Blog Wszystkie wpisy Lalki Mocy 20 czerwca, 2025 \u017badanica, tradycyjna Lalka Mocy, stra\u017cnika marze\u0144 Czytaj wi\u0119cej 16 czerwca, 2025 ZIARNUSZKA &#8211; Opiekunka Serca Domu Czytaj wi\u0119cej 17 maja, 2024 Motanka stara jak \u015bwiat Czytaj wi\u0119cej 16 maja, 2024 Motanka dla M\u0119\u017cczyzny : Totemiczny Zielony M\u0119\u017cczyzna Czytaj wi\u0119cej 15 maja, 2024 Nietoperzynka &#8211;&#8230;<\/p>","protected":false},"author":3,"featured_media":0,"parent":0,"menu_order":0,"comment_status":"closed","ping_status":"closed","template":"","meta":{"footnotes":""},"class_list":["post-2099","page","type-page","status-publish","hentry"],"jetpack_sharing_enabled":true,"_links":{"self":[{"href":"https:\/\/urbanmagia.com\/en\/wp-json\/wp\/v2\/pages\/2099","targetHints":{"allow":["GET"]}}],"collection":[{"href":"https:\/\/urbanmagia.com\/en\/wp-json\/wp\/v2\/pages"}],"about":[{"href":"https:\/\/urbanmagia.com\/en\/wp-json\/wp\/v2\/types\/page"}],"author":[{"embeddable":true,"href":"https:\/\/urbanmagia.com\/en\/wp-json\/wp\/v2\/users\/3"}],"replies":[{"embeddable":true,"href":"https:\/\/urbanmagia.com\/en\/wp-json\/wp\/v2\/comments?post=2099"}],"version-history":[{"count":11,"href":"https:\/\/urbanmagia.com\/en\/wp-json\/wp\/v2\/pages\/2099\/revisions"}],"predecessor-version":[{"id":8855,"href":"https:\/\/urbanmagia.com\/en\/wp-json\/wp\/v2\/pages\/2099\/revisions\/8855"}],"wp:attachment":[{"href":"https:\/\/urbanmagia.com\/en\/wp-json\/wp\/v2\/media?parent=2099"}],"curies":[{"name":"wp","href":"https:\/\/api.w.org\/{rel}","templated":true}]}}